{"id":3077,"date":"2019-07-20T19:35:05","date_gmt":"2019-07-20T19:35:05","guid":{"rendered":"http:\/\/www.acuarelatourperu.com\/?page_id=3077"},"modified":"2019-12-20T21:26:00","modified_gmt":"2019-12-20T21:26:00","slug":"ruta-del-valle-del-colca","status":"publish","type":"page","link":"https:\/\/acuarelatourperu.com\/en\/ruta-del-valle-del-colca\/","title":{"rendered":"RUTA DEL VALLE DEL COLCA"},"content":{"rendered":"[vc_row][vc_column][vc_column_text]\n<h1 style=\"text-align: center;\"><span style=\"color: #02aea9;\">RUTA DEL VALLE DEL COLCA<\/span><\/h1>\n<p>\u2022 \u00a0<strong>Duraci\u00f3n: <\/strong>\u00a02 a 3 d\u00edas<\/p>\n<p>Salimos temprano de Arequipa para aprovechar la ausencia de turistas y descubrir especies comunes como: Andean Condor, Andean Goose, Gray \u2013breasted Seedsnipe, Andean avocet, Giant Hummingbird; Especies no communes: Torrent Duck, Andean Swift, Peruvian Pygmy-Owl y especies raras: Black-face Ibis, Diademed Sandpiper-Plover, Rufous-bellied Seedsnipe, Plain-mantled Tit-Spinetail.<\/p>\n<p>Teniendo as\u00ed m\u00e1s tiempo dentro del tour convencional hacia el Ca\u00f1\u00f3n y Valle del Colca.<\/p>\n<p>Incluye: Movilidad, gu\u00eda, 1 box lunch,\u00a0 hotel, desayuno<\/p>\n<p>No Incluye: Entradas, cena, almuerzos, bebidas.[\/vc_column_text][vc_row_inner gap=&#8221;5&#8243;][vc_column_inner offset=&#8221;vc_hidden-lg vc_hidden-md vc_hidden-sm&#8221;][vc_gallery type=&#8221;image_grid&#8221; images=&#8221;4174,4172,4173,4171,4168,4169,4170,4291&#8243; img_size=&#8221;medium&#8221; onclick=&#8221;custom_link&#8221; css_animation=&#8221;fadeIn&#8221;][\/vc_column_inner][\/vc_row_inner][\/vc_column][\/vc_row][vc_row][vc_column offset=&#8221;vc_hidden-xs&#8221;][vc_media_grid element_width=&#8221;2&#8243; grid_id=&#8221;vc_gid:1567705904181-132555fc-afc2-0&#8243; include=&#8221;4168,4169,4170,4171,4172,4173,4174,4291&#8243;][\/vc_column][\/vc_row][vc_row content_placement=&#8221;middle&#8221;][vc_column][vc_btn title=&#8221;COTIZAR&#8221; color=&#8221;danger&#8221; align=&#8221;center&#8221; css_animation=&#8221;zoomInRight&#8221; link=&#8221;url:http%3A%2F%2Fbit.ly%2FAcuarelaTourPeru|||&#8221;][\/vc_column][\/vc_row]","protected":false},"excerpt":{"rendered":"<p>[vc_row][vc_column][vc_column_text] RUTA DEL VALLE DEL COLCA \u2022 \u00a0Duraci\u00f3n: \u00a02 a 3 d\u00edas Salimos temprano de Arequipa para aprovechar la ausencia de turistas y descubrir especies comunes como: Andean Condor, Andean&#8230;<\/p>\n","protected":false},"author":1,"featured_media":0,"parent":0,"menu_order":0,"comment_status":"closed","ping_status":"closed","template":"","meta":{"_acf_changed":false,"footnotes":""},"class_list":["post-3077","page","type-page","status-publish","hentry"],"acf":[],"_links":{"self":[{"href":"https:\/\/acuarelatourperu.com\/en\/wp-json\/wp\/v2\/pages\/3077","targetHints":{"allow":["GET"]}}],"collection":[{"href":"https:\/\/acuarelatourperu.com\/en\/wp-json\/wp\/v2\/pages"}],"about":[{"href":"https:\/\/acuarelatourperu.com\/en\/wp-json\/wp\/v2\/types\/page"}],"author":[{"embeddable":true,"href":"https:\/\/acuarelatourperu.com\/en\/wp-json\/wp\/v2\/users\/1"}],"replies":[{"embeddable":true,"href":"https:\/\/acuarelatourperu.com\/en\/wp-json\/wp\/v2\/comments?post=3077"}],"version-history":[{"count":8,"href":"https:\/\/acuarelatourperu.com\/en\/wp-json\/wp\/v2\/pages\/3077\/revisions"}],"predecessor-version":[{"id":4686,"href":"https:\/\/acuarelatourperu.com\/en\/wp-json\/wp\/v2\/pages\/3077\/revisions\/4686"}],"wp:attachment":[{"href":"https:\/\/acuarelatourperu.com\/en\/wp-json\/wp\/v2\/media?parent=3077"}],"curies":[{"name":"wp","href":"https:\/\/api.w.org\/{rel}","templated":true}]}}