{"id":3285,"date":"2019-07-22T16:37:42","date_gmt":"2019-07-22T16:37:42","guid":{"rendered":"http:\/\/www.acuarelatourperu.com\/?page_id=3285"},"modified":"2019-12-20T16:56:53","modified_gmt":"2019-12-20T16:56:53","slug":"laguna-paron","status":"publish","type":"page","link":"https:\/\/acuarelatourperu.com\/en\/laguna-paron\/","title":{"rendered":"LAGUNA PAR\u00d3N"},"content":{"rendered":"[vc_row][vc_column][vc_column_text]\n<h1 style=\"text-align: center;\"><span style=\"color: #02aea9;\"> PARON LAGOON &#8211; FULL DAY <\/span><\/h1>\n<p>\u2022 \u00a0<strong>Duration: <\/strong>1 day<\/p>\n<p>Starting from Huaraz, we will cross the north of the Santa River valley, located between the Cordillera Blanca and the Cordillera Negra, the home of picturesque towns and cities such as Carhuaz, Mancos and Yungay, which was destroyed by an avalanche in 1970. We will have a chance to appreciate the most important snow-capped mountains of the Cordillera Blanca such as Huascar\u00e1n (6,768 m.a.s.l.), Huandoy (6,356 m.) and Hualcan (6,162 m.). Then we\u2019ll continue over to the town of Caraz (2,256 m.a.s.l.), from where we will ascend the Cordillera Blanca to enter the Par\u00f3n ravine, protected by the &#8220;Parque Nacional Huascar\u00e1n&#8221;, where the beautiful Par\u00f3n lagoon (4,185 m.a.s.l.) is located, the biggest of the Cordillera Blanca. We will get to enjoy a spectacular panorama of its turquoise waters where the image of the south-west face of the snowy Pyramid of Gracilazo is reflected (5,885 m).) and is surrounded by an impressive glacial circus of beautiful and high mountains, highlighting the snowy Huandoy and Pyramid of Gracilazo and Artesonraju (6,025m). Along the way, you\u2019ll have the chance to see a great variety of native high Andean plants. Refreshments. Return to Huaraz.<br \/>\nNight at the Hotel.<\/p>\n<p>Includes: Private transportation, hotel, guide, tickets, box lunch, return and night in Huaraz.<br \/>\n[\/vc_column_text][vc_row_inner gap=&#8221;5&#8243;][vc_column_inner offset=&#8221;vc_hidden-lg vc_hidden-md vc_hidden-sm&#8221;][vc_gallery type=&#8221;image_grid&#8221; images=&#8221;2562,3291,3290,3287,3288,3289,4387,4388&#8243; img_size=&#8221;medium&#8221; onclick=&#8221;custom_link&#8221; css_animation=&#8221;fadeIn&#8221;][\/vc_column_inner][\/vc_row_inner][\/vc_column][\/vc_row][vc_row][vc_column offset=&#8221;vc_hidden-xs&#8221;][vc_media_grid element_width=&#8221;2&#8243; grid_id=&#8221;vc_gid:1576860930047-73db6bda-fa9e-7&#8243; include=&#8221;2562,4388,3291,3288,3290,3289,3287,4387&#8243;][\/vc_column][\/vc_row][vc_row content_placement=&#8221;middle&#8221;][vc_column][vc_btn title=&#8221;COTIZAR&#8221; color=&#8221;danger&#8221; align=&#8221;center&#8221; css_animation=&#8221;zoomInRight&#8221; link=&#8221;url:http%3A%2F%2Fbit.ly%2FAcuarelaTourPeru|||&#8221;][\/vc_column][\/vc_row]","protected":false},"excerpt":{"rendered":"<p>[vc_row][vc_column][vc_column_text] PARON LAGOON &#8211; FULL DAY \u2022 \u00a0Duration: 1 day Starting from Huaraz, we will cross the north of the Santa River valley, located between the Cordillera Blanca and the&#8230;<\/p>\n","protected":false},"author":1,"featured_media":0,"parent":0,"menu_order":0,"comment_status":"closed","ping_status":"closed","template":"","meta":{"_acf_changed":false,"footnotes":""},"class_list":["post-3285","page","type-page","status-publish","hentry"],"acf":[],"_links":{"self":[{"href":"https:\/\/acuarelatourperu.com\/en\/wp-json\/wp\/v2\/pages\/3285","targetHints":{"allow":["GET"]}}],"collection":[{"href":"https:\/\/acuarelatourperu.com\/en\/wp-json\/wp\/v2\/pages"}],"about":[{"href":"https:\/\/acuarelatourperu.com\/en\/wp-json\/wp\/v2\/types\/page"}],"author":[{"embeddable":true,"href":"https:\/\/acuarelatourperu.com\/en\/wp-json\/wp\/v2\/users\/1"}],"replies":[{"embeddable":true,"href":"https:\/\/acuarelatourperu.com\/en\/wp-json\/wp\/v2\/comments?post=3285"}],"version-history":[{"count":7,"href":"https:\/\/acuarelatourperu.com\/en\/wp-json\/wp\/v2\/pages\/3285\/revisions"}],"predecessor-version":[{"id":4651,"href":"https:\/\/acuarelatourperu.com\/en\/wp-json\/wp\/v2\/pages\/3285\/revisions\/4651"}],"wp:attachment":[{"href":"https:\/\/acuarelatourperu.com\/en\/wp-json\/wp\/v2\/media?parent=3285"}],"curies":[{"name":"wp","href":"https:\/\/api.w.org\/{rel}","templated":true}]}}