{"id":3325,"date":"2019-07-22T18:04:35","date_gmt":"2019-07-22T18:04:35","guid":{"rendered":"http:\/\/www.acuarelatourperu.com\/?page_id=3325"},"modified":"2019-12-20T16:40:20","modified_gmt":"2019-12-20T16:40:20","slug":"cordillera-blanca-santa-cruz-trekk-con-llamas","status":"publish","type":"page","link":"https:\/\/acuarelatourperu.com\/en\/cordillera-blanca-santa-cruz-trekk-con-llamas\/","title":{"rendered":"CORDILLERA BLANCA SANTA CRUZ TREKK CON LLAMAS"},"content":{"rendered":"[vc_row][vc_column][vc_column_text]\n<h1 style=\"text-align: center;\"><span style=\"color: #02aea9;\">White Cordillera Santa Cruz Trek with llamas<\/span><\/h1>\n<p>\u2022 \u00a0<strong>Duration: <\/strong>4 a 6 days<\/p>\n<p>A trek through the Huascar\u00e1n Reserve admiring other snow-capped peaks such as Huantz\u00e1n Grande (6395m) and Cashan (5723m), taking us to the monumental site of Chav\u00edn de Huantar, with its spectacular reliefs and sophisticated underground structures. We\u2019ll be accompanied by a herd of llamas during this part of the tour.<\/p>\n<p>Includes: Private transportation, hotel, guide, entrance fees, llama transportation, full board, hotel, return and night in Huaraz.<br \/>\n[\/vc_column_text][vc_row_inner gap=&#8221;5&#8243;][vc_column_inner offset=&#8221;vc_hidden-lg vc_hidden-md vc_hidden-sm&#8221;][vc_gallery type=&#8221;image_grid&#8221; images=&#8221;2554,3332,3327,3331,3329,3328,3330,4264,4265,4268,4267,4269&#8243; img_size=&#8221;medium&#8221; onclick=&#8221;custom_link&#8221; css_animation=&#8221;fadeIn&#8221;][\/vc_column_inner][\/vc_row_inner][\/vc_column][\/vc_row][vc_row][vc_column offset=&#8221;vc_hidden-xs&#8221;][vc_media_grid element_width=&#8221;2&#8243; grid_id=&#8221;vc_gid:1576859933098-ca1a2541-9f44-9&#8243; include=&#8221;3329,2554,3327,3328,3332,3330,3331,4264,4265,4267,4268,4269&#8243;][\/vc_column][\/vc_row][vc_row content_placement=&#8221;middle&#8221;][vc_column][vc_btn title=&#8221;COTIZAR&#8221; color=&#8221;danger&#8221; align=&#8221;center&#8221; css_animation=&#8221;zoomInRight&#8221; link=&#8221;url:http%3A%2F%2Fbit.ly%2FAcuarelaTourPeru|||&#8221;][\/vc_column][\/vc_row]","protected":false},"excerpt":{"rendered":"<p>[vc_row][vc_column][vc_column_text] White Cordillera Santa Cruz Trek with llamas \u2022 \u00a0Duration: 4 a 6 days A trek through the Huascar\u00e1n Reserve admiring other snow-capped peaks such as Huantz\u00e1n Grande (6395m) and&#8230;<\/p>\n","protected":false},"author":1,"featured_media":0,"parent":0,"menu_order":0,"comment_status":"closed","ping_status":"closed","template":"","meta":{"_acf_changed":false,"footnotes":""},"class_list":["post-3325","page","type-page","status-publish","hentry"],"acf":[],"_links":{"self":[{"href":"https:\/\/acuarelatourperu.com\/en\/wp-json\/wp\/v2\/pages\/3325","targetHints":{"allow":["GET"]}}],"collection":[{"href":"https:\/\/acuarelatourperu.com\/en\/wp-json\/wp\/v2\/pages"}],"about":[{"href":"https:\/\/acuarelatourperu.com\/en\/wp-json\/wp\/v2\/types\/page"}],"author":[{"embeddable":true,"href":"https:\/\/acuarelatourperu.com\/en\/wp-json\/wp\/v2\/users\/1"}],"replies":[{"embeddable":true,"href":"https:\/\/acuarelatourperu.com\/en\/wp-json\/wp\/v2\/comments?post=3325"}],"version-history":[{"count":7,"href":"https:\/\/acuarelatourperu.com\/en\/wp-json\/wp\/v2\/pages\/3325\/revisions"}],"predecessor-version":[{"id":4647,"href":"https:\/\/acuarelatourperu.com\/en\/wp-json\/wp\/v2\/pages\/3325\/revisions\/4647"}],"wp:attachment":[{"href":"https:\/\/acuarelatourperu.com\/en\/wp-json\/wp\/v2\/media?parent=3325"}],"curies":[{"name":"wp","href":"https:\/\/api.w.org\/{rel}","templated":true}]}}