{"id":125,"date":"2016-04-25T03:03:05","date_gmt":"2016-04-25T03:03:05","guid":{"rendered":"http:\/\/demo.themeton.com\/travel\/?page_id=125"},"modified":"2019-09-15T19:55:30","modified_gmt":"2019-09-15T19:55:30","slug":"nosotros","status":"publish","type":"page","link":"https:\/\/acuarelatourperu.com\/es\/nosotros\/","title":{"rendered":"Nosotros"},"content":{"rendered":"[vc_row][vc_column]\n<div id=\"rev_slider_5_1_wrapper\" class=\"rev_slider_wrapper fullwidthbanner-container\" data-source=\"gallery\" style=\"margin:0px auto;background:transparent;padding:0px;margin-top:0px;margin-bottom:0px;\">\n<!-- START REVOLUTION SLIDER 5.4.8.2 fullwidth mode -->\n\t<div id=\"rev_slider_5_1\" class=\"rev_slider fullwidthabanner\" style=\"display:none;\" data-version=\"5.4.8.2\">\n<ul>\t<!-- SLIDE  -->\n\t<li data-index=\"rs-17\" data-transition=\"fade\" data-slotamount=\"default\" data-hideafterloop=\"0\" data-hideslideonmobile=\"off\"  data-easein=\"default\" data-easeout=\"default\" data-masterspeed=\"610\"  data-thumb=\"https:\/\/acuarelatourperu.com\/wp-content\/uploads\/2019\/04\/plantilla-portadas-acuarela-1-100x50.jpg\"  data-delay=\"3500\"  data-rotate=\"0\"  data-saveperformance=\"off\"  data-title=\"Slide\" data-param1=\"\" data-param2=\"\" data-param3=\"\" data-param4=\"\" data-param5=\"\" data-param6=\"\" data-param7=\"\" data-param8=\"\" data-param9=\"\" data-param10=\"\" data-description=\"\">\n\t\t<!-- MAIN IMAGE -->\n\t\t<img loading=\"lazy\" decoding=\"async\" src=\"https:\/\/acuarelatourperu.com\/wp-content\/uploads\/2019\/04\/plantilla-portadas-acuarela-1.jpg\"  alt=\"\" title=\"plantilla-portadas-acuarela\"  width=\"2000\" height=\"700\" data-bgposition=\"center center\" data-bgfit=\"cover\" data-bgrepeat=\"no-repeat\" class=\"rev-slidebg\" data-no-retina>\n\t\t<!-- LAYERS -->\n\t<\/li>\n\t<!-- SLIDE  -->\n\t<li data-index=\"rs-38\" data-transition=\"fade\" data-slotamount=\"default\" data-hideafterloop=\"0\" data-hideslideonmobile=\"off\"  data-easein=\"default\" data-easeout=\"default\" data-masterspeed=\"300\"  data-thumb=\"https:\/\/acuarelatourperu.com\/wp-content\/uploads\/2019\/04\/plantilla-portadas-acuarela5-100x50.jpg\"  data-delay=\"3500\"  data-rotate=\"0\"  data-saveperformance=\"off\"  data-title=\"Slide\" data-param1=\"\" data-param2=\"\" data-param3=\"\" data-param4=\"\" data-param5=\"\" data-param6=\"\" data-param7=\"\" data-param8=\"\" data-param9=\"\" data-param10=\"\" data-description=\"\">\n\t\t<!-- MAIN IMAGE -->\n\t\t<img loading=\"lazy\" decoding=\"async\" src=\"https:\/\/acuarelatourperu.com\/wp-content\/uploads\/2019\/04\/plantilla-portadas-acuarela5.jpg\"  alt=\"\" title=\"plantilla-portadas-acuarela5\"  width=\"2000\" height=\"700\" data-bgposition=\"center center\" data-bgfit=\"cover\" data-bgrepeat=\"no-repeat\" class=\"rev-slidebg\" data-no-retina>\n\t\t<!-- LAYERS -->\n\t<\/li>\n\t<!-- SLIDE  -->\n\t<li data-index=\"rs-18\" data-transition=\"fade\" data-slotamount=\"default\" data-hideafterloop=\"0\" data-hideslideonmobile=\"off\"  data-easein=\"default\" data-easeout=\"default\" data-masterspeed=\"300\"  data-thumb=\"https:\/\/acuarelatourperu.com\/wp-content\/uploads\/2019\/04\/plantilla-portadas-acuarela2-1-100x50.jpg\"  data-delay=\"3500\"  data-rotate=\"0\"  data-saveperformance=\"off\"  data-title=\"Slide\" data-param1=\"\" data-param2=\"\" data-param3=\"\" data-param4=\"\" data-param5=\"\" data-param6=\"\" data-param7=\"\" data-param8=\"\" data-param9=\"\" data-param10=\"\" data-description=\"\">\n\t\t<!-- MAIN IMAGE -->\n\t\t<img loading=\"lazy\" decoding=\"async\" src=\"https:\/\/acuarelatourperu.com\/wp-content\/uploads\/2019\/04\/plantilla-portadas-acuarela2-1.jpg\"  alt=\"\" title=\"plantilla-portadas-acuarela2\"  width=\"2000\" height=\"700\" data-bgposition=\"center center\" data-bgfit=\"cover\" data-bgrepeat=\"no-repeat\" class=\"rev-slidebg\" data-no-retina>\n\t\t<!-- LAYERS -->\n\t<\/li>\n\t<!-- SLIDE  -->\n\t<li data-index=\"rs-19\" data-transition=\"fade\" data-slotamount=\"default\" data-hideafterloop=\"0\" data-hideslideonmobile=\"off\"  data-easein=\"default\" data-easeout=\"default\" data-masterspeed=\"300\"  data-thumb=\"https:\/\/acuarelatourperu.com\/wp-content\/uploads\/2019\/09\/1-2-100x50.jpg\"  data-delay=\"3500\"  data-rotate=\"0\"  data-saveperformance=\"off\"  data-title=\"Slide\" data-param1=\"\" data-param2=\"\" data-param3=\"\" data-param4=\"\" data-param5=\"\" data-param6=\"\" data-param7=\"\" data-param8=\"\" data-param9=\"\" data-param10=\"\" data-description=\"\">\n\t\t<!-- MAIN IMAGE -->\n\t\t<img loading=\"lazy\" decoding=\"async\" src=\"https:\/\/acuarelatourperu.com\/wp-content\/uploads\/2019\/09\/1-2.jpg\"  alt=\"\" title=\"1\"  width=\"2000\" height=\"700\" data-bgposition=\"center center\" data-bgfit=\"cover\" data-bgrepeat=\"no-repeat\" class=\"rev-slidebg\" data-no-retina>\n\t\t<!-- LAYERS -->\n\t<\/li>\n\t<!-- SLIDE  -->\n\t<li data-index=\"rs-37\" data-transition=\"fade\" data-slotamount=\"default\" data-hideafterloop=\"0\" data-hideslideonmobile=\"off\"  data-easein=\"default\" data-easeout=\"default\" data-masterspeed=\"300\"  data-thumb=\"https:\/\/acuarelatourperu.com\/wp-content\/uploads\/2019\/04\/plantilla-portadas-acuarela4-1-100x50.jpg\"  data-delay=\"3500\"  data-rotate=\"0\"  data-saveperformance=\"off\"  data-title=\"Slide\" data-param1=\"\" data-param2=\"\" data-param3=\"\" data-param4=\"\" data-param5=\"\" data-param6=\"\" data-param7=\"\" data-param8=\"\" data-param9=\"\" data-param10=\"\" data-description=\"\">\n\t\t<!-- MAIN IMAGE -->\n\t\t<img loading=\"lazy\" decoding=\"async\" src=\"https:\/\/acuarelatourperu.com\/wp-content\/uploads\/2019\/04\/plantilla-portadas-acuarela4-1.jpg\"  alt=\"\" title=\"plantilla-portadas-acuarela4\"  width=\"2000\" height=\"700\" data-bgposition=\"center center\" data-bgfit=\"cover\" data-bgrepeat=\"no-repeat\" class=\"rev-slidebg\" data-no-retina>\n\t\t<!-- LAYERS -->\n\t<\/li>\n\t<!-- SLIDE  -->\n\t<li data-index=\"rs-139\" data-transition=\"fade\" data-slotamount=\"default\" data-hideafterloop=\"0\" data-hideslideonmobile=\"off\"  data-easein=\"default\" data-easeout=\"default\" data-masterspeed=\"300\"  data-thumb=\"https:\/\/acuarelatourperu.com\/wp-content\/uploads\/2019\/09\/2-100x50.jpg\"  data-delay=\"3500\"  data-rotate=\"0\"  data-saveperformance=\"off\"  data-title=\"Slide\" data-param1=\"\" data-param2=\"\" data-param3=\"\" data-param4=\"\" data-param5=\"\" data-param6=\"\" data-param7=\"\" data-param8=\"\" data-param9=\"\" data-param10=\"\" data-description=\"\">\n\t\t<!-- MAIN IMAGE -->\n\t\t<img loading=\"lazy\" decoding=\"async\" src=\"https:\/\/acuarelatourperu.com\/wp-content\/uploads\/2019\/09\/2.jpg\"  alt=\"\" title=\"2\"  width=\"2000\" height=\"700\" data-bgposition=\"center center\" data-bgfit=\"cover\" data-bgrepeat=\"no-repeat\" class=\"rev-slidebg\" data-no-retina>\n\t\t<!-- LAYERS -->\n\t<\/li>\n<\/ul>\n<script>var htmlDiv = document.getElementById(\"rs-plugin-settings-inline-css\"); var htmlDivCss=\"\";\r\n\t\t\t\t\t\tif(htmlDiv) {\r\n\t\t\t\t\t\t\thtmlDiv.innerHTML = htmlDiv.innerHTML + htmlDivCss;\r\n\t\t\t\t\t\t}else{\r\n\t\t\t\t\t\t\tvar htmlDiv = document.createElement(\"div\");\r\n\t\t\t\t\t\t\thtmlDiv.innerHTML = \"<style>\" + htmlDivCss + \"<\/style>\";\r\n\t\t\t\t\t\t\tdocument.getElementsByTagName(\"head\")[0].appendChild(htmlDiv.childNodes[0]);\r\n\t\t\t\t\t\t}\r\n\t\t\t\t\t<\/script>\n<div class=\"tp-bannertimer tp-bottom\" style=\"visibility: hidden !important;\"><\/div>\t<\/div>\n<script>var htmlDiv = document.getElementById(\"rs-plugin-settings-inline-css\"); var htmlDivCss=\"\";\r\n\t\t\t\tif(htmlDiv) {\r\n\t\t\t\t\thtmlDiv.innerHTML = htmlDiv.innerHTML + htmlDivCss;\r\n\t\t\t\t}else{\r\n\t\t\t\t\tvar htmlDiv = document.createElement(\"div\");\r\n\t\t\t\t\thtmlDiv.innerHTML = \"<style>\" + htmlDivCss + \"<\/style>\";\r\n\t\t\t\t\tdocument.getElementsByTagName(\"head\")[0].appendChild(htmlDiv.childNodes[0]);\r\n\t\t\t\t}\r\n\t\t\t<\/script>\n\t\t<script type=\"text\/javascript\">\r\nif (setREVStartSize!==undefined) setREVStartSize(\r\n\t{c: '#rev_slider_5_1', gridwidth: [2000], gridheight: [500], sliderLayout: 'fullwidth'});\r\n\t\t\t\r\nvar revapi5,\r\n\ttpj;\t\r\n(function() {\t\t\t\r\n\tif (!\/loaded|interactive|complete\/.test(document.readyState)) document.addEventListener(\"DOMContentLoaded\",onLoad); else onLoad();\t\r\n\tfunction onLoad() {\t\t\t\t\r\n\t\tif (tpj===undefined) { tpj = jQuery; if(\"off\" == \"on\") tpj.noConflict();}\r\n\tif(tpj(\"#rev_slider_5_1\").revolution == undefined){\n\t\trevslider_showDoubleJqueryError(\"#rev_slider_5_1\");\n\t}else{\n\t\trevapi5 = tpj(\"#rev_slider_5_1\").show().revolution({\n\t\t\tsliderType:\"standard\",\n\t\t\tjsFileLocation:\"\/\/acuarelatourperu.com\/wp-content\/plugins\/revslider\/public\/assets\/js\/\",\n\t\t\tsliderLayout:\"fullwidth\",\n\t\t\tdottedOverlay:\"none\",\n\t\t\tdelay:9000,\n\t\t\tnavigation: {\n\t\t\t\tkeyboardNavigation:\"off\",\n\t\t\t\tkeyboard_direction: \"horizontal\",\n\t\t\t\tmouseScrollNavigation:\"off\",\n \t\t\t\t\t\t\tmouseScrollReverse:\"default\",\n\t\t\t\tonHoverStop:\"off\",\n\t\t\t\tarrows: {\n\t\t\t\t\tstyle:\"hesperiden\",\n\t\t\t\t\tenable:true,\n\t\t\t\t\thide_onmobile:false,\n\t\t\t\t\thide_onleave:false,\n\t\t\t\t\ttmp:'',\n\t\t\t\t\tleft: {\n\t\t\t\t\t\th_align:\"left\",\n\t\t\t\t\t\tv_align:\"center\",\n\t\t\t\t\t\th_offset:20,\n\t\t\t\t\t\tv_offset:0\n\t\t\t\t\t},\n\t\t\t\t\tright: {\n\t\t\t\t\t\th_align:\"right\",\n\t\t\t\t\t\tv_align:\"center\",\n\t\t\t\t\t\th_offset:20,\n\t\t\t\t\t\tv_offset:0\n\t\t\t\t\t}\n\t\t\t\t}\n\t\t\t},\n\t\t\tvisibilityLevels:[1240,1024,778,480],\n\t\t\tgridwidth:2000,\n\t\t\tgridheight:500,\n\t\t\tlazyType:\"none\",\n\t\t\tshadow:0,\n\t\t\tspinner:\"spinner0\",\n\t\t\tstopLoop:\"off\",\n\t\t\tstopAfterLoops:-1,\n\t\t\tstopAtSlide:-1,\n\t\t\tshuffle:\"off\",\n\t\t\tautoHeight:\"off\",\n\t\t\tdisableProgressBar:\"on\",\n\t\t\thideThumbsOnMobile:\"off\",\n\t\t\thideSliderAtLimit:0,\n\t\t\thideCaptionAtLimit:0,\n\t\t\thideAllCaptionAtLilmit:0,\n\t\t\tdebugMode:false,\n\t\t\tfallbacks: {\n\t\t\t\tsimplifyAll:\"off\",\n\t\t\t\tnextSlideOnWindowFocus:\"off\",\n\t\t\t\tdisableFocusListener:false,\n\t\t\t}\n\t\t});\n\t}; \/* END OF revapi call *\/\n\t\n }; \/* END OF ON LOAD FUNCTION *\/\r\n}()); \/* END OF WRAPPING FUNCTION *\/\r\n<\/script>\r\n\t\t<script>\r\n\t\t\t\t\tvar htmlDivCss = unescape(\".hesperiden.tparrows%20%7B%0A%09cursor%3Apointer%3B%0A%09background%3Argba%280%2C0%2C0%2C0.5%29%3B%0A%09width%3A40px%3B%0A%09height%3A40px%3B%0A%09position%3Aabsolute%3B%0A%09display%3Ablock%3B%0A%09z-index%3A100%3B%0A%20%20%20%20border-radius%3A%2050%25%3B%0A%7D%0A.hesperiden.tparrows%3Ahover%20%7B%0A%09background%3Argba%280%2C%200%2C%200%2C%201%29%3B%0A%7D%0A.hesperiden.tparrows%3Abefore%20%7B%0A%09font-family%3A%20%22revicons%22%3B%0A%09font-size%3A20px%3B%0A%09color%3Argb%28255%2C%20255%2C%20255%29%3B%0A%09display%3Ablock%3B%0A%09line-height%3A%2040px%3B%0A%09text-align%3A%20center%3B%0A%7D%0A.hesperiden.tparrows.tp-leftarrow%3Abefore%20%7B%0A%09content%3A%20%22%5Ce82c%22%3B%0A%20%20%20%20margin-left%3A-3px%3B%0A%7D%0A.hesperiden.tparrows.tp-rightarrow%3Abefore%20%7B%0A%09content%3A%20%22%5Ce82d%22%3B%0A%20%20%20%20margin-right%3A-3px%3B%0A%7D%0A\");\r\n\t\t\t\t\tvar htmlDiv = document.getElementById('rs-plugin-settings-inline-css');\r\n\t\t\t\t\tif(htmlDiv) {\r\n\t\t\t\t\t\thtmlDiv.innerHTML = htmlDiv.innerHTML + htmlDivCss;\r\n\t\t\t\t\t}\r\n\t\t\t\t\telse{\r\n\t\t\t\t\t\tvar htmlDiv = document.createElement('div');\r\n\t\t\t\t\t\thtmlDiv.innerHTML = '<style>' + htmlDivCss + '<\/style>';\r\n\t\t\t\t\t\tdocument.getElementsByTagName('head')[0].appendChild(htmlDiv.childNodes[0]);\r\n\t\t\t\t\t}\r\n\t\t\t\t  <\/script>\r\n\t\t\t\t<\/div><!-- END REVOLUTION SLIDER -->[\/vc_column][\/vc_row][vc_row one_page_section=\u00bbyes\u00bb one_page_label=\u00bbServices\u00bb one_page_slug=\u00bbservices\u00bb css=\u00bb.vc_custom_1561559987054{padding-top: 20px !important;padding-bottom: 120px !important;}\u00bb][vc_column css=\u00bb.vc_custom_1461227943574{padding-top: 0px !important;padding-bottom: 0px !important;}\u00bb][vc_column_text]\n<h2 style=\"text-align: center;\"><span style=\"color: #3db0b3;\"><strong>NOSOTROS<\/strong><\/span><\/h2>\n[\/vc_column_text][vc_empty_space height=\u00bb10PX\u00bb][vc_column_text]<strong>ACUARELA TOUR PERU<\/strong> naci\u00f3 de la voluntad de dos Arequipe\u00f1os: Carla Liz\u00e1rraga, y Omar Quintana, queriendo mostrar a la gente, las bellezas de Per\u00fa, sus monta\u00f1as d\u00f3nde los pe\u00f1ascos se entremezclan entre bellos paisajes de color que forman una Acuarela acompa\u00f1ado de sus terrazas; sin olvidar sus plantas, sus animales y los habitantes llenos de historia y mucha amabilidad para el visitante.<\/p>\n<p>Per\u00fa se tiene que descubrir!, con su costa des\u00e9rtica, testigo pre inca de las culturas cuya magia queda escondida bajo la aridez de un suelo ardiente y donde las diferentes l\u00edneas de Nazca son todav\u00eda un misterio, totalmente como los petroglifos de Toro Muerto en el desierto de Arequipa o los de Pusharo en la selva amaz\u00f3nica, una regi\u00f3n rica en biodiversidad con m\u00e1s de 1800 especies de aves para satisfacer la curiosidad de los ornit\u00f3logos o aficionados.[\/vc_column_text][\/vc_column][\/vc_row][vc_row][vc_column width=\u00bb1\/4&#8243; horizontal_align=\u00bbcenter\u00bb vertical_align=\u00bbmiddle\u00bb][vc_single_image image=\u00bb2886&#8243; img_size=\u00bbmedium\u00bb style=\u00bbvc_box_circle_2&#8243;][\/vc_column][vc_column width=\u00bb3\/4&#8243;][vc_column_text]\n<p class=\"Cuerpo\"><b>Carla<\/b>, naci\u00f3 en la ciudad de Arequipa, y creci\u00f3 en el campo, ama la naturaleza y una de sus pasiones es aprovechar las propiedades de las plantas. Realiz\u00f3 sus estudios en Turismo y Hoteler\u00eda y r\u00e1pidamente entro a trabajar en Ingles como gu\u00eda, donde adquiri\u00f3 experiencia en Turismo Receptivo y en muchas agencias de viajes por varios a\u00f1os; despu\u00e9s viajo a Europa para trabajar en el Crucero de Costa Crocciere. Luego parti\u00f3 a Francia donde aprendi\u00f3 el idioma y regreso a Per\u00fa para mostrarle al mundo nuevos destinos en su amado pa\u00eds. Finalmente tuvo su familia y decidi\u00f3 trabajar desde casa o como ella dice: \u201cMi oficina est\u00e1 donde quiera me encuentre, ya sea en la playa o sobre las monta\u00f1as a 4000 metros\u201d; ayuda a los visitantes a tener una experiencia inolvidable en Per\u00fa con buenos consejos y la organizaci\u00f3n de circuitos; trabaja tambi\u00e9n como gu\u00eda y como acompa\u00f1ante de viajes a nivel local y nacional desde el 2006 con una gran sonrisa y un gran profesionalismo.<\/p>\n[\/vc_column_text][\/vc_column][\/vc_row][vc_row][vc_column][vc_empty_space][\/vc_column][\/vc_row][vc_row][vc_column width=\u00bb1\/4&#8243; horizontal_align=\u00bbcenter\u00bb vertical_align=\u00bbmiddle\u00bb][vc_single_image image=\u00bb2888&#8243; img_size=\u00bbmedium\u00bb style=\u00bbvc_box_circle_2&#8243;][\/vc_column][vc_column width=\u00bb3\/4&#8243;][vc_column_text]\n<p class=\"Cuerpo\"><b>Omar<\/b>: Naci\u00f3 en Mollendo, y creci\u00f3 cerca al mar, adora las especies de aves y es un gran aficionado a su observaci\u00f3n. Estudi\u00f3 Turismo y Hoteler\u00eda en Arequipa y trabajo varios a\u00f1os haciendo el trekking en uno de los Ca\u00f1ones m\u00e1s profundos del Mundo, El Colca.<\/p>\n<p class=\"Cuerpo\">Adquiri\u00f3 mucha experiencia en Viajes de Aventura. Luego viajo al extranjero para aprender m\u00e1s del idioma Ingles y trabajo en el Caribe, dando clases de buceo. Retorno al Per\u00fa y su pasi\u00f3n por la Aventura lo lleva aun a descubrir nuevos circuitos por las m\u00e1s altas monta\u00f1as, trabajando con Carla ofrecen nuevos destinos como tambi\u00e9n las rutas convencionales. Es gu\u00eda de Aventura y acompa\u00f1ante de viajes a nivel Local y Nacional desde el 2002 con un gran conocimiento de la cultura y un gran amor por la Madre Tierra y las monta\u00f1as.<\/p>\n[\/vc_column_text][\/vc_column][\/vc_row][vc_row][vc_column][vc_empty_space][vc_separator color=\u00bbturquoise\u00bb][vc_empty_space][\/vc_column][\/vc_row][vc_row][vc_column][vc_column_text]\n<p class=\"Cuerpo\" style=\"text-align: center;\">Lo invitamos a descubrir nuestra historia ancestral.<\/p>\n<p class=\"Cuerpo\" style=\"text-align: center;\">Cuyo deseo nos conduce a observar esta tierra con tanto amor para su conservaci\u00f3n y su respeto de la naturaleza. Por qu\u00e9 no con un tratamiento personalizado, un viaje inolvidable y extraordinario.<\/p>\n<p class=\"Cuerpo\" style=\"text-align: center;\">Es Per\u00fa y Bolivia que queremos hacerle descubrir de manera especial\u2026 Entonces, venga con nosotros para ver esta magia que todav\u00eda late en este rinc\u00f3n del mundo.<\/p>\n<p class=\"Cuerpo\" style=\"text-align: center;\">Ay\u00fadanos a plantar! En Acuarela, tenemos proyectos de reforestaci\u00f3n, por cada cliente se sembrara un \u00e1rbol t\u00edpico de Per\u00fa: Que\u00f1ua (Polylepis besserique) que crece en las alturas, ayudando a las diferentes especies a mejorar su Habitad. Cada Que\u00f1ua llevara el nombre de nuestros clientes, recordando no solo su visita por Per\u00fa, sino dejando un bello recuerdo viviente por su gran ayuda.<\/p>\n[\/vc_column_text][\/vc_column][\/vc_row][vc_row][vc_column][vc_facebook type=\u00bbbutton_count\u00bb css_animation=\u00bbfadeIn\u00bb][\/vc_column][\/vc_row]","protected":false},"excerpt":{"rendered":"<p>[vc_row][vc_column][\/vc_column][\/vc_row][vc_row one_page_section=\u00bbyes\u00bb one_page_label=\u00bbServices\u00bb one_page_slug=\u00bbservices\u00bb css=\u00bb.vc_custom_1561559987054{padding-top: 20px !important;padding-bottom: 120px !important;}\u00bb][vc_column css=\u00bb.vc_custom_1461227943574{padding-top: 0px !important;padding-bottom: 0px !important;}\u00bb][vc_column_text] NOSOTROS [\/vc_column_text][vc_empty_space height=\u00bb10PX\u00bb][vc_column_text]ACUARELA TOUR PERU naci\u00f3 de la voluntad de dos Arequipe\u00f1os: Carla Liz\u00e1rraga, y Omar&#8230;<\/p>\n","protected":false},"author":1,"featured_media":0,"parent":0,"menu_order":0,"comment_status":"closed","ping_status":"closed","template":"","meta":{"_acf_changed":false,"footnotes":""},"class_list":["post-125","page","type-page","status-publish","hentry"],"acf":[],"_links":{"self":[{"href":"https:\/\/acuarelatourperu.com\/es\/wp-json\/wp\/v2\/pages\/125","targetHints":{"allow":["GET"]}}],"collection":[{"href":"https:\/\/acuarelatourperu.com\/es\/wp-json\/wp\/v2\/pages"}],"about":[{"href":"https:\/\/acuarelatourperu.com\/es\/wp-json\/wp\/v2\/types\/page"}],"author":[{"embeddable":true,"href":"https:\/\/acuarelatourperu.com\/es\/wp-json\/wp\/v2\/users\/1"}],"replies":[{"embeddable":true,"href":"https:\/\/acuarelatourperu.com\/es\/wp-json\/wp\/v2\/comments?post=125"}],"version-history":[{"count":23,"href":"https:\/\/acuarelatourperu.com\/es\/wp-json\/wp\/v2\/pages\/125\/revisions"}],"predecessor-version":[{"id":4510,"href":"https:\/\/acuarelatourperu.com\/es\/wp-json\/wp\/v2\/pages\/125\/revisions\/4510"}],"wp:attachment":[{"href":"https:\/\/acuarelatourperu.com\/es\/wp-json\/wp\/v2\/media?parent=125"}],"curies":[{"name":"wp","href":"https:\/\/api.w.org\/{rel}","templated":true}]}}