{"id":132,"date":"2016-04-25T03:14:19","date_gmt":"2016-04-25T03:14:19","guid":{"rendered":"http:\/\/demo.themeton.com\/travel\/?page_id=132"},"modified":"2019-09-15T20:52:36","modified_gmt":"2019-09-15T20:52:36","slug":"contacts","status":"publish","type":"page","link":"https:\/\/acuarelatourperu.com\/es\/contacts\/","title":{"rendered":"CONT\u00c1CTANOS"},"content":{"rendered":"[vc_row][vc_column][vc_empty_space height=\u00bb20PX\u00bb][\/vc_column][\/vc_row][vc_row][vc_column width=\u00bb2\/3&#8243;][vc_custom_heading text=\u00bbCONT\u00c1CTANOS\u00bb font_container=\u00bbtag:h1|text_align:center\u00bb][vc_empty_space height=\u00bb22px\u00bb][vc_column_text]\n<p style=\"text-align: left;\">Acuarela Tour Peru tiene su base en Per\u00fa. Puede contactarse con nosotros por correo electr\u00f3nico o por tel\u00e9fono, o rellenando el siguiente formulario:<\/p>\n[\/vc_column_text]\n<div class=\"wpcf7 no-js\" id=\"wpcf7-f2155-o1\" lang=\"es-ES\" dir=\"ltr\" data-wpcf7-id=\"2155\">\n<div class=\"screen-reader-response\"><p role=\"status\" aria-live=\"polite\" aria-atomic=\"true\"><\/p> <ul><\/ul><\/div>\n<form action=\"\/es\/wp-json\/wp\/v2\/pages\/132#wpcf7-f2155-o1\" method=\"post\" class=\"wpcf7-form init\" aria-label=\"Formulario de contacto\" novalidate=\"novalidate\" data-status=\"init\">\n<fieldset class=\"hidden-fields-container\"><input type=\"hidden\" name=\"_wpcf7\" value=\"2155\" \/><input type=\"hidden\" name=\"_wpcf7_version\" value=\"6.1.1\" \/><input type=\"hidden\" name=\"_wpcf7_locale\" value=\"es_ES\" \/><input type=\"hidden\" name=\"_wpcf7_unit_tag\" value=\"wpcf7-f2155-o1\" \/><input type=\"hidden\" name=\"_wpcf7_container_post\" value=\"0\" \/><input type=\"hidden\" name=\"_wpcf7_posted_data_hash\" value=\"\" \/>\n<\/fieldset>\n<p><label> Nombre (requerido)<br \/>\n<span class=\"wpcf7-form-control-wrap\" data-name=\"your-name\"><input size=\"40\" maxlength=\"400\" class=\"wpcf7-form-control wpcf7-text wpcf7-validates-as-required\" aria-required=\"true\" aria-invalid=\"false\" value=\"\" type=\"text\" name=\"your-name\" \/><\/span> <\/label>\n<\/p>\n<p><label> Apellido (requerido)<br \/>\n<span class=\"wpcf7-form-control-wrap\" data-name=\"apellido\"><input size=\"40\" maxlength=\"400\" class=\"wpcf7-form-control wpcf7-text wpcf7-validates-as-required\" aria-required=\"true\" aria-invalid=\"false\" value=\"\" type=\"text\" name=\"apellido\" \/><\/span> <\/label>\n<\/p>\n<p><label> Tu correo electr\u00f3nico (requerido)<br \/>\n<span class=\"wpcf7-form-control-wrap\" data-name=\"your-email\"><input size=\"40\" maxlength=\"400\" class=\"wpcf7-form-control wpcf7-email wpcf7-validates-as-required wpcf7-text wpcf7-validates-as-email\" aria-required=\"true\" aria-invalid=\"false\" value=\"\" type=\"email\" name=\"your-email\" \/><\/span> <\/label>\n<\/p>\n<p><label> Tel\u00e9fono (requerido)<br \/>\n<span class=\"wpcf7-form-control-wrap\" data-name=\"Telefono\"><input size=\"40\" maxlength=\"400\" class=\"wpcf7-form-control wpcf7-tel wpcf7-validates-as-required wpcf7-text wpcf7-validates-as-tel\" aria-required=\"true\" aria-invalid=\"false\" value=\"\" type=\"tel\" name=\"Telefono\" \/><\/span> <\/label>\n<\/p>\n<p><label> Asunto<br \/>\n<span class=\"wpcf7-form-control-wrap\" data-name=\"your-subject\"><input size=\"40\" maxlength=\"400\" class=\"wpcf7-form-control wpcf7-text\" aria-invalid=\"false\" value=\"\" type=\"text\" name=\"your-subject\" \/><\/span> <\/label>\n<\/p>\n<p><label> Mensaje<br \/>\n<span class=\"wpcf7-form-control-wrap\" data-name=\"your-message\"><textarea cols=\"40\" rows=\"10\" maxlength=\"2000\" class=\"wpcf7-form-control wpcf7-textarea\" aria-invalid=\"false\" name=\"your-message\"><\/textarea><\/span> <\/label>\n<\/p>\n<p><input class=\"wpcf7-form-control wpcf7-submit has-spinner\" type=\"submit\" value=\"Enviar\" \/>\n<\/p><div class=\"wpcf7-response-output\" aria-hidden=\"true\"><\/div>\n<\/form>\n<\/div>\n[\/vc_column][vc_column width=\u00bb1\/3&#8243; css=\u00bb.vc_custom_1561427370168{background-color: #36c9bd !important;}\u00bb][vc_empty_space][vc_column_text]\n<h3 style=\"text-align: center;\"><\/h3>\n<h2 style=\"text-align: left;\"><strong><span style=\"color: #ffffff;\">Por favor, ll\u00e1menos a Per\u00fa:<\/span><\/strong><\/h2>\n<p>&nbsp;<\/p>\n<p style=\"text-align: left;\"><span style=\"color: #ffffff;\">Cont\u00e1ctenos por tel\u00e9fono o whastapp, de lunes a viernes, de 8:30 a 18.30, el s\u00e1bado de 8.30 a 15.30 (hora peruana, GMT\u20135).<\/span><\/p>\n<p style=\"text-align: left;\"><span style=\"color: #ffffff;\">Whatsapp: +51 932377143<\/span><\/p>\n<p style=\"text-align: left;\"><span style=\"color: #ffffff;\"><a style=\"color: #ffffff;\" href=\"http:\/\/www.acuarelatourperu.com\/wp-content\/uploads\/2019\/09\/LOCACION-1.png\"><img loading=\"lazy\" decoding=\"async\" class=\"alignnone wp-image-4306\" src=\"http:\/\/www.acuarelatourperu.com\/wp-content\/uploads\/2019\/09\/LOCACION-1.png\" alt=\"\" width=\"23\" height=\"15\" \/><\/a>Av. Jose Olaya 201, Urb. La Libertad, Cerro Colorado, Arequipa &#8211; Peru<\/span><\/p>\n<p style=\"text-align: left;\"><span style=\"color: #ffffff;\"><a style=\"color: #ffffff;\" href=\"http:\/\/www.acuarelatourperu.com\/wp-content\/uploads\/2019\/09\/TELEFONO-1.png\"><img loading=\"lazy\" decoding=\"async\" class=\"alignnone wp-image-4305\" src=\"http:\/\/www.acuarelatourperu.com\/wp-content\/uploads\/2019\/09\/TELEFONO-1.png\" alt=\"\" width=\"23\" height=\"15\" \/><\/a>+51 +54 329036, +51 959316772<\/span><\/p>\n<p style=\"text-align: left;\"><span style=\"color: #ffffff;\"><a style=\"color: #ffffff;\" href=\"http:\/\/www.acuarelatourperu.com\/wp-content\/uploads\/2019\/09\/CORREO-1.png\"><img loading=\"lazy\" decoding=\"async\" class=\"alignnone wp-image-4307\" src=\"http:\/\/www.acuarelatourperu.com\/wp-content\/uploads\/2019\/09\/CORREO-1.png\" alt=\"\" width=\"34\" height=\"15\" \/><\/a><a style=\"color: #ffffff;\" href=\"http:\/\/www.acuarelatourperu.com\/wp-content\/uploads\/2019\/09\/CORREO.png\">\u00a0info@acuarelatourperu.com<\/a><\/span><\/p>\n[\/vc_column_text][vc_empty_space height=\u00bb150&#8243;][\/vc_column][\/vc_row]","protected":false},"excerpt":{"rendered":"<p>[vc_row][vc_column][vc_empty_space height=\u00bb20PX\u00bb][\/vc_column][\/vc_row][vc_row][vc_column width=\u00bb2\/3&#8243;][vc_custom_heading text=\u00bbCONT\u00c1CTANOS\u00bb font_container=\u00bbtag:h1|text_align:center\u00bb][vc_empty_space height=\u00bb22px\u00bb][vc_column_text] Acuarela Tour Peru tiene su base en Per\u00fa. Puede contactarse con nosotros por correo electr\u00f3nico o por tel\u00e9fono, o rellenando el siguiente formulario: [\/vc_column_text][\/vc_column][vc_column&#8230;<\/p>\n","protected":false},"author":1,"featured_media":0,"parent":0,"menu_order":0,"comment_status":"closed","ping_status":"closed","template":"","meta":{"_acf_changed":false,"footnotes":""},"class_list":["post-132","page","type-page","status-publish","hentry"],"acf":[],"_links":{"self":[{"href":"https:\/\/acuarelatourperu.com\/es\/wp-json\/wp\/v2\/pages\/132","targetHints":{"allow":["GET"]}}],"collection":[{"href":"https:\/\/acuarelatourperu.com\/es\/wp-json\/wp\/v2\/pages"}],"about":[{"href":"https:\/\/acuarelatourperu.com\/es\/wp-json\/wp\/v2\/types\/page"}],"author":[{"embeddable":true,"href":"https:\/\/acuarelatourperu.com\/es\/wp-json\/wp\/v2\/users\/1"}],"replies":[{"embeddable":true,"href":"https:\/\/acuarelatourperu.com\/es\/wp-json\/wp\/v2\/comments?post=132"}],"version-history":[{"count":42,"href":"https:\/\/acuarelatourperu.com\/es\/wp-json\/wp\/v2\/pages\/132\/revisions"}],"predecessor-version":[{"id":4519,"href":"https:\/\/acuarelatourperu.com\/es\/wp-json\/wp\/v2\/pages\/132\/revisions\/4519"}],"wp:attachment":[{"href":"https:\/\/acuarelatourperu.com\/es\/wp-json\/wp\/v2\/media?parent=132"}],"curies":[{"name":"wp","href":"https:\/\/api.w.org\/{rel}","templated":true}]}}