{"id":2044,"date":"2019-02-22T20:01:01","date_gmt":"2019-02-22T20:01:01","guid":{"rendered":"http:\/\/www.acuarelatourperu.com\/?page_id=2044"},"modified":"2019-12-20T21:05:47","modified_gmt":"2019-12-20T21:05:47","slug":"excursiones","status":"publish","type":"page","link":"https:\/\/acuarelatourperu.com\/es\/excursiones\/","title":{"rendered":"Excursiones"},"content":{"rendered":"[vc_row content_placement=\u00bbmiddle\u00bb][vc_column width=\u00bb1\/2&#8243;][vc_gallery type=\u00bbflexslider_slide\u00bb interval=\u00bb3&#8243; images=\u00bb3821,3822,3824&#8243; img_size=\u00bb600&#215;350&#8243; onclick=\u00bb\u00bb][\/vc_column][vc_column width=\u00bb1\/2&#8243;][vc_column_text]\n<h3 style=\"text-align: center;\"><span style=\"color: #302f2f;\">Tour Convencional<\/span><\/h3>\n[\/vc_column_text][vc_column_text]\n<p style=\"text-align: justify;\">Un viaje controlado, una experiencia lejos de casa, una excusa para preparar nuestras maletas y emprender nuestro viaje. Visitar cada rinc\u00f3n de este pa\u00eds\u2026<\/p>\n[\/vc_column_text][vc_btn title=\u00bbExplorar\u00bb color=\u00bbturquoise\u00bb align=\u00bbcenter\u00bb link=\u00bburl:http%3A%2F%2Fwww.acuarelatourperu.com%2Ftour-convencional%2F|||\u00bb][\/vc_column][\/vc_row][vc_row][vc_column][vc_empty_space height=\u00bb50px\u00bb][\/vc_column][\/vc_row][vc_row content_placement=\u00bbmiddle\u00bb][vc_column width=\u00bb1\/2&#8243;][vc_gallery type=\u00bbflexslider_slide\u00bb interval=\u00bb3&#8243; images=\u00bb3826,3828,3827&#8243; img_size=\u00bb600&#215;350&#8243; onclick=\u00bb\u00bb][\/vc_column][vc_column width=\u00bb1\/2&#8243;][vc_column_text]\n<h3 style=\"text-align: center;\"><span style=\"color: #302f2f;\">Tour de Aventura<\/span><\/h3>\n[\/vc_column_text][vc_column_text]\n<p style=\"text-align: justify;\">Conquistar el mundo sobre las suela de los zapatos, es conocer la verdadera cultura del residente. Cada sendero entre monta\u00f1as y ca\u00f1ones nos conduce hacia una inolvidable aventura.<\/p>\n[\/vc_column_text][vc_btn title=\u00bbExplorar\u00bb color=\u00bbturquoise\u00bb align=\u00bbcenter\u00bb link=\u00bburl:http%3A%2F%2Fwww.acuarelatourperu.com%2Faventura%2F|||\u00bb][\/vc_column][\/vc_row][vc_row][vc_column][vc_empty_space height=\u00bb50px\u00bb][\/vc_column][\/vc_row][vc_row content_placement=\u00bbmiddle\u00bb][vc_column width=\u00bb1\/2&#8243;][vc_gallery type=\u00bbflexslider_slide\u00bb interval=\u00bb3&#8243; images=\u00bb3823,3829,2502,3830&#8243; img_size=\u00bb600&#215;350&#8243; onclick=\u00bb\u00bb][\/vc_column][vc_column width=\u00bb1\/2&#8243;][vc_column_text]\n<h3 style=\"text-align: center;\"><span style=\"color: #302f2f;\">Observaci\u00f3n de Aves<\/span><\/h3>\n[\/vc_column_text][vc_column_text]\n<p style=\"text-align: justify;\">Esta especialidad en Turismo la ofrecemos solo en ingl\u00e9s, ya que la informaci\u00f3n como libros, textos y los gu\u00edas especializados, dominan el campo solo en este idioma. Si desea adquirir alguno de estos servicios, tenga en cuenta el saber entender el idioma ingl\u00e9s. Gracias.<\/p>\n[\/vc_column_text][vc_btn title=\u00bbExplorar\u00bb color=\u00bbturquoise\u00bb align=\u00bbcenter\u00bb link=\u00bburl:http%3A%2F%2Fwww.acuarelatourperu.com%2Fobservacion-de-aves%2F|||\u00bb][\/vc_column][\/vc_row]","protected":false},"excerpt":{"rendered":"<p>[vc_row content_placement=\u00bbmiddle\u00bb][vc_column width=\u00bb1\/2&#8243;][vc_gallery type=\u00bbflexslider_slide\u00bb interval=\u00bb3&#8243; images=\u00bb3821,3822,3824&#8243; img_size=\u00bb600&#215;350&#8243; onclick=\u00bb\u00bb][\/vc_column][vc_column width=\u00bb1\/2&#8243;][vc_column_text] Tour Convencional [\/vc_column_text][vc_column_text] Un viaje controlado, una experiencia lejos de casa, una excusa para preparar nuestras maletas y emprender nuestro viaje&#8230;.<\/p>\n","protected":false},"author":1,"featured_media":0,"parent":0,"menu_order":0,"comment_status":"closed","ping_status":"closed","template":"","meta":{"_acf_changed":false,"footnotes":""},"class_list":["post-2044","page","type-page","status-publish","hentry"],"acf":[],"_links":{"self":[{"href":"https:\/\/acuarelatourperu.com\/es\/wp-json\/wp\/v2\/pages\/2044","targetHints":{"allow":["GET"]}}],"collection":[{"href":"https:\/\/acuarelatourperu.com\/es\/wp-json\/wp\/v2\/pages"}],"about":[{"href":"https:\/\/acuarelatourperu.com\/es\/wp-json\/wp\/v2\/types\/page"}],"author":[{"embeddable":true,"href":"https:\/\/acuarelatourperu.com\/es\/wp-json\/wp\/v2\/users\/1"}],"replies":[{"embeddable":true,"href":"https:\/\/acuarelatourperu.com\/es\/wp-json\/wp\/v2\/comments?post=2044"}],"version-history":[{"count":63,"href":"https:\/\/acuarelatourperu.com\/es\/wp-json\/wp\/v2\/pages\/2044\/revisions"}],"predecessor-version":[{"id":4677,"href":"https:\/\/acuarelatourperu.com\/es\/wp-json\/wp\/v2\/pages\/2044\/revisions\/4677"}],"wp:attachment":[{"href":"https:\/\/acuarelatourperu.com\/es\/wp-json\/wp\/v2\/media?parent=2044"}],"curies":[{"name":"wp","href":"https:\/\/api.w.org\/{rel}","templated":true}]}}