{"id":2084,"date":"2019-02-24T22:08:38","date_gmt":"2019-02-24T22:08:38","guid":{"rendered":"http:\/\/www.acuarelatourperu.com\/?page_id=2084"},"modified":"2019-12-20T21:08:31","modified_gmt":"2019-12-20T21:08:31","slug":"arequipa","status":"publish","type":"page","link":"https:\/\/acuarelatourperu.com\/es\/arequipa\/","title":{"rendered":"AREQUIPA"},"content":{"rendered":"[vc_row][vc_column]\n<div id=\"rev_slider_11_1_wrapper\" class=\"rev_slider_wrapper fullwidthbanner-container\" data-source=\"gallery\" style=\"margin:0px auto;background:transparent;padding:0px;margin-top:0px;margin-bottom:0px;\">\n<!-- START REVOLUTION SLIDER 5.4.8.2 fullwidth mode -->\n\t<div id=\"rev_slider_11_1\" class=\"rev_slider fullwidthabanner\" style=\"display:none;\" data-version=\"5.4.8.2\">\n<ul>\t<!-- SLIDE  -->\n\t<li data-index=\"rs-39\" data-transition=\"fade\" data-slotamount=\"default\" data-hideafterloop=\"0\" data-hideslideonmobile=\"off\"  data-easein=\"default\" data-easeout=\"default\" data-masterspeed=\"300\"  data-rotate=\"0\"  data-saveperformance=\"off\"  data-title=\"Slide\" data-param1=\"\" data-param2=\"\" data-param3=\"\" data-param4=\"\" data-param5=\"\" data-param6=\"\" data-param7=\"\" data-param8=\"\" data-param9=\"\" data-param10=\"\" data-description=\"\">\n\t\t<!-- MAIN IMAGE -->\n\t\t<img loading=\"lazy\" decoding=\"async\" src=\"https:\/\/www.youtube.com\/watch?v=9JC0mw2J8FM\"  alt=\"\"  width=\"1920\" height=\"1080\" data-bgposition=\"center center\" data-bgfit=\"cover\" data-bgrepeat=\"no-repeat\" class=\"rev-slidebg\" data-no-retina>\n\t\t<!-- LAYERS -->\n\n\t\t<!-- LAYER NR. 1 -->\n\t\t<div class=\"tp-caption   tp-resizeme tp-videolayer\" \n\t\t\t id=\"slide-39-layer-1\" \n\t\t\t data-x=\"20\" \n\t\t\t data-y=\"20\" \n\t\t\tdata-type=\"video\" \n\t\t\tdata-responsive_offset=\"on\" \n\n\t\t\tdata-frames='[{\"delay\":0,\"speed\":300,\"frame\":\"0\",\"from\":\"opacity:0;\",\"to\":\"o:1;\",\"ease\":\"Power3.easeInOut\"},{\"delay\":\"wait\",\"speed\":300,\"frame\":\"999\",\"to\":\"opacity:0;\",\"ease\":\"Power3.easeInOut\"}]'\n data-ytid=\"9JC0mw2J8FM\" data-videoattributes=\"version=3&amp;enablejsapi=1&amp;html5=1&amp;volume=100&hd=1&wmode=opaque&showinfo=0&rel=0;;origin=https:\/\/acuarelatourperu.com;\" data-videorate=\"1\" data-videowidth=\"1989px\" data-videoheight=\"689px\" data-videocontrols=\"controls\" data-videoloop=\"none\"\t\t\tdata-textAlign=\"['inherit','inherit','inherit','inherit']\"\n\t\t\tdata-paddingtop=\"[0,0,0,0]\"\n\t\t\tdata-paddingright=\"[0,0,0,0]\"\n\t\t\tdata-paddingbottom=\"[0,0,0,0]\"\n\t\t\tdata-paddingleft=\"[0,0,0,0]\"\n\t\t\tdata-autoplay=\"on\" \n\t\t\tdata-volume=\"100\"\n\t\t\tstyle=\"z-index: 5;\"> <\/div>\n\t<\/li>\n<\/ul>\n<div class=\"tp-bannertimer tp-bottom\" style=\"visibility: hidden !important;\"><\/div>\t<\/div>\n<script>var htmlDiv = document.getElementById(\"rs-plugin-settings-inline-css\"); var htmlDivCss=\"\";\r\n\t\t\t\tif(htmlDiv) {\r\n\t\t\t\t\thtmlDiv.innerHTML = htmlDiv.innerHTML + htmlDivCss;\r\n\t\t\t\t}else{\r\n\t\t\t\t\tvar htmlDiv = document.createElement(\"div\");\r\n\t\t\t\t\thtmlDiv.innerHTML = \"<style>\" + htmlDivCss + \"<\/style>\";\r\n\t\t\t\t\tdocument.getElementsByTagName(\"head\")[0].appendChild(htmlDiv.childNodes[0]);\r\n\t\t\t\t}\r\n\t\t\t<\/script>\n\t\t<script type=\"text\/javascript\">\r\nif (setREVStartSize!==undefined) setREVStartSize(\r\n\t{c: '#rev_slider_11_1', gridwidth: [2000], gridheight: [700], sliderLayout: 'fullwidth'});\r\n\t\t\t\r\nvar revapi11,\r\n\ttpj;\t\r\n(function() {\t\t\t\r\n\tif (!\/loaded|interactive|complete\/.test(document.readyState)) document.addEventListener(\"DOMContentLoaded\",onLoad); else onLoad();\t\r\n\tfunction onLoad() {\t\t\t\t\r\n\t\tif (tpj===undefined) { tpj = jQuery; if(\"off\" == \"on\") tpj.noConflict();}\r\n\tif(tpj(\"#rev_slider_11_1\").revolution == undefined){\n\t\trevslider_showDoubleJqueryError(\"#rev_slider_11_1\");\n\t}else{\n\t\trevapi11 = tpj(\"#rev_slider_11_1\").show().revolution({\n\t\t\tsliderType:\"standard\",\n\t\t\tjsFileLocation:\"\/\/acuarelatourperu.com\/wp-content\/plugins\/revslider\/public\/assets\/js\/\",\n\t\t\tsliderLayout:\"fullwidth\",\n\t\t\tdottedOverlay:\"none\",\n\t\t\tdelay:9000,\n\t\t\tnavigation: {\n\t\t\t\tonHoverStop:\"off\",\n\t\t\t},\n\t\t\tvisibilityLevels:[1240,1024,778,480],\n\t\t\tgridwidth:2000,\n\t\t\tgridheight:700,\n\t\t\tlazyType:\"none\",\n\t\t\tshadow:0,\n\t\t\tspinner:\"spinner0\",\n\t\t\tstopLoop:\"off\",\n\t\t\tstopAfterLoops:-1,\n\t\t\tstopAtSlide:-1,\n\t\t\tshuffle:\"off\",\n\t\t\tautoHeight:\"off\",\n\t\t\tdisableProgressBar:\"on\",\n\t\t\thideThumbsOnMobile:\"off\",\n\t\t\thideSliderAtLimit:0,\n\t\t\thideCaptionAtLimit:0,\n\t\t\thideAllCaptionAtLilmit:0,\n\t\t\tdebugMode:false,\n\t\t\tfallbacks: {\n\t\t\t\tsimplifyAll:\"off\",\n\t\t\t\tnextSlideOnWindowFocus:\"off\",\n\t\t\t\tdisableFocusListener:false,\n\t\t\t}\n\t\t});\n\t}; \/* END OF revapi call *\/\n\t\n }; \/* END OF ON LOAD FUNCTION *\/\r\n}()); \/* END OF WRAPPING FUNCTION *\/\r\n<\/script>\r\n\t\t<\/div><!-- END REVOLUTION SLIDER -->[vc_empty_space][\/vc_column][\/vc_row][vc_row][vc_column][vc_column_text]\n<h1 style=\"text-align: center;\"><strong><span style=\"color: #02aea9;\">Arequipa<\/span><\/strong><\/h1>\n[\/vc_column_text][vc_empty_space][\/vc_column][\/vc_row][vc_row content_placement=\u00bbtop\u00bb][vc_column][vc_tta_tabs style=\u00bbmodern\u00bb color=\u00bbturquoise\u00bb alignment=\u00bbcenter\u00bb active_section=\u00bb1&#8243;][vc_tta_section title=\u00bbTours Convencionales\u00bb tab_id=\u00bb1551342739523-54363bc1-96e5&#8243;][vc_column_text css=\u00bb.vc_custom_1551343957391{padding-top: 20px !important;padding-right: 20px !important;padding-left: 20px !important;}\u00bb]\n<p style=\"text-align: center;\">Arequipa (2300 metros) es una de las ciudades m\u00e1s hermosas del Per\u00fa, conocida como la Ciudad Blanca ya que utiliza el tufo volc\u00e1nico para la construcci\u00f3n de sus casonas coloniales en el Centro de la Ciudad, fue declarada Patrimonio de la Humanidad por la Unesco. Un destino bastante conocido por su buen clima, su deliciosa gastronom\u00eda y un lugar de paso para la aclimataci\u00f3n a la altura.<\/p>\n[\/vc_column_text][vc_row_inner css=\u00bb.vc_custom_1551342893999{padding-top: 20px !important;}\u00bb][vc_column_inner width=\u00bb1\/4&#8243;][vc_single_image image=\u00bb2523&#8243; img_size=\u00bb400&#215;200&#8243;][vc_btn title=\u00bbArequipa Tradicional &#8211; 2 D\u00edas\u00bb color=\u00bbturquoise\u00bb align=\u00bbcenter\u00bb link=\u00bburl:http%3A%2F%2Fwww.acuarelatourperu.com%2Farequipa-tradicional%2F|||\u00bb][\/vc_column_inner][vc_column_inner width=\u00bb1\/4&#8243;][vc_single_image image=\u00bb3747&#8243; img_size=\u00bb400&#215;200&#8243;][vc_btn title=\u00bbPetroglifos de Toro Muerto &#8211; 2 D\u00edas\u00bb color=\u00bbturquoise\u00bb align=\u00bbcenter\u00bb link=\u00bburl:http%3A%2F%2Fwww.acuarelatourperu.com%2Fpetroglifos-de-toro-muerto%2F|||\u00bb][\/vc_column_inner][vc_column_inner width=\u00bb1\/4&#8243;][vc_single_image image=\u00bb2502&#8243; img_size=\u00bb400&#215;200&#8243;][vc_btn title=\u00bbArequipa (Arequipa\/ Colca\/ Puno) &#8211; 2 D\u00edas\u00bb color=\u00bbturquoise\u00bb align=\u00bbcenter\u00bb link=\u00bburl:http%3A%2F%2Fwww.acuarelatourperu.com%2Farequipa-arequipa-colca-puno%2F|||\u00bb][\/vc_column_inner][vc_column_inner width=\u00bb1\/4&#8243;][vc_single_image image=\u00bb3749&#8243; img_size=\u00bb400&#215;200&#8243;][vc_btn title=\u00bbArequipa (City Tour\/ Colca\/ Puno) &#8211; 3 D\u00edas\u00bb color=\u00bbturquoise\u00bb align=\u00bbcenter\u00bb link=\u00bburl:http%3A%2F%2Fwww.acuarelatourperu.com%2Farequipa-city-tour-colca-puno%2F|||\u00bb][\/vc_column_inner][\/vc_row_inner][vc_row_inner css=\u00bb.vc_custom_1551342893999{padding-top: 20px !important;}\u00bb][vc_column_inner width=\u00bb1\/4&#8243;][vc_single_image image=\u00bb3606&#8243; img_size=\u00bb400&#215;200&#8243;][vc_btn title=\u00bbArequipa (Canteras De Sillar\/ City Tour\/ Colca\/ Puno) \u2013 4 D\u00edas\u00bb color=\u00bbturquoise\u00bb align=\u00bbcenter\u00bb link=\u00bburl:http%3A%2F%2Fwww.acuarelatourperu.com%2Farequipa-canteras-de-sillar-city-tour-colca-puno%2F|||\u00bb][\/vc_column_inner][vc_column_inner width=\u00bb1\/4&#8243;][vc_single_image image=\u00bb2525&#8243; img_size=\u00bb400&#215;200&#8243;][vc_btn title=\u00bbArequipa Tradicional\/ Colca\/ Puno &#8211; 4 D\u00edas\u00bb color=\u00bbturquoise\u00bb align=\u00bbcenter\u00bb link=\u00bburl:http%3A%2F%2Fwww.acuarelatourperu.com%2Farequipa-tradicional-colca-puno%2F|||\u00bb][\/vc_column_inner][\/vc_row_inner][\/vc_tta_section][vc_tta_section title=\u00bbTours de Aventura\u00bb tab_id=\u00bb1551343388998-990041e9-8e59&#8243;][vc_column_text css=\u00bb.vc_custom_1551344029856{padding-top: 20px !important;padding-right: 20px !important;padding-left: 20px !important;}\u00bb]\n<p style=\"text-align: center;\">Conquistar el mundo sobre las suela de los zapatos, es conocer la verdadera cultura del residente. Cada sendero entre monta\u00f1as y ca\u00f1ones nos conduce hacia una inolvidable aventura.<\/p>\n[\/vc_column_text][vc_row_inner css=\u00bb.vc_custom_1551342893999{padding-top: 20px !important;}\u00bb][vc_column_inner width=\u00bb1\/4&#8243;][vc_single_image image=\u00bb4195&#8243; img_size=\u00bb400&#215;200&#8243;][vc_btn title=\u00bbTrekking Ca\u00f1\u00f3n Del Colca &#8211; 2 D\u00edas\u00bb color=\u00bbturquoise\u00bb align=\u00bbcenter\u00bb link=\u00bburl:http%3A%2F%2Fwww.acuarelatourperu.com%2Ftrekking-canon-del-colca2dias%2F|||\u00bb][\/vc_column_inner][vc_column_inner width=\u00bb1\/4&#8243;][vc_single_image image=\u00bb4194&#8243; img_size=\u00bb400&#215;200&#8243;][vc_btn title=\u00bbTrekking Ca\u00f1\u00f3n Del Colca &#8211; 3 D\u00edas\u00bb color=\u00bbturquoise\u00bb align=\u00bbcenter\u00bb link=\u00bburl:http%3A%2F%2Fwww.acuarelatourperu.com%2Ftrekking-canon-del-colca%2F|||\u00bb][\/vc_column_inner][\/vc_row_inner][\/vc_tta_section][vc_tta_section title=\u00bbObservaci\u00f3n de Aves\u00bb tab_id=\u00bb1551343385534-fc6cbf63-0d06&#8243;][vc_column_text css=\u00bb.vc_custom_1551344084161{padding-top: 20px !important;padding-right: 20px !important;padding-left: 20px !important;}\u00bb]\n<p style=\"text-align: center;\">Per\u00fa, uno de los pa\u00edses m\u00e1s diversos del mundo y hogar de 1800 clases de aves en todo el territorio. Partiendo desde nuestra costa des\u00e9rtica, selva y sierra, donde encontraremos las especies m\u00e1s anheladas en observar.<\/p>\n[\/vc_column_text][vc_row_inner css=\u00bb.vc_custom_1551342893999{padding-top: 20px !important;}\u00bb][vc_column_inner width=\u00bb1\/4&#8243;][vc_single_image image=\u00bb4285&#8243; img_size=\u00bb400&#215;200&#8243;][vc_btn title=\u00bbLaguna De Salinas &#8211; 1 D\u00eda\u00bb color=\u00bbturquoise\u00bb align=\u00bbcenter\u00bb link=\u00bburl:http%3A%2F%2Fwww.acuarelatourperu.com%2Flaguna-de-salinas%2F|||\u00bb][\/vc_column_inner][vc_column_inner width=\u00bb1\/4&#8243;][vc_single_image image=\u00bb4286&#8243; img_size=\u00bb400&#215;200&#8243;][vc_btn title=\u00bbLaguna De Mej\u00eda \u2013 1 D\u00eda\u00bb color=\u00bbturquoise\u00bb align=\u00bbcenter\u00bb link=\u00bburl:http%3A%2F%2Fwww.acuarelatourperu.com%2Flaguna-de-mejia%2F|||\u00bb][\/vc_column_inner][vc_column_inner width=\u00bb1\/4&#8243;][vc_single_image image=\u00bb4287&#8243; img_size=\u00bb400&#215;200&#8243;][vc_btn title=\u00bbRuta Del Valle Del Colca &#8211; 2 o 3 D\u00edas\u00bb color=\u00bbturquoise\u00bb align=\u00bbcenter\u00bb link=\u00bburl:http%3A%2F%2Fwww.acuarelatourperu.com%2Fruta-del-valle-del-colca%2F|||\u00bb][\/vc_column_inner][\/vc_row_inner][\/vc_tta_section][\/vc_tta_tabs][\/vc_column][\/vc_row]","protected":false},"excerpt":{"rendered":"<p>[vc_row][vc_column][vc_empty_space][\/vc_column][\/vc_row][vc_row][vc_column][vc_column_text] Arequipa [\/vc_column_text][vc_empty_space][\/vc_column][\/vc_row][vc_row content_placement=\u00bbtop\u00bb][vc_column][vc_tta_tabs style=\u00bbmodern\u00bb color=\u00bbturquoise\u00bb alignment=\u00bbcenter\u00bb active_section=\u00bb1&#8243;][vc_tta_section title=\u00bbTours Convencionales\u00bb tab_id=\u00bb1551342739523-54363bc1-96e5&#8243;][vc_column_text css=\u00bb.vc_custom_1551343957391{padding-top: 20px !important;padding-right: 20px !important;padding-left: 20px !important;}\u00bb] Arequipa (2300 metros) es una de las ciudades m\u00e1s hermosas del Per\u00fa,&#8230;<\/p>\n","protected":false},"author":1,"featured_media":0,"parent":0,"menu_order":0,"comment_status":"closed","ping_status":"closed","template":"","meta":{"_acf_changed":false,"footnotes":""},"class_list":["post-2084","page","type-page","status-publish","hentry"],"acf":[],"_links":{"self":[{"href":"https:\/\/acuarelatourperu.com\/es\/wp-json\/wp\/v2\/pages\/2084","targetHints":{"allow":["GET"]}}],"collection":[{"href":"https:\/\/acuarelatourperu.com\/es\/wp-json\/wp\/v2\/pages"}],"about":[{"href":"https:\/\/acuarelatourperu.com\/es\/wp-json\/wp\/v2\/types\/page"}],"author":[{"embeddable":true,"href":"https:\/\/acuarelatourperu.com\/es\/wp-json\/wp\/v2\/users\/1"}],"replies":[{"embeddable":true,"href":"https:\/\/acuarelatourperu.com\/es\/wp-json\/wp\/v2\/comments?post=2084"}],"version-history":[{"count":77,"href":"https:\/\/acuarelatourperu.com\/es\/wp-json\/wp\/v2\/pages\/2084\/revisions"}],"predecessor-version":[{"id":4678,"href":"https:\/\/acuarelatourperu.com\/es\/wp-json\/wp\/v2\/pages\/2084\/revisions\/4678"}],"wp:attachment":[{"href":"https:\/\/acuarelatourperu.com\/es\/wp-json\/wp\/v2\/media?parent=2084"}],"curies":[{"name":"wp","href":"https:\/\/api.w.org\/{rel}","templated":true}]}}