{"id":2099,"date":"2019-02-25T06:07:26","date_gmt":"2019-02-25T06:07:26","guid":{"rendered":"http:\/\/www.acuarelatourperu.com\/?page_id=2099"},"modified":"2019-12-20T21:16:28","modified_gmt":"2019-12-20T21:16:28","slug":"cusco","status":"publish","type":"page","link":"https:\/\/acuarelatourperu.com\/es\/cusco\/","title":{"rendered":"CUSCO"},"content":{"rendered":"[vc_row css=\u00bb.vc_custom_1567001363286{margin-top: 0px !important;border-top-width: 0px !important;padding-top: 0px !important;}\u00bb][vc_column css=\u00bb.vc_custom_1567457828515{margin-top: 0px !important;border-top-width: 0px !important;padding-top: 0px !important;}\u00bb]\n<div id=\"rev_slider_12_1_wrapper\" class=\"rev_slider_wrapper fullwidthbanner-container\" data-source=\"gallery\" style=\"margin:0px auto;background:transparent;padding:0px;margin-top:0px;margin-bottom:0px;\">\n<!-- START REVOLUTION SLIDER 5.4.8.2 fullwidth mode -->\n\t<div id=\"rev_slider_12_1\" class=\"rev_slider fullwidthabanner\" style=\"display:none;\" data-version=\"5.4.8.2\">\n<ul>\t<!-- SLIDE  -->\n\t<li data-index=\"rs-40\" data-transition=\"fade\" data-slotamount=\"default\" data-hideafterloop=\"0\" data-hideslideonmobile=\"off\"  data-easein=\"default\" data-easeout=\"default\" data-masterspeed=\"300\"  data-rotate=\"0\"  data-saveperformance=\"off\"  data-title=\"Slide\" data-param1=\"\" data-param2=\"\" data-param3=\"\" data-param4=\"\" data-param5=\"\" data-param6=\"\" data-param7=\"\" data-param8=\"\" data-param9=\"\" data-param10=\"\" data-description=\"\">\n\t\t<!-- MAIN IMAGE -->\n\t\t<img loading=\"lazy\" decoding=\"async\" src=\"https:\/\/vimeo.com\/228231326\"  alt=\"\"  width=\"1920\" height=\"1080\" data-bgposition=\"center center\" data-bgfit=\"cover\" data-bgrepeat=\"no-repeat\" class=\"rev-slidebg\" data-no-retina>\n\t\t<!-- LAYERS -->\n\n\t\t<!-- LAYER NR. 1 -->\n\t\t<div class=\"tp-caption   tp-resizeme tp-videolayer\" \n\t\t\t id=\"slide-40-layer-1\" \n\t\t\t data-x=\"20\" \n\t\t\t data-y=\"20\" \n\t\t\tdata-type=\"video\" \n\t\t\tdata-responsive_offset=\"on\" \n\n\t\t\tdata-frames='[{\"delay\":0,\"speed\":300,\"frame\":\"0\",\"from\":\"opacity:0;\",\"to\":\"o:1;\",\"ease\":\"Power3.easeInOut\"},{\"delay\":\"wait\",\"speed\":300,\"frame\":\"999\",\"to\":\"opacity:0;\",\"ease\":\"Power3.easeInOut\"}]'\n data-ytid=\"aF7yTUVCkX8\" data-videoattributes=\"version=3&amp;enablejsapi=1&amp;html5=1&amp;volume=100&hd=1&wmode=opaque&showinfo=0&rel=0;;origin=https:\/\/acuarelatourperu.com;\" data-videorate=\"1\" data-videowidth=\"1989px\" data-videoheight=\"689px\" data-videocontrols=\"controls\" data-videoloop=\"none\"\t\t\tdata-textAlign=\"['inherit','inherit','inherit','inherit']\"\n\t\t\tdata-paddingtop=\"[0,0,0,0]\"\n\t\t\tdata-paddingright=\"[0,0,0,0]\"\n\t\t\tdata-paddingbottom=\"[0,0,0,0]\"\n\t\t\tdata-paddingleft=\"[0,0,0,0]\"\n\t\t\tdata-autoplay=\"on\" \n\t\t\tdata-volume=\"100\"\n\t\t\tstyle=\"z-index: 5;\"> <\/div>\n\t<\/li>\n<\/ul>\n<div class=\"tp-bannertimer tp-bottom\" style=\"visibility: hidden !important;\"><\/div>\t<\/div>\n<script>var htmlDiv = document.getElementById(\"rs-plugin-settings-inline-css\"); var htmlDivCss=\"\";\r\n\t\t\t\tif(htmlDiv) {\r\n\t\t\t\t\thtmlDiv.innerHTML = htmlDiv.innerHTML + htmlDivCss;\r\n\t\t\t\t}else{\r\n\t\t\t\t\tvar htmlDiv = document.createElement(\"div\");\r\n\t\t\t\t\thtmlDiv.innerHTML = \"<style>\" + htmlDivCss + \"<\/style>\";\r\n\t\t\t\t\tdocument.getElementsByTagName(\"head\")[0].appendChild(htmlDiv.childNodes[0]);\r\n\t\t\t\t}\r\n\t\t\t<\/script>\n\t\t<script type=\"text\/javascript\">\r\nif (setREVStartSize!==undefined) setREVStartSize(\r\n\t{c: '#rev_slider_12_1', gridwidth: [2000], gridheight: [700], sliderLayout: 'fullwidth'});\r\n\t\t\t\r\nvar revapi12,\r\n\ttpj;\t\r\n(function() {\t\t\t\r\n\tif (!\/loaded|interactive|complete\/.test(document.readyState)) document.addEventListener(\"DOMContentLoaded\",onLoad); else onLoad();\t\r\n\tfunction onLoad() {\t\t\t\t\r\n\t\tif (tpj===undefined) { tpj = jQuery; if(\"off\" == \"on\") tpj.noConflict();}\r\n\tif(tpj(\"#rev_slider_12_1\").revolution == undefined){\n\t\trevslider_showDoubleJqueryError(\"#rev_slider_12_1\");\n\t}else{\n\t\trevapi12 = tpj(\"#rev_slider_12_1\").show().revolution({\n\t\t\tsliderType:\"standard\",\n\t\t\tjsFileLocation:\"\/\/acuarelatourperu.com\/wp-content\/plugins\/revslider\/public\/assets\/js\/\",\n\t\t\tsliderLayout:\"fullwidth\",\n\t\t\tdottedOverlay:\"none\",\n\t\t\tdelay:9000,\n\t\t\tnavigation: {\n\t\t\t\tonHoverStop:\"off\",\n\t\t\t},\n\t\t\tvisibilityLevels:[1240,1024,778,480],\n\t\t\tgridwidth:2000,\n\t\t\tgridheight:700,\n\t\t\tlazyType:\"none\",\n\t\t\tshadow:0,\n\t\t\tspinner:\"spinner0\",\n\t\t\tstopLoop:\"off\",\n\t\t\tstopAfterLoops:-1,\n\t\t\tstopAtSlide:-1,\n\t\t\tshuffle:\"off\",\n\t\t\tautoHeight:\"off\",\n\t\t\tdisableProgressBar:\"on\",\n\t\t\thideThumbsOnMobile:\"off\",\n\t\t\thideSliderAtLimit:0,\n\t\t\thideCaptionAtLimit:0,\n\t\t\thideAllCaptionAtLilmit:0,\n\t\t\tdebugMode:false,\n\t\t\tfallbacks: {\n\t\t\t\tsimplifyAll:\"off\",\n\t\t\t\tnextSlideOnWindowFocus:\"off\",\n\t\t\t\tdisableFocusListener:false,\n\t\t\t}\n\t\t});\n\t}; \/* END OF revapi call *\/\n\t\n }; \/* END OF ON LOAD FUNCTION *\/\r\n}()); \/* END OF WRAPPING FUNCTION *\/\r\n<\/script>\r\n\t\t<\/div><!-- END REVOLUTION SLIDER -->[vc_empty_space][\/vc_column][\/vc_row][vc_row][vc_column][vc_column_text]\n<h1 style=\"text-align: center;\"><strong><span style=\"color: #02aea9;\">Cusco<\/span><\/strong><\/h1>\n[\/vc_column_text][vc_empty_space][\/vc_column][\/vc_row][vc_row][vc_column][vc_tta_tabs style=\u00bbmodern\u00bb color=\u00bbturquoise\u00bb alignment=\u00bbcenter\u00bb active_section=\u00bb1&#8243;][vc_tta_section title=\u00bbTours Convencionales\u00bb tab_id=\u00bb1551342739523-54363bc1-96e5&#8243;][vc_column_text css=\u00bb.vc_custom_1551345540181{padding-top: 20px !important;padding-right: 20px !important;padding-left: 20px !important;}\u00bb]\n<p style=\"text-align: center;\">An\u00edmate y ven con nosotros, que le organizamos su viaje sin perderse de las mejores vistas en los diferentes lugares de este m\u00e1gico Cusco.<\/p>\n[\/vc_column_text][vc_row_inner css=\u00bb.vc_custom_1551342893999{padding-top: 20px !important;}\u00bb][vc_column_inner width=\u00bb1\/4&#8243;][vc_single_image image=\u00bb3824&#8243; img_size=\u00bb400&#215;200&#8243;][vc_btn title=\u00bbCusco 4 D\u00edas y 3 Noches\u00bb color=\u00bbturquoise\u00bb align=\u00bbcenter\u00bb link=\u00bburl:http%3A%2F%2Fwww.acuarelatourperu.com%2Fcusco-convencional%2F|||\u00bb][\/vc_column_inner][\/vc_row_inner][\/vc_tta_section][vc_tta_section title=\u00bbTours de Aventura\u00bb tab_id=\u00bb1551343388998-990041e9-8e59&#8243;][vc_column_text css=\u00bb.vc_custom_1551345694018{padding-top: 20px !important;padding-right: 20px !important;padding-left: 20px !important;}\u00bb]\n<p style=\"text-align: center;\">Hacer algo diferente y lejos de la multitud, es visitar los diferentes lugares, los cuales, muchas veces est\u00e1 rodeado de imponentes glaciares como el nevado Salkantay o el Humantay quien le da origen a este impresionantes espejos de agua de color turquesa, el interesante Camino Inca o el asombroso Choquequirao; lugares donde el silencio y la calma hace del visitante amante de la naturaleza una experiencia maravillosa, en cada respiro es sentir la pureza del ox\u00edgeno lejos de un mundo bullicioso.<\/p>\n[\/vc_column_text][vc_row_inner css=\u00bb.vc_custom_1551342893999{padding-top: 20px !important;}\u00bb][vc_column_inner width=\u00bb1\/4&#8243;][vc_single_image image=\u00bb4202&#8243; img_size=\u00bb400&#215;200&#8243;][vc_btn title=\u00bbCamino Inca &#8211; 2 D\u00edas\u00bb color=\u00bbturquoise\u00bb align=\u00bbcenter\u00bb link=\u00bburl:http%3A%2F%2Fwww.acuarelatourperu.com%2Fcamino-inca-2-dias%2F|||\u00bb][\/vc_column_inner][vc_column_inner width=\u00bb1\/4&#8243;][vc_single_image image=\u00bb2535&#8243; img_size=\u00bb400&#215;200&#8243;][vc_btn title=\u00bbCaminata Por El Sur De Salkantay Con Machupicchu &#8211; 5 D\u00edas\u00bb color=\u00bbturquoise\u00bb align=\u00bbcenter\u00bb link=\u00bburl:http%3A%2F%2Fwww.acuarelatourperu.com%2Fcaminata-por-el-sur-de-salkantay-con-machupicchu%2F|||\u00bb][\/vc_column_inner][vc_column_inner width=\u00bb1\/4&#8243;][vc_single_image image=\u00bb4221&#8243; img_size=\u00bb400&#215;200&#8243;][vc_btn title=\u00bbCusco\/ Hurquillos\/ Machu Picchu &#8211; 2 D\u00edas\u00bb color=\u00bbturquoise\u00bb align=\u00bbcenter\u00bb link=\u00bburl:http%3A%2F%2Fwww.acuarelatourperu.com%2Fcusco-hurquillos-machu-picchu%2F|||\u00bb][\/vc_column_inner][vc_column_inner width=\u00bb1\/4&#8243;][vc_single_image image=\u00bb2534&#8243; img_size=\u00bb400&#215;200&#8243;][vc_btn title=\u00bbCamino Inca &#8211; 4 D\u00edas\u00bb color=\u00bbturquoise\u00bb align=\u00bbcenter\u00bb link=\u00bburl:http%3A%2F%2Fwww.acuarelatourperu.com%2Fcamino-inca%2F|||\u00bb][\/vc_column_inner][\/vc_row_inner][vc_row_inner css=\u00bb.vc_custom_1551342893999{padding-top: 20px !important;}\u00bb][vc_column_inner width=\u00bb1\/4&#8243;][vc_single_image image=\u00bb2536&#8243; img_size=\u00bb400&#215;200&#8243;][vc_btn title=\u00bbChoquequirao &#8211; 5 D\u00edas\u00bb color=\u00bbturquoise\u00bb align=\u00bbcenter\u00bb link=\u00bburl:http%3A%2F%2Fwww.acuarelatourperu.com%2Fchoquequirao%2F|||\u00bb][\/vc_column_inner][vc_column_inner width=\u00bb1\/4&#8243;][vc_single_image image=\u00bb2537&#8243; img_size=\u00bb400&#215;200&#8243;][vc_btn title=\u00bbLaguna Humantay \u2013 1 D\u00eda\u00bb color=\u00bbturquoise\u00bb align=\u00bbcenter\u00bb link=\u00bburl:http%3A%2F%2Fwww.acuarelatourperu.com%2Flaguna-humantay%2F|||\u00bb][\/vc_column_inner][vc_column_inner width=\u00bb1\/4&#8243;][vc_single_image image=\u00bb2538&#8243; img_size=\u00bb400&#215;200&#8243;][vc_btn title=\u00bbMonta\u00f1a 7 Colores &#8211; 1 D\u00eda\u00bb color=\u00bbturquoise\u00bb align=\u00bbcenter\u00bb link=\u00bburl:http%3A%2F%2Fwww.acuarelatourperu.com%2Fmontana-7-colores%2F|||\u00bb][\/vc_column_inner][vc_column_inner width=\u00bb1\/4&#8243;][vc_single_image image=\u00bb2508&#8243; img_size=\u00bb400&#215;200&#8243;][vc_btn title=\u00bbNevado Salkantay\/ Camino Inca Con Machupicchu En Transporte Privado &#8211; 5 D\u00edas\u00bb color=\u00bbturquoise\u00bb align=\u00bbcenter\u00bb link=\u00bburl:http%3A%2F%2Fwww.acuarelatourperu.com%2Fnevado-salkantay-camino-inca-con-machupicchu-en-transporte-privado%2F|||\u00bb][\/vc_column_inner][\/vc_row_inner][vc_row_inner css=\u00bb.vc_custom_1551342893999{padding-top: 20px !important;}\u00bb][vc_column_inner width=\u00bb1\/4&#8243;][vc_single_image image=\u00bb2540&#8243; img_size=\u00bb400&#215;200&#8243;][vc_btn title=\u00bbAusangate &#8211; 4 D\u00edas\u00bb color=\u00bbturquoise\u00bb align=\u00bbcenter\u00bb link=\u00bburl:http%3A%2F%2Fwww.acuarelatourperu.com%2Fausangate%2F|||\u00bb][\/vc_column_inner][vc_column_inner width=\u00bb1\/4&#8243;][vc_single_image image=\u00bb2541&#8243; img_size=\u00bb400&#215;200&#8243;][vc_btn title=\u00bbCaminata Lares &#8211; 4 D\u00edas\u00bb color=\u00bbturquoise\u00bb align=\u00bbcenter\u00bb link=\u00bburl:http%3A%2F%2Fwww.acuarelatourperu.com%2Fcaminata-lares%2F|||\u00bb][\/vc_column_inner][\/vc_row_inner][\/vc_tta_section][vc_tta_section title=\u00bbObservaci\u00f3n de Aves\u00bb tab_id=\u00bb1551343385534-fc6cbf63-0d06&#8243;][vc_column_text css=\u00bb.vc_custom_1551371495767{padding-top: 20px !important;padding-right: 20px !important;padding-left: 20px !important;}\u00bb]\n<p style=\"text-align: center;\">Sin duda para los observadores de aves, Cusco es un para\u00edso por su variedad en ecorregiones, una gran variedad de flora hacen el h\u00e1bitat para muchas especies end\u00e9micas e incluso migratorias de otras partes del mundo. Entre los lugares m\u00e1s destacados est\u00e1 el santuario hist\u00f3rico de Machu Picchu, Abra M\u00e1laga, Reserva de Biosfera del Manu. En esta peque\u00f1a regi\u00f3n, los amantes a las aves hacen de \u00e9l un gran para\u00edso.<\/p>\n[\/vc_column_text][vc_row_inner css=\u00bb.vc_custom_1551342893999{padding-top: 20px !important;}\u00bb][vc_column_inner width=\u00bb1\/4&#8243;][vc_single_image image=\u00bb4415&#8243; img_size=\u00bb400&#215;200&#8243;][vc_btn title=\u00bbMollepata &#8211; 1 D\u00eda\u00bb color=\u00bbturquoise\u00bb align=\u00bbcenter\u00bb link=\u00bburl:http%3A%2F%2Fwww.acuarelatourperu.com%2Fmollepata%2F|||\u00bb][\/vc_column_inner][vc_column_inner width=\u00bb1\/4&#8243;][vc_single_image image=\u00bb2544&#8243; img_size=\u00bb400&#215;200&#8243;][vc_btn title=\u00bbChonta, Mirador De Condores &#8211; 1 D\u00eda\u00bb color=\u00bbturquoise\u00bb align=\u00bbcenter\u00bb link=\u00bburl:http%3A%2F%2Fwww.acuarelatourperu.com%2Fchonta-mirador-de-condores%2F|||\u00bb][\/vc_column_inner][vc_column_inner width=\u00bb1\/4&#8243;][vc_single_image image=\u00bb4425&#8243; img_size=\u00bb400&#215;200&#8243;][vc_btn title=\u00bbAbra Malaga \u2013 Hipal + Machupicchu &#8211; 3 D\u00edas\u00bb color=\u00bbturquoise\u00bb align=\u00bbcenter\u00bb link=\u00bburl:http%3A%2F%2Fwww.acuarelatourperu.com%2Fabra-malaga-hipal-machupicchu%2F|||\u00bb][\/vc_column_inner][vc_column_inner width=\u00bb1\/4&#8243;][vc_single_image image=\u00bb2546&#8243; img_size=\u00bb400&#215;200&#8243;][vc_btn title=\u00bbLaguna Huacarpay &#8211; Medio D\u00eda\u00bb color=\u00bbturquoise\u00bb align=\u00bbcenter\u00bb link=\u00bburl:http%3A%2F%2Fwww.acuarelatourperu.com%2Flaguna-huacarpay%2F|||\u00bb][\/vc_column_inner][\/vc_row_inner][vc_row_inner css=\u00bb.vc_custom_1551342893999{padding-top: 20px !important;}\u00bb][vc_column_inner width=\u00bb1\/4&#8243;][vc_single_image image=\u00bb4451&#8243; img_size=\u00bb400&#215;200&#8243;][vc_btn title=\u00bbLaguna Piuray &#8211; Medio D\u00eda\u00bb color=\u00bbturquoise\u00bb align=\u00bbcenter\u00bb link=\u00bburl:http%3A%2F%2Fwww.acuarelatourperu.com%2Flaguna-piuray%2F|||\u00bb][\/vc_column_inner][vc_column_inner width=\u00bb1\/4&#8243;][vc_single_image image=\u00bb4295&#8243; img_size=\u00bb400&#215;200&#8243;][vc_btn title=\u00bbTambomachay, Ruta De Los Canasteros &#8211; Medio D\u00eda\u00bb color=\u00bbturquoise\u00bb align=\u00bbcenter\u00bb link=\u00bburl:http%3A%2F%2Fwww.acuarelatourperu.com%2Ftambomachay%2F|||\u00bb][\/vc_column_inner][vc_column_inner width=\u00bb1\/4&#8243;][vc_single_image image=\u00bb4452&#8243; img_size=\u00bb400&#215;200&#8243;][vc_btn title=\u00bbRuta Del Manu &#8211; 5 D\u00edas\u00bb color=\u00bbturquoise\u00bb align=\u00bbcenter\u00bb link=\u00bburl:http%3A%2F%2Fwww.acuarelatourperu.com%2Fruta-del-manu%2F|||\u00bb][\/vc_column_inner][\/vc_row_inner][\/vc_tta_section][\/vc_tta_tabs][\/vc_column][\/vc_row]","protected":false},"excerpt":{"rendered":"<p>[vc_row css=\u00bb.vc_custom_1567001363286{margin-top: 0px !important;border-top-width: 0px !important;padding-top: 0px !important;}\u00bb][vc_column css=\u00bb.vc_custom_1567457828515{margin-top: 0px !important;border-top-width: 0px !important;padding-top: 0px !important;}\u00bb][vc_empty_space][\/vc_column][\/vc_row][vc_row][vc_column][vc_column_text] Cusco [\/vc_column_text][vc_empty_space][\/vc_column][\/vc_row][vc_row][vc_column][vc_tta_tabs style=\u00bbmodern\u00bb color=\u00bbturquoise\u00bb alignment=\u00bbcenter\u00bb active_section=\u00bb1&#8243;][vc_tta_section title=\u00bbTours Convencionales\u00bb tab_id=\u00bb1551342739523-54363bc1-96e5&#8243;][vc_column_text css=\u00bb.vc_custom_1551345540181{padding-top: 20px !important;padding-right: 20px !important;padding-left: 20px&#8230;<\/p>\n","protected":false},"author":1,"featured_media":0,"parent":0,"menu_order":0,"comment_status":"closed","ping_status":"closed","template":"","meta":{"_acf_changed":false,"footnotes":""},"class_list":["post-2099","page","type-page","status-publish","hentry"],"acf":[],"_links":{"self":[{"href":"https:\/\/acuarelatourperu.com\/es\/wp-json\/wp\/v2\/pages\/2099","targetHints":{"allow":["GET"]}}],"collection":[{"href":"https:\/\/acuarelatourperu.com\/es\/wp-json\/wp\/v2\/pages"}],"about":[{"href":"https:\/\/acuarelatourperu.com\/es\/wp-json\/wp\/v2\/types\/page"}],"author":[{"embeddable":true,"href":"https:\/\/acuarelatourperu.com\/es\/wp-json\/wp\/v2\/users\/1"}],"replies":[{"embeddable":true,"href":"https:\/\/acuarelatourperu.com\/es\/wp-json\/wp\/v2\/comments?post=2099"}],"version-history":[{"count":64,"href":"https:\/\/acuarelatourperu.com\/es\/wp-json\/wp\/v2\/pages\/2099\/revisions"}],"predecessor-version":[{"id":4682,"href":"https:\/\/acuarelatourperu.com\/es\/wp-json\/wp\/v2\/pages\/2099\/revisions\/4682"}],"wp:attachment":[{"href":"https:\/\/acuarelatourperu.com\/es\/wp-json\/wp\/v2\/media?parent=2099"}],"curies":[{"name":"wp","href":"https:\/\/api.w.org\/{rel}","templated":true}]}}