{"id":2109,"date":"2019-02-25T06:15:37","date_gmt":"2019-02-25T06:15:37","guid":{"rendered":"http:\/\/www.acuarelatourperu.com\/?page_id=2109"},"modified":"2019-12-20T19:49:03","modified_gmt":"2019-12-20T19:49:03","slug":"destinos","status":"publish","type":"page","link":"https:\/\/acuarelatourperu.com\/es\/destinos\/","title":{"rendered":"DESTINOS"},"content":{"rendered":"[vc_row][vc_column width=\u00bb1\/2&#8243;][vc_gallery type=\u00bbflexslider_slide\u00bb interval=\u00bb3&#8243; images=\u00bb2504,2505,2506&#8243; img_size=\u00bb600&#215;350&#8243; onclick=\u00bb\u00bb][\/vc_column][vc_column width=\u00bb1\/2&#8243; horizontal_align=\u00bbcenter\u00bb vertical_align=\u00bbmiddle\u00bb][vc_column_text css=\u00bb.vc_custom_1551342252578{padding-top: 20px !important;}\u00bb]\n<h3 style=\"text-align: center;\">Arequipa<\/h3>\n[\/vc_column_text][vc_column_text]\n<p style=\"text-align: justify;\">Arequipa (2300 metros) es una de las ciudades m\u00e1s hermosas del Per\u00fa, conocida como la Ciudad Blanca ya que utiliza el tufo volc\u00e1nico para la construcci\u00f3n de sus casonas coloniales en el Centro de la Ciudad, fue declarada Patrimonio de la Humanidad por la Unesco. Un destino bastante conocido por su buen clima, su deliciosa gastronom\u00eda y un lugar de paso para la aclimataci\u00f3n a la altura.<\/p>\n[\/vc_column_text][vc_btn title=\u00bbExplorar\u00bb color=\u00bbturquoise\u00bb align=\u00bbcenter\u00bb link=\u00bburl:http%3A%2F%2Fwww.acuarelatourperu.com%2Farequipa%2F|||\u00bb][\/vc_column][\/vc_row][vc_row][vc_column][vc_empty_space height=\u00bb50&#8243;][\/vc_column][\/vc_row][vc_row][vc_column width=\u00bb1\/2&#8243;][vc_gallery type=\u00bbflexslider_slide\u00bb interval=\u00bb3&#8243; images=\u00bb2508,2509,2510&#8243; img_size=\u00bb600&#215;350&#8243; onclick=\u00bb\u00bb][\/vc_column][vc_column width=\u00bb1\/2&#8243; horizontal_align=\u00bbcenter\u00bb vertical_align=\u00bbmiddle\u00bb][vc_column_text css=\u00bb.vc_custom_1551342353156{padding-top: 5px !important;}\u00bb]\n<h3 style=\"text-align: center;\">Cusco<\/h3>\n[\/vc_column_text][vc_column_text]\n<p style=\"text-align: justify;\">Visitaremos este m\u00e1gico lugar, de propia personalidad, donde sus estrechas y empedradas callejuelas, muros de piedra, templos y palacios hablan por s\u00ed solo de la grandeza de una cultura, lleno de energ\u00eda como la ciudadela de Macchu Picchu, Choquequirao, Sacksaywaman, Ollantaytambo; y otros m\u00e1s que celosamente quedan grabadas entre grandes rocas, valles, ca\u00f1ones y monta\u00f1as de lo que alguna vez fue el imperio de los INCAS.<\/p>\n[\/vc_column_text][vc_btn title=\u00bbExplorar\u00bb color=\u00bbturquoise\u00bb align=\u00bbcenter\u00bb link=\u00bburl:http%3A%2F%2Fwww.acuarelatourperu.com%2Fcusco%2F|||\u00bb][\/vc_column][\/vc_row][vc_row][vc_column][vc_empty_space height=\u00bb50&#8243;][\/vc_column][\/vc_row][vc_row][vc_column width=\u00bb1\/2&#8243;][vc_gallery type=\u00bbflexslider_slide\u00bb interval=\u00bb3&#8243; images=\u00bb2511,2512,2513&#8243; img_size=\u00bb600&#215;350&#8243; onclick=\u00bb\u00bb][\/vc_column][vc_column width=\u00bb1\/2&#8243; horizontal_align=\u00bbcenter\u00bb vertical_align=\u00bbmiddle\u00bb][vc_column_text css=\u00bb.vc_custom_1551342385894{padding-top: 5px !important;}\u00bb]\n<h3 style=\"text-align: center;\">Huaraz<\/h3>\n[\/vc_column_text][vc_column_text]\n<p style=\"text-align: justify;\">Maravilloso lugar, cuna de grandes monta\u00f1as del Per\u00fa como el, \u201cHuascar\u00e1n, parte de la Cordillera Blanca, la cual encierra muchos paisajes con lagunas turquesas, hermosos valles, una gran producci\u00f3n de agricultura, la cual lleva aun un conocimiento ancestral; lugar con una gran diversidad arqueol\u00f3gica, paisaj\u00edstica, biol\u00f3gica, m\u00edstica y aventurera. Ven a descubrirlo y se parte de los conservadores de la naturaleza de nuestro planeta.<\/p>\n[\/vc_column_text][vc_btn title=\u00bbExplorar\u00bb color=\u00bbturquoise\u00bb align=\u00bbcenter\u00bb link=\u00bburl:http%3A%2F%2Fwww.acuarelatourperu.com%2Fhuaraz%2F|||\u00bb][\/vc_column][\/vc_row][vc_row][vc_column][vc_empty_space height=\u00bb50&#8243;][\/vc_column][\/vc_row][vc_row][vc_column width=\u00bb1\/2&#8243;][vc_gallery type=\u00bbflexslider_slide\u00bb interval=\u00bb3&#8243; images=\u00bb2514,2515,2516&#8243; img_size=\u00bb600&#215;350&#8243; onclick=\u00bb\u00bb][\/vc_column][vc_column width=\u00bb1\/2&#8243; horizontal_align=\u00bbcenter\u00bb vertical_align=\u00bbmiddle\u00bb][vc_column_text css=\u00bb.vc_custom_1551342460665{padding-top: 5px !important;}\u00bb]\n<h3 style=\"text-align: center;\">Ica &#8211; Nazca<\/h3>\n[\/vc_column_text][vc_column_text]\n<p style=\"text-align: justify;\">Lugar enigm\u00e1tico y misterioso, de culturas e historias que se encuentran entre f\u00e9rtiles valles, sol, playas y reservas naturales, poblada de una generosa variedad de especies de flora y fauna, tierra del Pisco y buen vino, m\u00fasica afroperuano y un oasis como la Huacachina, pedazo de vida en el coraz\u00f3n de un manto de arena donde las que dominan son las dunas. Ven y descubre parte del desierto de Atacama, el m\u00e1s \u00e1rido en el mundo.<\/p>\n[\/vc_column_text][vc_btn title=\u00bbExplorar\u00bb color=\u00bbturquoise\u00bb align=\u00bbcenter\u00bb link=\u00bburl:http%3A%2F%2Fwww.acuarelatourperu.com%2Fica%2F|||\u00bb][\/vc_column][\/vc_row][vc_row][vc_column][vc_empty_space height=\u00bb50&#8243;][\/vc_column][\/vc_row][vc_row][vc_column width=\u00bb1\/2&#8243;][vc_gallery type=\u00bbflexslider_slide\u00bb interval=\u00bb3&#8243; images=\u00bb2518,2519,2520&#8243; img_size=\u00bb600&#215;350&#8243; onclick=\u00bb\u00bb][\/vc_column][vc_column width=\u00bb1\/2&#8243; horizontal_align=\u00bbcenter\u00bb vertical_align=\u00bbmiddle\u00bb][vc_column_text css=\u00bb.vc_custom_1551342521453{padding-top: 5px !important;}\u00bb]\n<h3 style=\"text-align: center;\">Puno<\/h3>\n[\/vc_column_text][vc_column_text]\n<p style=\"text-align: justify;\">M\u00e1gico lugar ubicado a orillas del lago Titicaca el cual fue venerado por culturas ancestrales y hoy considerado un lugar puro y energ\u00e9tico en el mundo. Con una \u00a0tranquilidad y cuya vista se pierde en la inmensidad de las oscuras aguas del llamado Lago Sagrado; conoceremos la vida sobre sus islas naturales como hechas por la mano del hombre; Puno es la capital folcl\u00f3rica del Per\u00fa que invita a que las visites en el Altiplano Peruano.<\/p>\n[\/vc_column_text][vc_btn title=\u00bbExplorar\u00bb color=\u00bbturquoise\u00bb align=\u00bbcenter\u00bb link=\u00bburl:http%3A%2F%2Fwww.acuarelatourperu.com%2Fpuno%2F|||\u00bb][\/vc_column][\/vc_row]","protected":false},"excerpt":{"rendered":"<p>[vc_row][vc_column width=\u00bb1\/2&#8243;][vc_gallery type=\u00bbflexslider_slide\u00bb interval=\u00bb3&#8243; images=\u00bb2504,2505,2506&#8243; img_size=\u00bb600&#215;350&#8243; onclick=\u00bb\u00bb][\/vc_column][vc_column width=\u00bb1\/2&#8243; horizontal_align=\u00bbcenter\u00bb vertical_align=\u00bbmiddle\u00bb][vc_column_text css=\u00bb.vc_custom_1551342252578{padding-top: 20px !important;}\u00bb] Arequipa [\/vc_column_text][vc_column_text] Arequipa (2300 metros) es una de las ciudades m\u00e1s hermosas del Per\u00fa, conocida como la&#8230;<\/p>\n","protected":false},"author":1,"featured_media":0,"parent":0,"menu_order":0,"comment_status":"closed","ping_status":"closed","template":"","meta":{"_acf_changed":false,"footnotes":""},"class_list":["post-2109","page","type-page","status-publish","hentry"],"acf":[],"_links":{"self":[{"href":"https:\/\/acuarelatourperu.com\/es\/wp-json\/wp\/v2\/pages\/2109","targetHints":{"allow":["GET"]}}],"collection":[{"href":"https:\/\/acuarelatourperu.com\/es\/wp-json\/wp\/v2\/pages"}],"about":[{"href":"https:\/\/acuarelatourperu.com\/es\/wp-json\/wp\/v2\/types\/page"}],"author":[{"embeddable":true,"href":"https:\/\/acuarelatourperu.com\/es\/wp-json\/wp\/v2\/users\/1"}],"replies":[{"embeddable":true,"href":"https:\/\/acuarelatourperu.com\/es\/wp-json\/wp\/v2\/comments?post=2109"}],"version-history":[{"count":43,"href":"https:\/\/acuarelatourperu.com\/es\/wp-json\/wp\/v2\/pages\/2109\/revisions"}],"predecessor-version":[{"id":4672,"href":"https:\/\/acuarelatourperu.com\/es\/wp-json\/wp\/v2\/pages\/2109\/revisions\/4672"}],"wp:attachment":[{"href":"https:\/\/acuarelatourperu.com\/es\/wp-json\/wp\/v2\/media?parent=2109"}],"curies":[{"name":"wp","href":"https:\/\/api.w.org\/{rel}","templated":true}]}}