{"id":2123,"date":"2019-02-25T06:24:42","date_gmt":"2019-02-25T06:24:42","guid":{"rendered":"http:\/\/www.acuarelatourperu.com\/?page_id=2123"},"modified":"2019-12-20T21:54:10","modified_gmt":"2019-12-20T21:54:10","slug":"tour-convencional","status":"publish","type":"page","link":"https:\/\/acuarelatourperu.com\/es\/tour-convencional\/","title":{"rendered":"TOUR CONVENCIONAL"},"content":{"rendered":"[vc_row][vc_column][vc_column_text]\n<h1 style=\"text-align: center;\"><strong><span style=\"color: #02aea9;\">TOUR CONVENCIONAL<\/span><\/strong><\/h1>\n[\/vc_column_text][vc_empty_space][\/vc_column][\/vc_row][vc_row][vc_column][vc_tta_tabs style=\u00bbmodern\u00bb color=\u00bbturquoise\u00bb alignment=\u00bbcenter\u00bb active_section=\u00bb1&#8243;][vc_tta_section title=\u00bbArequipa\u00bb tab_id=\u00bb1551342739523-54363bc1-96e5&#8243;][vc_column_text css=\u00bb.vc_custom_1551343957391{padding-top: 20px !important;padding-right: 20px !important;padding-left: 20px !important;}\u00bb]\n<p style=\"text-align: center;\">Arequipa (2300 metros) es una de las ciudades m\u00e1s hermosas del Per\u00fa, conocida como la Ciudad Blanca ya que utiliza el tufo volc\u00e1nico para la construcci\u00f3n de sus casonas coloniales en el Centro de la Ciudad, fue declarada Patrimonio de la Humanidad por la Unesco. Un destino bastante conocido por su buen clima, su deliciosa gastronom\u00eda y un lugar de paso para la aclimataci\u00f3n a la altura.<\/p>\n[\/vc_column_text][vc_row_inner css=\u00bb.vc_custom_1551342893999{padding-top: 20px !important;}\u00bb][vc_column_inner width=\u00bb1\/4&#8243;][vc_single_image image=\u00bb2523&#8243; img_size=\u00bb400&#215;200&#8243;][vc_btn title=\u00bbArequipa Tradicional &#8211; 2 D\u00edas\u00bb color=\u00bbturquoise\u00bb align=\u00bbcenter\u00bb link=\u00bburl:http%3A%2F%2Fwww.acuarelatourperu.com%2Farequipa-tradicional%2F|||\u00bb][\/vc_column_inner][vc_column_inner width=\u00bb1\/4&#8243;][vc_single_image image=\u00bb3747&#8243; img_size=\u00bb400&#215;200&#8243;][vc_btn title=\u00bbPetroglifos de Toro Muerto &#8211; 2 D\u00edas\u00bb color=\u00bbturquoise\u00bb align=\u00bbcenter\u00bb link=\u00bburl:http%3A%2F%2Fwww.acuarelatourperu.com%2Fpetroglifos-de-toro-muerto%2F|||\u00bb][\/vc_column_inner][vc_column_inner width=\u00bb1\/4&#8243;][vc_single_image image=\u00bb2502&#8243; img_size=\u00bb400&#215;200&#8243;][vc_btn title=\u00bbArequipa (Arequipa\/ Colca\/ Puno) &#8211; 2 D\u00edas\u00bb color=\u00bbturquoise\u00bb align=\u00bbcenter\u00bb link=\u00bburl:http%3A%2F%2Fwww.acuarelatourperu.com%2Farequipa-arequipa-colca-puno%2F|||\u00bb][\/vc_column_inner][vc_column_inner width=\u00bb1\/4&#8243;][vc_single_image image=\u00bb3749&#8243; img_size=\u00bb400&#215;200&#8243;][vc_btn title=\u00bbArequipa (City Tour\/ Colca\/ Puno) &#8211; 3 D\u00edas\u00bb color=\u00bbturquoise\u00bb align=\u00bbcenter\u00bb link=\u00bburl:http%3A%2F%2Fwww.acuarelatourperu.com%2Farequipa-city-tour-colca-puno%2F|||\u00bb][\/vc_column_inner][\/vc_row_inner][vc_row_inner css=\u00bb.vc_custom_1551342893999{padding-top: 20px !important;}\u00bb][vc_column_inner width=\u00bb1\/4&#8243;][vc_single_image image=\u00bb3606&#8243; img_size=\u00bb400&#215;200&#8243;][vc_btn title=\u00bbArequipa (Canteras De Sillar\/ City Tour\/ Colca\/ Puno) \u2013 4 D\u00edas\u00bb color=\u00bbturquoise\u00bb align=\u00bbcenter\u00bb link=\u00bburl:http%3A%2F%2Fwww.acuarelatourperu.com%2Farequipa-canteras-de-sillar-city-tour-colca-puno%2F|||\u00bb][\/vc_column_inner][vc_column_inner width=\u00bb1\/4&#8243;][vc_single_image image=\u00bb2525&#8243; img_size=\u00bb400&#215;200&#8243;][vc_btn title=\u00bbArequipa Tradicional\/ Colca\/ Puno &#8211; 4 D\u00edas\u00bb color=\u00bbturquoise\u00bb align=\u00bbcenter\u00bb link=\u00bburl:http%3A%2F%2Fwww.acuarelatourperu.com%2Farequipa-tradicional-colca-puno%2F|||\u00bb][\/vc_column_inner][\/vc_row_inner][\/vc_tta_section][vc_tta_section title=\u00bbCusco\u00bb tab_id=\u00bb1551343388998-990041e9-8e59&#8243;][vc_column_text css=\u00bb.vc_custom_1551344029856{padding-top: 20px !important;padding-right: 20px !important;padding-left: 20px !important;}\u00bb]\n<p style=\"text-align: center;\">Conquistar el mundo sobre las suela de los zapatos, es conocer la verdadera cultura del residente. Cada sendero entre monta\u00f1as y ca\u00f1ones nos conduce hacia una inolvidable aventura.<\/p>\n[\/vc_column_text][vc_row_inner css=\u00bb.vc_custom_1551342893999{padding-top: 20px !important;}\u00bb][vc_column_inner width=\u00bb1\/4&#8243;][vc_single_image image=\u00bb3824&#8243; img_size=\u00bb400&#215;200&#8243;][vc_btn title=\u00bbCusco 4 D\u00edas y 3 Noches\u00bb color=\u00bbturquoise\u00bb align=\u00bbcenter\u00bb link=\u00bburl:http%3A%2F%2Fwww.acuarelatourperu.com%2Fcusco-convencional%2F|||\u00bb][\/vc_column_inner][\/vc_row_inner][\/vc_tta_section][vc_tta_section title=\u00bbHuaraz\u00bb tab_id=\u00bb1551343385534-fc6cbf63-0d06&#8243;][vc_column_text css=\u00bb.vc_custom_1551429849063{padding-top: 20px !important;padding-right: 20px !important;padding-left: 20px !important;}\u00bb]\n<p style=\"text-align: center;\">Conoceremos sus principales atractivos, sin mucho esfuerzo f\u00edsico que nos transportaran a lugares de ensue\u00f1o con su interesante cultura y sus lagunas turquesas al pie de sus picos nevados.<\/p>\n[\/vc_column_text][vc_row_inner css=\u00bb.vc_custom_1551342893999{padding-top: 20px !important;}\u00bb][vc_column_inner width=\u00bb1\/4&#8243;][vc_single_image image=\u00bb2738&#8243; img_size=\u00bb400&#215;200&#8243;][vc_btn title=\u00bbCallej\u00f3n De Huaylas\/ Carhuaz\/ Yungay\/ Laguna Llangan\u00faco \u2013 1 D\u00eda\u00bb color=\u00bbturquoise\u00bb align=\u00bbcenter\u00bb link=\u00bburl:http%3A%2F%2Fwww.acuarelatourperu.com%2Fcallejon-de-huaylas-carhuaz-yungay-laguna-llanganuco%2F|||\u00bb][\/vc_column_inner][vc_column_inner width=\u00bb1\/4&#8243;][vc_single_image image=\u00bb2551&#8243; img_size=\u00bb400&#215;200&#8243;][vc_btn title=\u00bbChav\u00edn De Huantar &#8211; 1 D\u00eda\u00bb color=\u00bbturquoise\u00bb align=\u00bbcenter\u00bb link=\u00bburl:http%3A%2F%2Fwww.acuarelatourperu.com%2Fchavin-de-huantar%2F|||\u00bb][\/vc_column_inner][\/vc_row_inner][\/vc_tta_section][vc_tta_section title=\u00bbIca &#8211; Nazca\u00bb tab_id=\u00bb1551430080880-ebc1686f-c3e3&#8243;][vc_column_text css=\u00bb.vc_custom_1551430134947{padding-top: 20px !important;padding-right: 20px !important;padding-left: 20px !important;}\u00bb]\n<p style=\"text-align: center;\">Si no cuentas con el tiempo suficiente, nosotros lo haremos por ti!, organizando tu viaje a vuestros requerimientos, visitando lo m\u00e1s conocido de este hermoso desierto.<\/p>\n[\/vc_column_text][vc_row_inner css=\u00bb.vc_custom_1551342893999{padding-top: 20px !important;}\u00bb][vc_column_inner width=\u00bb1\/4&#8243;][vc_single_image image=\u00bb2515&#8243; img_size=\u00bb400&#215;200&#8243;][vc_btn title=\u00bbIslas Ballestas\/ Tubulares \u2013 Medio D\u00eda\u00bb color=\u00bbturquoise\u00bb align=\u00bbcenter\u00bb link=\u00bburl:http%3A%2F%2Fwww.acuarelatourperu.com%2Fislas-ballestas-tubulares%2F|||\u00bb][\/vc_column_inner][vc_column_inner width=\u00bb1\/4&#8243;][vc_single_image image=\u00bb4090&#8243; img_size=\u00bb400&#215;200&#8243;][vc_btn title=\u00bbParacas\/ Ica\/ Nazca &#8211; 1 D\u00eda\u00bb color=\u00bbturquoise\u00bb align=\u00bbcenter\u00bb link=\u00bburl:http%3A%2F%2Fwww.acuarelatourperu.com%2Fparacas-ica-nazca%2F|||\u00bb][\/vc_column_inner][vc_column_inner width=\u00bb1\/4&#8243;][vc_single_image image=\u00bb2568&#8243; img_size=\u00bb400&#215;200&#8243;][vc_btn title=\u00bbCementerio De Chauchilla\/ Paredones\/ Acueductos De Cantayoc \u2013 3 horas\u00bb color=\u00bbturquoise\u00bb align=\u00bbcenter\u00bb link=\u00bburl:http%3A%2F%2Fwww.acuarelatourperu.com%2Fcementerio-de-chauchilla-paredones-acueductos-de-cantayoc%2F|||\u00bb][\/vc_column_inner][vc_column_inner width=\u00bb1\/4&#8243;][vc_single_image image=\u00bb2569&#8243; img_size=\u00bb400&#215;200&#8243;][vc_btn title=\u00bbSobrevuelos A Las Lineas De Nasca Y Palpa \u2013 2 horas\u00bb color=\u00bbturquoise\u00bb align=\u00bbcenter\u00bb link=\u00bburl:http%3A%2F%2Fwww.acuarelatourperu.com%2Fsobrevuelos-a-las-lineas-de-nasca-y-palpa%2F|||\u00bb][\/vc_column_inner][\/vc_row_inner][\/vc_tta_section][vc_tta_section title=\u00bbPuno\u00bb tab_id=\u00bb1551430077587-92a8b7e0-0a36&#8243;][vc_column_text css=\u00bb.vc_custom_1551429849063{padding-top: 20px !important;padding-right: 20px !important;padding-left: 20px !important;}\u00bb]\n<p style=\"text-align: center;\">Conoceremos sus principales atractivos, sin mucho esfuerzo f\u00edsico que nos transportaran a lugares de ensue\u00f1o con su interesante cultura y sus lagunas turquesas al pie de sus picos nevados.<\/p>\n[\/vc_column_text][vc_row_inner css=\u00bb.vc_custom_1551342893999{padding-top: 20px !important;}\u00bb][vc_column_inner width=\u00bb1\/4&#8243;][vc_single_image image=\u00bb2571&#8243; img_size=\u00bb400&#215;200&#8243;][vc_btn title=\u00bbSillustani &#8211; 4 horas\u00bb color=\u00bbturquoise\u00bb align=\u00bbcenter\u00bb link=\u00bburl:http%3A%2F%2Fwww.acuarelatourperu.com%2Fsillustani%2F|||\u00bb][\/vc_column_inner][vc_column_inner width=\u00bb1\/4&#8243;][vc_single_image image=\u00bb2572&#8243; img_size=\u00bb400&#215;200&#8243;][vc_btn title=\u00bbChucuito \/ Mercado De Acora (Fin De Semana) \/ Iscapataza \/ Charcas \/ Uros &#8211; 1 D\u00eda\u00bb color=\u00bbturquoise\u00bb align=\u00bbcenter\u00bb link=\u00bburl:http%3A%2F%2Fwww.acuarelatourperu.com%2Fchucuito-mercado-de-acora-fin-de-semana-iscapataza-charcas-uros%2F|||\u00bb][\/vc_column_inner][vc_column_inner width=\u00bb1\/4&#8243;][vc_single_image image=\u00bb2573&#8243; img_size=\u00bb400&#215;200&#8243;][vc_btn title=\u00bbAramu Muru \/ Copamaya \/ Charcas \/ Uros &#8211; 1 D\u00eda\u00bb color=\u00bbturquoise\u00bb align=\u00bbcenter\u00bb link=\u00bburl:http%3A%2F%2Fwww.acuarelatourperu.com%2Ffull-day-aramu-muru-copamaya-charcas-uros%2F|||\u00bb][\/vc_column_inner][vc_column_inner width=\u00bb1\/4&#8243;][vc_single_image image=\u00bb2574&#8243; img_size=\u00bb400&#215;200&#8243;][vc_btn title=\u00bbPukara \/ Lampa &#8211; 8 Horas\u00bb color=\u00bbturquoise\u00bb align=\u00bbcenter\u00bb link=\u00bburl:http%3A%2F%2Fwww.acuarelatourperu.com%2Fpukara-lampa%2F|||\u00bb][\/vc_column_inner][\/vc_row_inner][vc_row_inner css=\u00bb.vc_custom_1551342893999{padding-top: 20px !important;}\u00bb][vc_column_inner width=\u00bb1\/4&#8243;][vc_single_image image=\u00bb2575&#8243; img_size=\u00bb400&#215;200&#8243;][vc_btn title=\u00bbPukara \/ Tinajani &#8211; 8 Horas\u00bb color=\u00bbturquoise\u00bb align=\u00bbcenter\u00bb link=\u00bburl:http%3A%2F%2Fwww.acuarelatourperu.com%2Fpukara-tinajani%2F|||\u00bb][\/vc_column_inner][vc_column_inner width=\u00bb1\/4&#8243;][vc_single_image image=\u00bb2519&#8243; img_size=\u00bb400&#215;200&#8243;][vc_btn title=\u00bbUros \/ Llach\u00f3n \/ Taquile \/ Puno &#8211; 2 D\u00edas\u00bb color=\u00bbturquoise\u00bb align=\u00bbcenter\u00bb link=\u00bburl:http%3A%2F%2Fwww.acuarelatourperu.com%2Furos-llachon-taquile-puno%2F|||\u00bb][\/vc_column_inner][vc_column_inner width=\u00bb1\/4&#8243;][vc_single_image image=\u00bb2520&#8243; img_size=\u00bb400&#215;200&#8243;][vc_btn title=\u00bbUros \/ Amantani \/ Taquile \/ Puno &#8211; 2 D\u00edas\u00bb color=\u00bbturquoise\u00bb align=\u00bbcenter\u00bb link=\u00bburl:http%3A%2F%2Fwww.acuarelatourperu.com%2Furos-amantani-taquile-puno%2F|||\u00bb][\/vc_column_inner][\/vc_row_inner][\/vc_tta_section][\/vc_tta_tabs][\/vc_column][\/vc_row]","protected":false},"excerpt":{"rendered":"<p>[vc_row][vc_column][vc_column_text] TOUR CONVENCIONAL [\/vc_column_text][vc_empty_space][\/vc_column][\/vc_row][vc_row][vc_column][vc_tta_tabs style=\u00bbmodern\u00bb color=\u00bbturquoise\u00bb alignment=\u00bbcenter\u00bb active_section=\u00bb1&#8243;][vc_tta_section title=\u00bbArequipa\u00bb tab_id=\u00bb1551342739523-54363bc1-96e5&#8243;][vc_column_text css=\u00bb.vc_custom_1551343957391{padding-top: 20px !important;padding-right: 20px !important;padding-left: 20px !important;}\u00bb] Arequipa (2300 metros) es una de las ciudades m\u00e1s hermosas del Per\u00fa, conocida&#8230;<\/p>\n","protected":false},"author":1,"featured_media":0,"parent":0,"menu_order":0,"comment_status":"closed","ping_status":"closed","template":"","meta":{"_acf_changed":false,"footnotes":""},"class_list":["post-2123","page","type-page","status-publish","hentry"],"acf":[],"_links":{"self":[{"href":"https:\/\/acuarelatourperu.com\/es\/wp-json\/wp\/v2\/pages\/2123","targetHints":{"allow":["GET"]}}],"collection":[{"href":"https:\/\/acuarelatourperu.com\/es\/wp-json\/wp\/v2\/pages"}],"about":[{"href":"https:\/\/acuarelatourperu.com\/es\/wp-json\/wp\/v2\/types\/page"}],"author":[{"embeddable":true,"href":"https:\/\/acuarelatourperu.com\/es\/wp-json\/wp\/v2\/users\/1"}],"replies":[{"embeddable":true,"href":"https:\/\/acuarelatourperu.com\/es\/wp-json\/wp\/v2\/comments?post=2123"}],"version-history":[{"count":42,"href":"https:\/\/acuarelatourperu.com\/es\/wp-json\/wp\/v2\/pages\/2123\/revisions"}],"predecessor-version":[{"id":4697,"href":"https:\/\/acuarelatourperu.com\/es\/wp-json\/wp\/v2\/pages\/2123\/revisions\/4697"}],"wp:attachment":[{"href":"https:\/\/acuarelatourperu.com\/es\/wp-json\/wp\/v2\/media?parent=2123"}],"curies":[{"name":"wp","href":"https:\/\/api.w.org\/{rel}","templated":true}]}}