{"id":2129,"date":"2019-02-25T07:23:47","date_gmt":"2019-02-25T07:23:47","guid":{"rendered":"http:\/\/www.acuarelatourperu.com\/?page_id=2129"},"modified":"2019-12-20T21:52:55","modified_gmt":"2019-12-20T21:52:55","slug":"aventura","status":"publish","type":"page","link":"https:\/\/acuarelatourperu.com\/es\/aventura\/","title":{"rendered":"AVENTURA"},"content":{"rendered":"[vc_row][vc_column][vc_column_text]\n<h1 style=\"text-align: center;\"><strong><span style=\"color: #02aea9;\">Aventura<\/span><\/strong><\/h1>\n[\/vc_column_text][vc_empty_space][\/vc_column][\/vc_row][vc_row][vc_column][vc_tta_tabs style=\u00bbmodern\u00bb color=\u00bbturquoise\u00bb alignment=\u00bbcenter\u00bb active_section=\u00bb1&#8243;][vc_tta_section title=\u00bbArequipa\u00bb tab_id=\u00bb1551343388998-990041e9-8e59&#8243;][vc_column_text css=\u00bb.vc_custom_1551344029856{padding-top: 20px !important;padding-right: 20px !important;padding-left: 20px !important;}\u00bb]\n<p>Conquistar el mundo sobre las suela de los zapatos, es conocer la verdadera cultura del residente. Cada sendero entre monta\u00f1as y ca\u00f1ones nos conduce hacia una inolvidable aventura.<\/p>\n[\/vc_column_text][vc_row_inner css=\u00bb.vc_custom_1551342893999{padding-top: 20px !important;}\u00bb][vc_column_inner width=\u00bb1\/4&#8243;][vc_single_image image=\u00bb4144&#8243; img_size=\u00bb400&#215;200&#8243;][vc_btn title=\u00bbTrekking Ca\u00f1\u00f3n Del Colca &#8211; 2 D\u00edas\u00bb color=\u00bbturquoise\u00bb align=\u00bbcenter\u00bb link=\u00bburl:http%3A%2F%2Fwww.acuarelatourperu.com%2Ftrekking-canon-del-colca2dias%2F|||\u00bb][\/vc_column_inner][vc_column_inner width=\u00bb1\/4&#8243;][vc_single_image image=\u00bb4145&#8243; img_size=\u00bb400&#215;200&#8243;][vc_btn title=\u00bbTrekking Ca\u00f1\u00f3n Del Colca &#8211; 3 D\u00edas\u00bb color=\u00bbturquoise\u00bb align=\u00bbcenter\u00bb link=\u00bburl:http%3A%2F%2Fwww.acuarelatourperu.com%2Ftrekking-canon-del-colca%2F|||\u00bb][\/vc_column_inner][\/vc_row_inner][\/vc_tta_section][vc_tta_section title=\u00bbCusco\u00bb tab_id=\u00bb1551343385534-fc6cbf63-0d06&#8243;][vc_column_text css=\u00bb.vc_custom_1551345694018{padding-top: 20px !important;padding-right: 20px !important;padding-left: 20px !important;}\u00bb]\n<p style=\"text-align: center;\">Hacer algo diferente y lejos de la multitud, es visitar los diferentes lugares, los cuales, muchas veces est\u00e1 rodeado de imponentes glaciares como el nevado Salkantay o el Humantay quien le da origen a este impresionantes espejos de agua de color turquesa, el interesante Camino Inca o el asombroso Choquequirao; lugares donde el silencio y la calma hace del visitante amante de la naturaleza una experiencia maravillosa, en cada respiro es sentir la pureza del ox\u00edgeno lejos de un mundo bullicioso.<\/p>\n[\/vc_column_text][vc_row_inner css=\u00bb.vc_custom_1551342893999{padding-top: 20px !important;}\u00bb][vc_column_inner width=\u00bb1\/4&#8243;][vc_single_image image=\u00bb4202&#8243; img_size=\u00bb400&#215;200&#8243;][vc_btn title=\u00bbCamino Inca &#8211; 2 D\u00edas\u00bb color=\u00bbturquoise\u00bb align=\u00bbcenter\u00bb link=\u00bburl:http%3A%2F%2Fwww.acuarelatourperu.com%2Fcamino-inca-2-dias%2F|||\u00bb][\/vc_column_inner][vc_column_inner width=\u00bb1\/4&#8243;][vc_single_image image=\u00bb2535&#8243; img_size=\u00bb400&#215;200&#8243;][vc_btn title=\u00bbCaminata Por El Sur De Salkantay Con Machupicchu &#8211; 5 D\u00edas\u00bb color=\u00bbturquoise\u00bb align=\u00bbcenter\u00bb link=\u00bburl:http%3A%2F%2Fwww.acuarelatourperu.com%2Fcaminata-por-el-sur-de-salkantay-con-machupicchu%2F|||\u00bb][\/vc_column_inner][vc_column_inner width=\u00bb1\/4&#8243;][vc_single_image image=\u00bb4203&#8243; img_size=\u00bb400&#215;200&#8243;][vc_btn title=\u00bbCusco\/ Hurquillos\/ Machu Picchu &#8211; 2 D\u00edas\u00bb color=\u00bbturquoise\u00bb align=\u00bbcenter\u00bb link=\u00bburl:http%3A%2F%2Fwww.acuarelatourperu.com%2Fcusco-hurquillos-machu-picchu%2F|||\u00bb][\/vc_column_inner][vc_column_inner width=\u00bb1\/4&#8243;][vc_single_image image=\u00bb2534&#8243; img_size=\u00bb400&#215;200&#8243;][vc_btn title=\u00bbCamino Inca &#8211; 4 D\u00edas\u00bb color=\u00bbturquoise\u00bb align=\u00bbcenter\u00bb link=\u00bburl:http%3A%2F%2Fwww.acuarelatourperu.com%2Fcamino-inca%2F|||\u00bb][\/vc_column_inner][\/vc_row_inner][vc_row_inner css=\u00bb.vc_custom_1551342893999{padding-top: 20px !important;}\u00bb][vc_column_inner width=\u00bb1\/4&#8243;][vc_single_image image=\u00bb2536&#8243; img_size=\u00bb400&#215;200&#8243;][vc_btn title=\u00bbChoquequirao &#8211; 5 D\u00edas\u00bb color=\u00bbturquoise\u00bb align=\u00bbcenter\u00bb link=\u00bburl:http%3A%2F%2Fwww.acuarelatourperu.com%2Fchoquequirao%2F|||\u00bb][\/vc_column_inner][vc_column_inner width=\u00bb1\/4&#8243;][vc_single_image image=\u00bb2537&#8243; img_size=\u00bb400&#215;200&#8243;][vc_btn title=\u00bbLaguna Humantay \u2013 1 D\u00eda\u00bb color=\u00bbturquoise\u00bb align=\u00bbcenter\u00bb link=\u00bburl:http%3A%2F%2Fwww.acuarelatourperu.com%2Flaguna-humantay%2F|||\u00bb][\/vc_column_inner][vc_column_inner width=\u00bb1\/4&#8243;][vc_single_image image=\u00bb2538&#8243; img_size=\u00bb400&#215;200&#8243;][vc_btn title=\u00bbMonta\u00f1a 7 Colores &#8211; 1 D\u00eda\u00bb color=\u00bbturquoise\u00bb align=\u00bbcenter\u00bb link=\u00bburl:http%3A%2F%2Fwww.acuarelatourperu.com%2Fmontana-7-colores%2F|||\u00bb][\/vc_column_inner][vc_column_inner width=\u00bb1\/4&#8243;][vc_single_image image=\u00bb2508&#8243; img_size=\u00bb400&#215;200&#8243;][vc_btn title=\u00bbNevado Salkantay\/ Camino Inca Con Machupicchu En Transporte Privado &#8211; 5 D\u00edas\u00bb color=\u00bbturquoise\u00bb align=\u00bbcenter\u00bb link=\u00bburl:http%3A%2F%2Fwww.acuarelatourperu.com%2Fnevado-salkantay-camino-inca-con-machupicchu-en-transporte-privado%2F|||\u00bb][\/vc_column_inner][\/vc_row_inner][vc_row_inner css=\u00bb.vc_custom_1551342893999{padding-top: 20px !important;}\u00bb][vc_column_inner width=\u00bb1\/4&#8243;][vc_single_image image=\u00bb2540&#8243; img_size=\u00bb400&#215;200&#8243;][vc_btn title=\u00bbAusangate &#8211; 4 D\u00edas\u00bb color=\u00bbturquoise\u00bb align=\u00bbcenter\u00bb link=\u00bburl:http%3A%2F%2Fwww.acuarelatourperu.com%2Fausangate%2F|||\u00bb][\/vc_column_inner][vc_column_inner width=\u00bb1\/4&#8243;][vc_single_image image=\u00bb2541&#8243; img_size=\u00bb400&#215;200&#8243;][vc_btn title=\u00bbCaminata Lares &#8211; 4 D\u00edas\u00bb color=\u00bbturquoise\u00bb align=\u00bbcenter\u00bb link=\u00bburl:http%3A%2F%2Fwww.acuarelatourperu.com%2Fcaminata-lares%2F|||\u00bb][\/vc_column_inner][\/vc_row_inner][\/vc_tta_section][vc_tta_section title=\u00bbHuaraz\u00bb tab_id=\u00bb1551431818102-34caf1a7-e51e\u00bb][vc_column_text css=\u00bb.vc_custom_1551371741377{padding-top: 20px !important;padding-right: 20px !important;padding-left: 20px !important;}\u00bb]\n<p style=\"text-align: center;\">Visitar la Cordillera Blanca a pie, es una de las experiencias m\u00e1s enriquecedoras de nuestra vida, acompa\u00f1ado de muchas vistas sobre lo alto de las cumbres, nos hacen sentir libres\u2026 como viento.<\/p>\n[\/vc_column_text][vc_row_inner css=\u00bb.vc_custom_1551342893999{padding-top: 20px !important;}\u00bb][vc_column_inner width=\u00bb1\/4&#8243;][vc_single_image image=\u00bb2553&#8243; img_size=\u00bb400&#215;200&#8243;][vc_btn title=\u00bbNevado Pastoruri + 02 Horas De Trekk \u2013 RUTA DEL CAMBIO CLIMATICO (FULL DAY)\u00bb color=\u00bbturquoise\u00bb align=\u00bbcenter\u00bb link=\u00bburl:http%3A%2F%2Fwww.acuarelatourperu.com%2Fnevado-pastoruri-02-horas-de-trekk%2F|||\u00bb][\/vc_column_inner][vc_column_inner width=\u00bb1\/4&#8243;][vc_single_image image=\u00bb2554&#8243; img_size=\u00bb400&#215;200&#8243;][vc_btn title=\u00bbCordillera Blanca Santa Cruz Trekk Con Llamas &#8211; 4 a 6 D\u00edas\u00bb color=\u00bbturquoise\u00bb align=\u00bbcenter\u00bb link=\u00bburl:http%3A%2F%2Fwww.acuarelatourperu.com%2Fcordillera-blanca-santa-cruz-trekk-con-llamas%2F|||\u00bb][\/vc_column_inner][vc_column_inner width=\u00bb1\/4&#8243;][vc_single_image image=\u00bb2556&#8243; img_size=\u00bb400&#215;200&#8243;][vc_btn title=\u00bbLaguna 69 \u2013 1 D\u00eda\u00bb color=\u00bbturquoise\u00bb align=\u00bbcenter\u00bb link=\u00bburl:http%3A%2F%2Fwww.acuarelatourperu.com%2Flaguna-69%2F|||\u00bb][\/vc_column_inner][vc_column_inner width=\u00bb1\/4&#8243;][vc_single_image image=\u00bb2557&#8243; img_size=\u00bb400&#215;200&#8243;][vc_btn title=\u00bbLaguna Churup O Laguna De 7 Colores &#8211; 1 D\u00eda\u00bb color=\u00bbturquoise\u00bb align=\u00bbcenter\u00bb link=\u00bburl:http%3A%2F%2Fwww.acuarelatourperu.com%2Flaguna-churup-o-laguna-de-7-colores%2F|||\u00bb][\/vc_column_inner][\/vc_row_inner][vc_row_inner css=\u00bb.vc_custom_1551342893999{padding-top: 20px !important;}\u00bb][vc_column_inner width=\u00bb1\/4&#8243;][vc_single_image image=\u00bb2560&#8243; img_size=\u00bb400&#215;200&#8243;][vc_btn title=\u00bbTrekking Santa Cruz, Cordillera Blanca &#8211; 4 D\u00edas\u00bb color=\u00bbturquoise\u00bb align=\u00bbcenter\u00bb link=\u00bburl:http%3A%2F%2Fwww.acuarelatourperu.com%2Ftrekking-santa-cruz-cordillera-blanca%2F|||\u00bb][\/vc_column_inner][vc_column_inner width=\u00bb1\/4&#8243;][vc_single_image image=\u00bb2562&#8243; img_size=\u00bb400&#215;200&#8243;][vc_btn title=\u00bbLaguna Par\u00f3n \u2013 FULL DAY\u00bb color=\u00bbturquoise\u00bb align=\u00bbcenter\u00bb link=\u00bburl:http%3A%2F%2Fwww.acuarelatourperu.com%2Flaguna-paron%2F|||\u00bb][\/vc_column_inner][\/vc_row_inner][\/vc_tta_section][vc_tta_section title=\u00bbPuno\u00bb tab_id=\u00bb1551431895305-2cb7658c-90a8&#8243;][vc_column_text css=\u00bb.vc_custom_1551372667837{padding-top: 20px !important;padding-right: 20px !important;padding-left: 20px !important;}\u00bb]\n<p style=\"text-align: center;\">Contamos con diferentes rutas de medio d\u00eda hasta expediciones de varios d\u00edas, siempre con un personal con experiencia y personal de apoyo, que nos permite operar con seguridad y con todo el equipo que este tipo de aventura requiere.<\/p>\n[\/vc_column_text][vc_row_inner css=\u00bb.vc_custom_1551342893999{padding-top: 20px !important;}\u00bb][vc_column_inner width=\u00bb1\/4&#8243;][vc_single_image image=\u00bb2577&#8243; img_size=\u00bb400&#215;200&#8243;][vc_btn title=\u00bbUros By Kayak \u2013 Medio D\u00eda\u00bb color=\u00bbturquoise\u00bb align=\u00bbcenter\u00bb link=\u00bburl:http%3A%2F%2Fwww.acuarelatourperu.com%2Furos-by-kayak%2F|||\u00bb][\/vc_column_inner][vc_column_inner width=\u00bb1\/4&#8243;][vc_single_image image=\u00bb2578&#8243; img_size=\u00bb400&#215;200&#8243;][vc_btn title=\u00bbFloating Bike: Puno \u2013 Isla De Los Uros &#8211; Medio D\u00eda\u00bb color=\u00bbturquoise\u00bb align=\u00bbcenter\u00bb link=\u00bburl:http%3A%2F%2Fwww.acuarelatourperu.com%2Ffloating-bike-puno-isla-de-los-uros%2F|||\u00bb][\/vc_column_inner][vc_column_inner width=\u00bb1\/4&#8243;][vc_single_image image=\u00bb2579&#8243; img_size=\u00bb400&#215;200&#8243;][vc_btn title=\u00bbBicicleta Monta\u00f1era Hacia Las Ruinas De Cutimbo &#8211; Medio D\u00eda\u00bb color=\u00bbturquoise\u00bb align=\u00bbcenter\u00bb link=\u00bburl:http%3A%2F%2Fwww.acuarelatourperu.com%2Fbicicleta-montanera-hacia-las-ruinas-de-cutimbo%2F|||\u00bb][\/vc_column_inner][vc_column_inner width=\u00bb1\/4&#8243;][vc_single_image image=\u00bb3759&#8243; img_size=\u00bb400&#215;200&#8243;][vc_btn title=\u00bbUros By Kayak \/ Taquile \/ Puno &#8211; 2 D\u00edas\u00bb color=\u00bbturquoise\u00bb align=\u00bbcenter\u00bb link=\u00bburl:http%3A%2F%2Fwww.acuarelatourperu.com%2Furos-by-kayak-taquile-puno%2F|||\u00bb][\/vc_column_inner][\/vc_row_inner][\/vc_tta_section][\/vc_tta_tabs][\/vc_column][\/vc_row]","protected":false},"excerpt":{"rendered":"<p>[vc_row][vc_column][vc_column_text] Aventura [\/vc_column_text][vc_empty_space][\/vc_column][\/vc_row][vc_row][vc_column][vc_tta_tabs style=\u00bbmodern\u00bb color=\u00bbturquoise\u00bb alignment=\u00bbcenter\u00bb active_section=\u00bb1&#8243;][vc_tta_section title=\u00bbArequipa\u00bb tab_id=\u00bb1551343388998-990041e9-8e59&#8243;][vc_column_text css=\u00bb.vc_custom_1551344029856{padding-top: 20px !important;padding-right: 20px !important;padding-left: 20px !important;}\u00bb] Conquistar el mundo sobre las suela de los zapatos, es conocer la verdadera cultura&#8230;<\/p>\n","protected":false},"author":1,"featured_media":0,"parent":0,"menu_order":0,"comment_status":"closed","ping_status":"closed","template":"","meta":{"_acf_changed":false,"footnotes":""},"class_list":["post-2129","page","type-page","status-publish","hentry"],"acf":[],"_links":{"self":[{"href":"https:\/\/acuarelatourperu.com\/es\/wp-json\/wp\/v2\/pages\/2129","targetHints":{"allow":["GET"]}}],"collection":[{"href":"https:\/\/acuarelatourperu.com\/es\/wp-json\/wp\/v2\/pages"}],"about":[{"href":"https:\/\/acuarelatourperu.com\/es\/wp-json\/wp\/v2\/types\/page"}],"author":[{"embeddable":true,"href":"https:\/\/acuarelatourperu.com\/es\/wp-json\/wp\/v2\/users\/1"}],"replies":[{"embeddable":true,"href":"https:\/\/acuarelatourperu.com\/es\/wp-json\/wp\/v2\/comments?post=2129"}],"version-history":[{"count":36,"href":"https:\/\/acuarelatourperu.com\/es\/wp-json\/wp\/v2\/pages\/2129\/revisions"}],"predecessor-version":[{"id":4696,"href":"https:\/\/acuarelatourperu.com\/es\/wp-json\/wp\/v2\/pages\/2129\/revisions\/4696"}],"wp:attachment":[{"href":"https:\/\/acuarelatourperu.com\/es\/wp-json\/wp\/v2\/media?parent=2129"}],"curies":[{"name":"wp","href":"https:\/\/api.w.org\/{rel}","templated":true}]}}