{"id":2131,"date":"2019-02-25T07:25:34","date_gmt":"2019-02-25T07:25:34","guid":{"rendered":"http:\/\/www.acuarelatourperu.com\/?page_id=2131"},"modified":"2019-12-20T21:19:55","modified_gmt":"2019-12-20T21:19:55","slug":"observacion-de-aves","status":"publish","type":"page","link":"https:\/\/acuarelatourperu.com\/es\/observacion-de-aves\/","title":{"rendered":"OBSERVACI\u00d3N DE AVES"},"content":{"rendered":"[vc_row][vc_column][vc_column_text]\n<h1 style=\"text-align: center;\"><strong><span style=\"color: #02aea9;\">Observaci\u00f3n de Aves<\/span><\/strong><\/h1>\n[\/vc_column_text][vc_empty_space][\/vc_column][\/vc_row][vc_row][vc_column][vc_tta_tabs style=\u00bbmodern\u00bb color=\u00bbturquoise\u00bb alignment=\u00bbcenter\u00bb active_section=\u00bb1&#8243;][vc_tta_section title=\u00bbArequipa\u00bb tab_id=\u00bb1551343385534-fc6cbf63-0d06&#8243;][vc_column_text css=\u00bb.vc_custom_1551344084161{padding-top: 20px !important;padding-right: 20px !important;padding-left: 20px !important;}\u00bb]\n<p>Per\u00fa, uno de los pa\u00edses m\u00e1s diversos del mundo y hogar de 1800 clases de aves en todo el territorio. Partiendo desde nuestra costa des\u00e9rtica, selva y sierra, donde encontraremos las especies m\u00e1s anheladas en observar.<\/p>\n[\/vc_column_text][vc_row_inner css=\u00bb.vc_custom_1551342893999{padding-top: 20px !important;}\u00bb][vc_column_inner width=\u00bb1\/4&#8243;][vc_single_image image=\u00bb4285&#8243; img_size=\u00bb400&#215;200&#8243;][vc_btn title=\u00bbLaguna De Salinas &#8211; 1 D\u00eda\u00bb color=\u00bbturquoise\u00bb align=\u00bbcenter\u00bb link=\u00bburl:http%3A%2F%2Fwww.acuarelatourperu.com%2Flaguna-de-salinas%2F|||\u00bb][\/vc_column_inner][vc_column_inner width=\u00bb1\/4&#8243;][vc_single_image image=\u00bb4286&#8243; img_size=\u00bb400&#215;200&#8243;][vc_btn title=\u00bbLaguna De Mej\u00eda \u2013 1 D\u00eda\u00bb color=\u00bbturquoise\u00bb align=\u00bbcenter\u00bb link=\u00bburl:http%3A%2F%2Fwww.acuarelatourperu.com%2Flaguna-de-mejia%2F|||\u00bb][\/vc_column_inner][vc_column_inner width=\u00bb1\/4&#8243;][vc_single_image image=\u00bb4287&#8243; img_size=\u00bb400&#215;200&#8243;][vc_btn title=\u00bbRuta Del Valle Del Colca &#8211; 2 o 3 D\u00edas\u00bb color=\u00bbturquoise\u00bb align=\u00bbcenter\u00bb link=\u00bburl:http%3A%2F%2Fwww.acuarelatourperu.com%2Fruta-del-valle-del-colca%2F|||\u00bb][\/vc_column_inner][\/vc_row_inner][\/vc_tta_section][vc_tta_section title=\u00bbCusco\u00bb tab_id=\u00bb1551432253991-caa934a3-9587&#8243;][vc_column_text css=\u00bb.vc_custom_1551371495767{padding-top: 20px !important;padding-right: 20px !important;padding-left: 20px !important;}\u00bb]\n<p style=\"text-align: center;\">Sin duda para los observadores de aves, Cusco es un para\u00edso por su variedad en ecorregiones, una gran variedad de flora hacen el h\u00e1bitat para muchas especies end\u00e9micas e incluso migratorias de otras partes del mundo. Entre los lugares m\u00e1s destacados est\u00e1 el santuario hist\u00f3rico de Machu Picchu, Abra M\u00e1laga, Reserva de Biosfera del Manu. En esta peque\u00f1a regi\u00f3n, los amantes a las aves hacen de \u00e9l un gran para\u00edso.<\/p>\n[\/vc_column_text][vc_row_inner css=\u00bb.vc_custom_1551342893999{padding-top: 20px !important;}\u00bb][vc_column_inner width=\u00bb1\/4&#8243;][vc_single_image image=\u00bb4415&#8243; img_size=\u00bb400&#215;200&#8243;][vc_btn title=\u00bbMollepata &#8211; 1 D\u00eda\u00bb color=\u00bbturquoise\u00bb align=\u00bbcenter\u00bb link=\u00bburl:http%3A%2F%2Fwww.acuarelatourperu.com%2Fmollepata%2F|||\u00bb][\/vc_column_inner][vc_column_inner width=\u00bb1\/4&#8243;][vc_single_image image=\u00bb2544&#8243; img_size=\u00bb400&#215;200&#8243;][vc_btn title=\u00bbChonta, Mirador De Condores &#8211; 1 D\u00eda\u00bb color=\u00bbturquoise\u00bb align=\u00bbcenter\u00bb link=\u00bburl:http%3A%2F%2Fwww.acuarelatourperu.com%2Fchonta-mirador-de-condores%2F|||\u00bb][\/vc_column_inner][vc_column_inner width=\u00bb1\/4&#8243;][vc_single_image image=\u00bb4425&#8243; img_size=\u00bb400&#215;200&#8243;][vc_btn title=\u00bbAbra Malaga \u2013 Hipal + Machupicchu &#8211; 3 D\u00edas\u00bb color=\u00bbturquoise\u00bb align=\u00bbcenter\u00bb link=\u00bburl:http%3A%2F%2Fwww.acuarelatourperu.com%2Fabra-malaga-hipal-machupicchu%2F|||\u00bb][\/vc_column_inner][vc_column_inner width=\u00bb1\/4&#8243;][vc_single_image image=\u00bb2546&#8243; img_size=\u00bb400&#215;200&#8243;][vc_btn title=\u00bbLaguna Huacarpay &#8211; Medio D\u00eda\u00bb color=\u00bbturquoise\u00bb align=\u00bbcenter\u00bb link=\u00bburl:http%3A%2F%2Fwww.acuarelatourperu.com%2Flaguna-huacarpay%2F|||\u00bb][\/vc_column_inner][\/vc_row_inner][vc_row_inner css=\u00bb.vc_custom_1551342893999{padding-top: 20px !important;}\u00bb][vc_column_inner width=\u00bb1\/4&#8243;][vc_single_image image=\u00bb4451&#8243; img_size=\u00bb400&#215;200&#8243;][vc_btn title=\u00bbLaguna Piuray &#8211; Medio D\u00eda\u00bb color=\u00bbturquoise\u00bb align=\u00bbcenter\u00bb link=\u00bburl:http%3A%2F%2Fwww.acuarelatourperu.com%2Flaguna-piuray%2F|||\u00bb][\/vc_column_inner][vc_column_inner width=\u00bb1\/4&#8243;][vc_single_image image=\u00bb4295&#8243; img_size=\u00bb400&#215;200&#8243;][vc_btn title=\u00bbTambomachay, Ruta De Los Canasteros &#8211; Medio D\u00eda\u00bb color=\u00bbturquoise\u00bb align=\u00bbcenter\u00bb link=\u00bburl:http%3A%2F%2Fwww.acuarelatourperu.com%2Ftambomachay%2F|||\u00bb][\/vc_column_inner][vc_column_inner width=\u00bb1\/4&#8243;][vc_single_image image=\u00bb4452&#8243; img_size=\u00bb400&#215;200&#8243;][vc_btn title=\u00bbRuta Del Manu &#8211; 5 D\u00edas\u00bb color=\u00bbturquoise\u00bb align=\u00bbcenter\u00bb link=\u00bburl:http%3A%2F%2Fwww.acuarelatourperu.com%2Fruta-del-manu%2F|||\u00bb][\/vc_column_inner][\/vc_row_inner][\/vc_tta_section][\/vc_tta_tabs][\/vc_column][\/vc_row]","protected":false},"excerpt":{"rendered":"<p>[vc_row][vc_column][vc_column_text] Observaci\u00f3n de Aves [\/vc_column_text][vc_empty_space][\/vc_column][\/vc_row][vc_row][vc_column][vc_tta_tabs style=\u00bbmodern\u00bb color=\u00bbturquoise\u00bb alignment=\u00bbcenter\u00bb active_section=\u00bb1&#8243;][vc_tta_section title=\u00bbArequipa\u00bb tab_id=\u00bb1551343385534-fc6cbf63-0d06&#8243;][vc_column_text css=\u00bb.vc_custom_1551344084161{padding-top: 20px !important;padding-right: 20px !important;padding-left: 20px !important;}\u00bb] Per\u00fa, uno de los pa\u00edses m\u00e1s diversos del mundo y hogar de&#8230;<\/p>\n","protected":false},"author":1,"featured_media":0,"parent":0,"menu_order":0,"comment_status":"closed","ping_status":"closed","template":"","meta":{"_acf_changed":false,"footnotes":""},"class_list":["post-2131","page","type-page","status-publish","hentry"],"acf":[],"_links":{"self":[{"href":"https:\/\/acuarelatourperu.com\/es\/wp-json\/wp\/v2\/pages\/2131","targetHints":{"allow":["GET"]}}],"collection":[{"href":"https:\/\/acuarelatourperu.com\/es\/wp-json\/wp\/v2\/pages"}],"about":[{"href":"https:\/\/acuarelatourperu.com\/es\/wp-json\/wp\/v2\/types\/page"}],"author":[{"embeddable":true,"href":"https:\/\/acuarelatourperu.com\/es\/wp-json\/wp\/v2\/users\/1"}],"replies":[{"embeddable":true,"href":"https:\/\/acuarelatourperu.com\/es\/wp-json\/wp\/v2\/comments?post=2131"}],"version-history":[{"count":28,"href":"https:\/\/acuarelatourperu.com\/es\/wp-json\/wp\/v2\/pages\/2131\/revisions"}],"predecessor-version":[{"id":4683,"href":"https:\/\/acuarelatourperu.com\/es\/wp-json\/wp\/v2\/pages\/2131\/revisions\/4683"}],"wp:attachment":[{"href":"https:\/\/acuarelatourperu.com\/es\/wp-json\/wp\/v2\/media?parent=2131"}],"curies":[{"name":"wp","href":"https:\/\/api.w.org\/{rel}","templated":true}]}}