{"id":2975,"date":"2019-07-20T14:36:43","date_gmt":"2019-07-20T14:36:43","guid":{"rendered":"http:\/\/www.acuarelatourperu.com\/?page_id=2975"},"modified":"2019-12-20T21:34:28","modified_gmt":"2019-12-20T21:34:28","slug":"ruta-del-manu","status":"publish","type":"page","link":"https:\/\/acuarelatourperu.com\/es\/ruta-del-manu\/","title":{"rendered":"RUTA DEL MANU"},"content":{"rendered":"[vc_row][vc_column][vc_column_text]\n<h1 style=\"text-align: center;\"><span style=\"color: #02aea9;\">RUTA DEL MANU<\/span><\/h1>\n<p>\u2022 \u00a0<strong>Duraci\u00f3n: <\/strong>\u00a05 d\u00edas<\/p>\n<p>Manu, por su gran diversidad de paisajes y climas y su buena reputaci\u00f3n bien ganada, sin duda es uno de los sitios de m\u00e1s alta diversidad biol\u00f3gica. Un lugar ideal para los que buscan descubrir la vida en el bosque. Protege una de las eco regiones m\u00e1s importantes del pa\u00eds desde la puna\u00a0 fr\u00edgidas sobre los 4000 mil metros, agrestes monta\u00f1as que le dan origen a una multitud de valles quebradas hasta el llano de la amazonia, verdaderamente un para\u00edso mega diverso.<\/p>\n[\/vc_column_text][vc_row_inner gap=\u00bb5&#8243;][vc_column_inner offset=\u00bbvc_hidden-lg vc_hidden-md vc_hidden-sm\u00bb][vc_gallery type=\u00bbimage_grid\u00bb images=\u00bb4191,2973,2972,2971,2970,2966,2967,2969,2965,2964,2963,2962,2958,2959,2960,2961,4449,4448,4447,4446,4445,4444,4443&#8243; img_size=\u00bbmedium\u00bb onclick=\u00bbcustom_link\u00bb css_animation=\u00bbfadeIn\u00bb][\/vc_column_inner][\/vc_row_inner][\/vc_column][\/vc_row][vc_row][vc_column offset=\u00bbvc_hidden-xs\u00bb][vc_media_grid element_width=\u00bb2&#8243; grid_id=\u00bbvc_gid:1568211058863-bf55d6e9-f203-4&#8243; include=\u00bb4191,2973,2972,2971,2970,2969,2967,2960,2961,2962,2963,2964,2965,2966,2959,2958,4443,4444,4445,4446,4447,4448,4449&#8243;][\/vc_column][\/vc_row][vc_row content_placement=\u00bbmiddle\u00bb][vc_column][vc_btn title=\u00bbCOTIZAR\u00bb color=\u00bbdanger\u00bb align=\u00bbcenter\u00bb css_animation=\u00bbzoomInRight\u00bb link=\u00bburl:http%3A%2F%2Fbit.ly%2FAcuarelaTourPeru|||\u00bb][\/vc_column][\/vc_row]","protected":false},"excerpt":{"rendered":"<p>[vc_row][vc_column][vc_column_text] RUTA DEL MANU \u2022 \u00a0Duraci\u00f3n: \u00a05 d\u00edas Manu, por su gran diversidad de paisajes y climas y su buena reputaci\u00f3n bien ganada, sin duda es uno de los sitios&#8230;<\/p>\n","protected":false},"author":1,"featured_media":0,"parent":0,"menu_order":0,"comment_status":"closed","ping_status":"closed","template":"","meta":{"_acf_changed":false,"footnotes":""},"class_list":["post-2975","page","type-page","status-publish","hentry"],"acf":[],"_links":{"self":[{"href":"https:\/\/acuarelatourperu.com\/es\/wp-json\/wp\/v2\/pages\/2975","targetHints":{"allow":["GET"]}}],"collection":[{"href":"https:\/\/acuarelatourperu.com\/es\/wp-json\/wp\/v2\/pages"}],"about":[{"href":"https:\/\/acuarelatourperu.com\/es\/wp-json\/wp\/v2\/types\/page"}],"author":[{"embeddable":true,"href":"https:\/\/acuarelatourperu.com\/es\/wp-json\/wp\/v2\/users\/1"}],"replies":[{"embeddable":true,"href":"https:\/\/acuarelatourperu.com\/es\/wp-json\/wp\/v2\/comments?post=2975"}],"version-history":[{"count":36,"href":"https:\/\/acuarelatourperu.com\/es\/wp-json\/wp\/v2\/pages\/2975\/revisions"}],"predecessor-version":[{"id":4693,"href":"https:\/\/acuarelatourperu.com\/es\/wp-json\/wp\/v2\/pages\/2975\/revisions\/4693"}],"wp:attachment":[{"href":"https:\/\/acuarelatourperu.com\/es\/wp-json\/wp\/v2\/media?parent=2975"}],"curies":[{"name":"wp","href":"https:\/\/api.w.org\/{rel}","templated":true}]}}