{"id":3008,"date":"2019-07-20T16:35:40","date_gmt":"2019-07-20T16:35:40","guid":{"rendered":"http:\/\/www.acuarelatourperu.com\/?page_id=3008"},"modified":"2019-12-20T21:33:28","modified_gmt":"2019-12-20T21:33:28","slug":"tambomachay","status":"publish","type":"page","link":"https:\/\/acuarelatourperu.com\/es\/tambomachay\/","title":{"rendered":"TAMBOMACHAY"},"content":{"rendered":"[vc_row][vc_column][vc_column_text]\n<h1 style=\"text-align: center;\"><span style=\"color: #02aea9;\">TAMBOMACHAY, Ruta de los Canasteros<\/span><\/h1>\n<p>\u2022 \u00a0<strong>Duraci\u00f3n: <\/strong>\u00a0medio d\u00eda<\/p>\n<p>Est\u00e1 ubicado a 20 minutos de la ciudad de Cusco y se puede llegar a m\u00e1s de 4000 metros, es una ruta interesante para la observaci\u00f3n de canasteros en los pajonales de las monta\u00f1as y hay oportunidad para el avistamiento de algunos \u201cnighjar\u201d en el bosque de polilepis, ya que es un lugar muy tranquilo y no transitado por mucha gente.[\/vc_column_text][vc_row_inner gap=\u00bb5&#8243;][vc_column_inner offset=\u00bbvc_hidden-lg vc_hidden-md vc_hidden-sm\u00bb][vc_gallery type=\u00bbimage_grid\u00bb images=\u00bb3017,4297,4441,4440,4439,4438,4437&#8243; img_size=\u00bbmedium\u00bb onclick=\u00bbcustom_link\u00bb css_animation=\u00bbfadeIn\u00bb][\/vc_column_inner][\/vc_row_inner][\/vc_column][\/vc_row][vc_row][vc_column offset=\u00bbvc_hidden-xs\u00bb][vc_media_grid element_width=\u00bb2&#8243; grid_id=\u00bbvc_gid:1568210653316-4bde657d-8952-1&#8243; include=\u00bb4440,3017,4297,4437,4438,4439,4441&#8243;][\/vc_column][\/vc_row][vc_row content_placement=\u00bbmiddle\u00bb][vc_column][vc_btn title=\u00bbCOTIZAR\u00bb color=\u00bbdanger\u00bb align=\u00bbcenter\u00bb css_animation=\u00bbzoomInRight\u00bb link=\u00bburl:http%3A%2F%2Fbit.ly%2FAcuarelaTourPeru|||\u00bb][\/vc_column][\/vc_row]","protected":false},"excerpt":{"rendered":"<p>[vc_row][vc_column][vc_column_text] TAMBOMACHAY, Ruta de los Canasteros \u2022 \u00a0Duraci\u00f3n: \u00a0medio d\u00eda Est\u00e1 ubicado a 20 minutos de la ciudad de Cusco y se puede llegar a m\u00e1s de 4000 metros, es&#8230;<\/p>\n","protected":false},"author":1,"featured_media":0,"parent":0,"menu_order":0,"comment_status":"closed","ping_status":"closed","template":"","meta":{"_acf_changed":false,"footnotes":""},"class_list":["post-3008","page","type-page","status-publish","hentry"],"acf":[],"_links":{"self":[{"href":"https:\/\/acuarelatourperu.com\/es\/wp-json\/wp\/v2\/pages\/3008","targetHints":{"allow":["GET"]}}],"collection":[{"href":"https:\/\/acuarelatourperu.com\/es\/wp-json\/wp\/v2\/pages"}],"about":[{"href":"https:\/\/acuarelatourperu.com\/es\/wp-json\/wp\/v2\/types\/page"}],"author":[{"embeddable":true,"href":"https:\/\/acuarelatourperu.com\/es\/wp-json\/wp\/v2\/users\/1"}],"replies":[{"embeddable":true,"href":"https:\/\/acuarelatourperu.com\/es\/wp-json\/wp\/v2\/comments?post=3008"}],"version-history":[{"count":13,"href":"https:\/\/acuarelatourperu.com\/es\/wp-json\/wp\/v2\/pages\/3008\/revisions"}],"predecessor-version":[{"id":4692,"href":"https:\/\/acuarelatourperu.com\/es\/wp-json\/wp\/v2\/pages\/3008\/revisions\/4692"}],"wp:attachment":[{"href":"https:\/\/acuarelatourperu.com\/es\/wp-json\/wp\/v2\/media?parent=3008"}],"curies":[{"name":"wp","href":"https:\/\/api.w.org\/{rel}","templated":true}]}}