{"id":3026,"date":"2019-07-20T17:37:40","date_gmt":"2019-07-20T17:37:40","guid":{"rendered":"http:\/\/www.acuarelatourperu.com\/?page_id=3026"},"modified":"2019-12-20T21:32:08","modified_gmt":"2019-12-20T21:32:08","slug":"laguna-piuray","status":"publish","type":"page","link":"https:\/\/acuarelatourperu.com\/es\/laguna-piuray\/","title":{"rendered":"LAGUNA PIURAY"},"content":{"rendered":"[vc_row][vc_column][vc_column_text]\n<h1 style=\"text-align: center;\"><span style=\"color: #02aea9;\">LAGUNA PIURAY<\/span><\/h1>\n<p>\u2022 \u00a0<strong>Duraci\u00f3n: <\/strong>\u00a0medio d\u00eda<\/p>\n<p>Ubicada a m\u00e1s de 3700 metros, ruta hacia el distrito de Chincheros. Es un lugar ideal para la observaci\u00f3n de aves ya que es un sitio donde suelen llegar aves migratorias boreales. Importante lugar para el descanso y alimentaci\u00f3n para estas especies.[\/vc_column_text][vc_row_inner gap=\u00bb5&#8243;][vc_column_inner offset=\u00bbvc_hidden-lg vc_hidden-md vc_hidden-sm\u00bb][vc_gallery type=\u00bbimage_grid\u00bb images=\u00bb4432,3031,4433,3030,4431,3029,4434,4428,2591&#8243; img_size=\u00bbmedium\u00bb onclick=\u00bbcustom_link\u00bb css_animation=\u00bbfadeIn\u00bb][\/vc_column_inner][\/vc_row_inner][\/vc_column][\/vc_row][vc_row][vc_column offset=\u00bbvc_hidden-xs\u00bb][vc_media_grid element_width=\u00bb2&#8243; grid_id=\u00bbvc_gid:1568209796095-e1a69f33-1000-3&#8243; include=\u00bb4432,3029,4433,3030,4431,3031,4435,4434,2591&#8243;][\/vc_column][\/vc_row][vc_row content_placement=\u00bbmiddle\u00bb][vc_column][vc_btn title=\u00bbCOTIZAR\u00bb color=\u00bbdanger\u00bb align=\u00bbcenter\u00bb css_animation=\u00bbzoomInRight\u00bb link=\u00bburl:http%3A%2F%2Fbit.ly%2FAcuarelaTourPeru|||\u00bb][\/vc_column][\/vc_row]","protected":false},"excerpt":{"rendered":"<p>[vc_row][vc_column][vc_column_text] LAGUNA PIURAY \u2022 \u00a0Duraci\u00f3n: \u00a0medio d\u00eda Ubicada a m\u00e1s de 3700 metros, ruta hacia el distrito de Chincheros. Es un lugar ideal para la observaci\u00f3n de aves ya que&#8230;<\/p>\n","protected":false},"author":1,"featured_media":0,"parent":0,"menu_order":0,"comment_status":"closed","ping_status":"closed","template":"","meta":{"_acf_changed":false,"footnotes":""},"class_list":["post-3026","page","type-page","status-publish","hentry"],"acf":[],"_links":{"self":[{"href":"https:\/\/acuarelatourperu.com\/es\/wp-json\/wp\/v2\/pages\/3026","targetHints":{"allow":["GET"]}}],"collection":[{"href":"https:\/\/acuarelatourperu.com\/es\/wp-json\/wp\/v2\/pages"}],"about":[{"href":"https:\/\/acuarelatourperu.com\/es\/wp-json\/wp\/v2\/types\/page"}],"author":[{"embeddable":true,"href":"https:\/\/acuarelatourperu.com\/es\/wp-json\/wp\/v2\/users\/1"}],"replies":[{"embeddable":true,"href":"https:\/\/acuarelatourperu.com\/es\/wp-json\/wp\/v2\/comments?post=3026"}],"version-history":[{"count":7,"href":"https:\/\/acuarelatourperu.com\/es\/wp-json\/wp\/v2\/pages\/3026\/revisions"}],"predecessor-version":[{"id":4691,"href":"https:\/\/acuarelatourperu.com\/es\/wp-json\/wp\/v2\/pages\/3026\/revisions\/4691"}],"wp:attachment":[{"href":"https:\/\/acuarelatourperu.com\/es\/wp-json\/wp\/v2\/media?parent=3026"}],"curies":[{"name":"wp","href":"https:\/\/api.w.org\/{rel}","templated":true}]}}