{"id":3036,"date":"2019-07-20T18:07:27","date_gmt":"2019-07-20T18:07:27","guid":{"rendered":"http:\/\/www.acuarelatourperu.com\/?page_id=3036"},"modified":"2019-12-20T21:31:04","modified_gmt":"2019-12-20T21:31:04","slug":"laguna-huacarpay","status":"publish","type":"page","link":"https:\/\/acuarelatourperu.com\/es\/laguna-huacarpay\/","title":{"rendered":"LAGUNA HUACARPAY"},"content":{"rendered":"[vc_row][vc_column][vc_column_text]\n<h1 style=\"text-align: center;\"><span style=\"color: #02aea9;\">LAGUNA HUACARPAY<\/span><\/h1>\n<p>\u2022 \u00a0<strong>Duraci\u00f3n: <\/strong>\u00a0medio d\u00eda<\/p>\n<p>Salimos temprano de Arequipa para aprovechar la ausencia de turistas y descubrir especies comunes como: Andean Condor, Andean Goose, Gray \u2013breasted Seedsnipe, Andean avocet, Giant Hummingbird; Especies no communes: Torrent Duck, Andean Swift, Peruvian Pygmy-Owl y especies raras: Black-face Ibis, Diademed Sandpiper-Plover, Rufous-bellied Seedsnipe, Plain-mantled Tit-Spinetail.<\/p>\n<p>Teniendo as\u00ed m\u00e1s tiempo dentro del tour convencional hacia el Ca\u00f1\u00f3n y Valle del Colca.<\/p>\n<p>Incluye: Movilidad, gu\u00eda, 1 box lunch,\u00a0 hotel, desayuno<\/p>\n<p>No Incluye: Entradas, cena, almuerzos, bebidas.[\/vc_column_text][vc_row_inner gap=\u00bb5&#8243;][vc_column_inner offset=\u00bbvc_hidden-lg vc_hidden-md vc_hidden-sm\u00bb][vc_gallery type=\u00bbimage_grid\u00bb images=\u00bb4182,4187,4183,4185,4188,4189,4184&#8243; img_size=\u00bbmedium\u00bb onclick=\u00bbcustom_link\u00bb css_animation=\u00bbfadeIn\u00bb][\/vc_column_inner][\/vc_row_inner][\/vc_column][\/vc_row][vc_row][vc_column offset=\u00bbvc_hidden-xs\u00bb][vc_media_grid element_width=\u00bb2&#8243; grid_id=\u00bbvc_gid:1567658335473-42b8729a-0424-8&#8243; include=\u00bb4182,4183,4184,4185,4186,4187,4188,4189&#8243;][\/vc_column][\/vc_row][vc_row content_placement=\u00bbmiddle\u00bb][vc_column][vc_btn title=\u00bbCOTIZAR\u00bb color=\u00bbdanger\u00bb align=\u00bbcenter\u00bb css_animation=\u00bbzoomInRight\u00bb link=\u00bburl:http%3A%2F%2Fbit.ly%2FAcuarelaTourPeru|||\u00bb][\/vc_column][\/vc_row]","protected":false},"excerpt":{"rendered":"<p>[vc_row][vc_column][vc_column_text] LAGUNA HUACARPAY \u2022 \u00a0Duraci\u00f3n: \u00a0medio d\u00eda Salimos temprano de Arequipa para aprovechar la ausencia de turistas y descubrir especies comunes como: Andean Condor, Andean Goose, Gray \u2013breasted Seedsnipe, Andean&#8230;<\/p>\n","protected":false},"author":1,"featured_media":0,"parent":0,"menu_order":0,"comment_status":"closed","ping_status":"closed","template":"","meta":{"_acf_changed":false,"footnotes":""},"class_list":["post-3036","page","type-page","status-publish","hentry"],"acf":[],"_links":{"self":[{"href":"https:\/\/acuarelatourperu.com\/es\/wp-json\/wp\/v2\/pages\/3036","targetHints":{"allow":["GET"]}}],"collection":[{"href":"https:\/\/acuarelatourperu.com\/es\/wp-json\/wp\/v2\/pages"}],"about":[{"href":"https:\/\/acuarelatourperu.com\/es\/wp-json\/wp\/v2\/types\/page"}],"author":[{"embeddable":true,"href":"https:\/\/acuarelatourperu.com\/es\/wp-json\/wp\/v2\/users\/1"}],"replies":[{"embeddable":true,"href":"https:\/\/acuarelatourperu.com\/es\/wp-json\/wp\/v2\/comments?post=3036"}],"version-history":[{"count":7,"href":"https:\/\/acuarelatourperu.com\/es\/wp-json\/wp\/v2\/pages\/3036\/revisions"}],"predecessor-version":[{"id":4690,"href":"https:\/\/acuarelatourperu.com\/es\/wp-json\/wp\/v2\/pages\/3036\/revisions\/4690"}],"wp:attachment":[{"href":"https:\/\/acuarelatourperu.com\/es\/wp-json\/wp\/v2\/media?parent=3036"}],"curies":[{"name":"wp","href":"https:\/\/api.w.org\/{rel}","templated":true}]}}