{"id":3055,"date":"2019-07-20T19:10:48","date_gmt":"2019-07-20T19:10:48","guid":{"rendered":"http:\/\/www.acuarelatourperu.com\/?page_id=3055"},"modified":"2019-12-20T21:28:27","modified_gmt":"2019-12-20T21:28:27","slug":"chonta-mirador-de-condores","status":"publish","type":"page","link":"https:\/\/acuarelatourperu.com\/es\/chonta-mirador-de-condores\/","title":{"rendered":"CHONTA, MIRADOR DE CONDORES"},"content":{"rendered":"[vc_row][vc_column][vc_column_text]\n<h1 style=\"text-align: center;\"><span style=\"color: #02aea9;\">CHONTA, MIRADOR DE CONDORES<\/span><\/h1>\n<p>\u2022 \u00a0<strong>Duraci\u00f3n: <\/strong>\u00a02 d\u00edas<\/p>\n<p>D\u00eda 1: Cusco \u2013 Comunidad Chonta<\/p>\n<p>Salida del hotel a las 5 am para conducir a trav\u00e9s de las tierras altas a la comunidad Chonta durante 3 horas. Una vez all\u00ed tendremos una pausa de caf\u00e9 antes de comenzar la caminata en la direcci\u00f3n del Ca\u00f1\u00f3n Apur\u00edmac y visualizar el espectacular paisaje, se tarda 1 hora y 30 minutos. En el camino nos encontramos con algunas aves de monta\u00f1a. Este tour es una experiencia inolvidable para disfrutar de los c\u00f3ndores volando sobre el Ca\u00f1\u00f3n Apur\u00edmac. Los c\u00f3ndores se elevan usando las corrientes t\u00e9rmicas de viento. Este ser\u00e1 el mejor momento para utilizar todas sus habilidades para fotografiar a los c\u00f3ndores majestuosos volando. Aqu\u00ed pasar\u00e1 casi todo el d\u00eda, finalizando nuestras actividades, nos instalaremos en el camping para pasar la noche en la comunidad de Chonta (3,600 m.s.n.m.).<\/p>\n<p>D\u00eda 2: Comunidad Chonta &#8211; Cusco<\/p>\n<p>Despierto temprano en la ma\u00f1ana y caminata por el pueblo de Chonta para observar aves locales y una vista espectacular del pico de nieve de Humantay, que es un gran momento para fotografiar la naturaleza y el amanecer. Despu\u00e9s de esta visita temprana en la ma\u00f1ana, volveremos para desayunar. Conducimos hasta Limatambo y paramos en el sitio inca Tarawasi, una de las impresionantes obras de piedra hechas por la civilizaci\u00f3n andina. Para finalmente conducir de vuelta a Cusco.<\/p>\n[\/vc_column_text][vc_row_inner gap=\u00bb5&#8243;][vc_column_inner offset=\u00bbvc_hidden-lg vc_hidden-md vc_hidden-sm\u00bb][vc_gallery type=\u00bbimage_grid\u00bb images=\u00bb4180,4177,4176,4179,4178,4419,4418&#8243; img_size=\u00bbmedium\u00bb onclick=\u00bbcustom_link\u00bb css_animation=\u00bbfadeIn\u00bb][\/vc_column_inner][\/vc_row_inner][\/vc_column][\/vc_row][vc_row][vc_column offset=\u00bbvc_hidden-xs\u00bb][vc_media_grid element_width=\u00bb2&#8243; grid_id=\u00bbvc_gid:1568208368425-d11e32cc-b44f-1&#8243; include=\u00bb4176,4177,4178,4179,4180,4419,4418&#8243;][\/vc_column][\/vc_row][vc_row content_placement=\u00bbmiddle\u00bb][vc_column][vc_btn title=\u00bbCOTIZAR\u00bb color=\u00bbdanger\u00bb align=\u00bbcenter\u00bb css_animation=\u00bbzoomInRight\u00bb link=\u00bburl:http%3A%2F%2Fbit.ly%2FAcuarelaTourPeru|||\u00bb][\/vc_column][\/vc_row]","protected":false},"excerpt":{"rendered":"<p>[vc_row][vc_column][vc_column_text] CHONTA, MIRADOR DE CONDORES \u2022 \u00a0Duraci\u00f3n: \u00a02 d\u00edas D\u00eda 1: Cusco \u2013 Comunidad Chonta Salida del hotel a las 5 am para conducir a trav\u00e9s de las tierras altas&#8230;<\/p>\n","protected":false},"author":1,"featured_media":0,"parent":0,"menu_order":0,"comment_status":"closed","ping_status":"closed","template":"","meta":{"_acf_changed":false,"footnotes":""},"class_list":["post-3055","page","type-page","status-publish","hentry"],"acf":[],"_links":{"self":[{"href":"https:\/\/acuarelatourperu.com\/es\/wp-json\/wp\/v2\/pages\/3055","targetHints":{"allow":["GET"]}}],"collection":[{"href":"https:\/\/acuarelatourperu.com\/es\/wp-json\/wp\/v2\/pages"}],"about":[{"href":"https:\/\/acuarelatourperu.com\/es\/wp-json\/wp\/v2\/types\/page"}],"author":[{"embeddable":true,"href":"https:\/\/acuarelatourperu.com\/es\/wp-json\/wp\/v2\/users\/1"}],"replies":[{"embeddable":true,"href":"https:\/\/acuarelatourperu.com\/es\/wp-json\/wp\/v2\/comments?post=3055"}],"version-history":[{"count":9,"href":"https:\/\/acuarelatourperu.com\/es\/wp-json\/wp\/v2\/pages\/3055\/revisions"}],"predecessor-version":[{"id":4688,"href":"https:\/\/acuarelatourperu.com\/es\/wp-json\/wp\/v2\/pages\/3055\/revisions\/4688"}],"wp:attachment":[{"href":"https:\/\/acuarelatourperu.com\/es\/wp-json\/wp\/v2\/media?parent=3055"}],"curies":[{"name":"wp","href":"https:\/\/api.w.org\/{rel}","templated":true}]}}