{"id":3066,"date":"2019-07-20T19:24:03","date_gmt":"2019-07-20T19:24:03","guid":{"rendered":"http:\/\/www.acuarelatourperu.com\/?page_id=3066"},"modified":"2019-12-20T21:26:55","modified_gmt":"2019-12-20T21:26:55","slug":"mollepata","status":"publish","type":"page","link":"https:\/\/acuarelatourperu.com\/es\/mollepata\/","title":{"rendered":"MOLLEPATA"},"content":{"rendered":"[vc_row][vc_column][vc_column_text]\n<h1 style=\"text-align: center;\"><span style=\"color: #02aea9;\">MOLLEPATA<\/span><\/h1>\n<p>\u2022 \u00a0<strong>Duraci\u00f3n: <\/strong>\u00a01 d\u00eda<\/p>\n<p>Situado a 2 976 msnm, est\u00e1 ubicada a 90 km. de la ciudad imperial del Cusco.<\/p>\n<p>Para esta ruta es necesario salir a las 4am y aprovechar al m\u00e1ximo las especies en el trayecto ya que pasamos por diferentes valles y alturas. Las especies que veremos son residentes como end\u00e9micas: Chestnut Breasted Mountain Finch y algunos canasteros como: Rusty fronted Canastero; mas all\u00e1 de la observaci\u00f3n de aves, el paisaje es muy diverso para los amantes de la naturaleza ya que tendremos la suerte de ver a dos nevados muy importantes, el Salkantay y Humantay.<\/p>\n[\/vc_column_text][vc_row_inner gap=\u00bb5&#8243;][vc_column_inner offset=\u00bbvc_hidden-lg vc_hidden-md vc_hidden-sm\u00bb][vc_gallery type=\u00bbimage_grid\u00bb images=\u00bb3072,3071,3070,3069,4411,4410,4409,4408,4407&#8243; img_size=\u00bbmedium\u00bb onclick=\u00bbcustom_link\u00bb css_animation=\u00bbfadeIn\u00bb][\/vc_column_inner][\/vc_row_inner][\/vc_column][\/vc_row][vc_row][vc_column offset=\u00bbvc_hidden-xs\u00bb][vc_media_grid element_width=\u00bb2&#8243; grid_id=\u00bbvc_gid:1568296479270-d8194133-c77a-9&#8243; include=\u00bb3070,3071,3072,3069,4407,4408,4409,4410,4411&#8243;][\/vc_column][\/vc_row][vc_row content_placement=\u00bbmiddle\u00bb][vc_column][vc_btn title=\u00bbCOTIZAR\u00bb color=\u00bbdanger\u00bb align=\u00bbcenter\u00bb css_animation=\u00bbzoomInRight\u00bb link=\u00bburl:http%3A%2F%2Fbit.ly%2FAcuarelaTourPeru|||\u00bb][\/vc_column][\/vc_row]","protected":false},"excerpt":{"rendered":"<p>[vc_row][vc_column][vc_column_text] MOLLEPATA \u2022 \u00a0Duraci\u00f3n: \u00a01 d\u00eda Situado a 2 976 msnm, est\u00e1 ubicada a 90 km. de la ciudad imperial del Cusco. Para esta ruta es necesario salir a las&#8230;<\/p>\n","protected":false},"author":1,"featured_media":0,"parent":0,"menu_order":0,"comment_status":"closed","ping_status":"closed","template":"","meta":{"_acf_changed":false,"footnotes":""},"class_list":["post-3066","page","type-page","status-publish","hentry"],"acf":[],"_links":{"self":[{"href":"https:\/\/acuarelatourperu.com\/es\/wp-json\/wp\/v2\/pages\/3066","targetHints":{"allow":["GET"]}}],"collection":[{"href":"https:\/\/acuarelatourperu.com\/es\/wp-json\/wp\/v2\/pages"}],"about":[{"href":"https:\/\/acuarelatourperu.com\/es\/wp-json\/wp\/v2\/types\/page"}],"author":[{"embeddable":true,"href":"https:\/\/acuarelatourperu.com\/es\/wp-json\/wp\/v2\/users\/1"}],"replies":[{"embeddable":true,"href":"https:\/\/acuarelatourperu.com\/es\/wp-json\/wp\/v2\/comments?post=3066"}],"version-history":[{"count":9,"href":"https:\/\/acuarelatourperu.com\/es\/wp-json\/wp\/v2\/pages\/3066\/revisions"}],"predecessor-version":[{"id":4687,"href":"https:\/\/acuarelatourperu.com\/es\/wp-json\/wp\/v2\/pages\/3066\/revisions\/4687"}],"wp:attachment":[{"href":"https:\/\/acuarelatourperu.com\/es\/wp-json\/wp\/v2\/media?parent=3066"}],"curies":[{"name":"wp","href":"https:\/\/api.w.org\/{rel}","templated":true}]}}