{"id":3102,"date":"2019-07-21T16:38:02","date_gmt":"2019-07-21T16:38:02","guid":{"rendered":"http:\/\/www.acuarelatourperu.com\/?page_id=3102"},"modified":"2019-12-20T21:22:58","modified_gmt":"2019-12-20T21:22:58","slug":"laguna-de-salinas","status":"publish","type":"page","link":"https:\/\/acuarelatourperu.com\/es\/laguna-de-salinas\/","title":{"rendered":"LAGUNA DE SALINAS"},"content":{"rendered":"[vc_row][vc_column][vc_column_text]\n<h1 style=\"text-align: center;\"><span style=\"color: #02aea9;\">LAGUNA DE SALINAS<\/span><\/h1>\n<p>\u2022 \u00a0<strong>Duraci\u00f3n: <\/strong>\u00a01 d\u00eda<\/p>\n<p>Uno de los sitios RAMSAR creada en 1979 con prop\u00f3sito de proteger a especies de flora y fauna. Este bello paraje es conocido por albergar los 03 tipos de flamencos, donde en ocasiones se puede avistar a m\u00e1s de 20 mil flamencos en 01 d\u00eda y tambi\u00e9n otras especies migratorias boreales y australes. Tambi\u00e9n es un sitio donde las comunidades se dedican a la recolecci\u00f3n de la sal, como en el pasado y en nuestros d\u00edas se extrae una gran cantidad de borato que se utiliza en las curtiembres.<\/p>\n<p>Incluye: Movilidad, gu\u00eda, 1 box lunch.<\/p>\n<p>No Incluye: Entradas, cena, almuerzos, bebidas.<\/p>\n[\/vc_column_text][vc_row_inner gap=\u00bb5&#8243;][vc_column_inner offset=\u00bbvc_hidden-lg vc_hidden-md vc_hidden-sm\u00bb][vc_gallery type=\u00bbimage_grid\u00bb images=\u00bb4154,4153,4150,4151,4152,4148,4149,4289&#8243; img_size=\u00bbmedium\u00bb onclick=\u00bbcustom_link\u00bb css_animation=\u00bbfadeIn\u00bb][\/vc_column_inner][\/vc_row_inner][\/vc_column][\/vc_row][vc_row][vc_column offset=\u00bbvc_hidden-xs\u00bb][vc_media_grid element_width=\u00bb2&#8243; grid_id=\u00bbvc_gid:1567705731834-3defb621-31cd-4&#8243; include=\u00bb4148,4153,4149,4151,4152,4154,4150,4289&#8243;][\/vc_column][\/vc_row][vc_row content_placement=\u00bbmiddle\u00bb][vc_column][vc_btn title=\u00bbCOTIZAR\u00bb color=\u00bbdanger\u00bb align=\u00bbcenter\u00bb css_animation=\u00bbzoomInRight\u00bb link=\u00bburl:http%3A%2F%2Fbit.ly%2FAcuarelaTourPeru|||\u00bb][\/vc_column][\/vc_row]","protected":false},"excerpt":{"rendered":"<p>[vc_row][vc_column][vc_column_text] LAGUNA DE SALINAS \u2022 \u00a0Duraci\u00f3n: \u00a01 d\u00eda Uno de los sitios RAMSAR creada en 1979 con prop\u00f3sito de proteger a especies de flora y fauna. Este bello paraje es&#8230;<\/p>\n","protected":false},"author":1,"featured_media":0,"parent":0,"menu_order":0,"comment_status":"closed","ping_status":"closed","template":"","meta":{"_acf_changed":false,"footnotes":""},"class_list":["post-3102","page","type-page","status-publish","hentry"],"acf":[],"_links":{"self":[{"href":"https:\/\/acuarelatourperu.com\/es\/wp-json\/wp\/v2\/pages\/3102","targetHints":{"allow":["GET"]}}],"collection":[{"href":"https:\/\/acuarelatourperu.com\/es\/wp-json\/wp\/v2\/pages"}],"about":[{"href":"https:\/\/acuarelatourperu.com\/es\/wp-json\/wp\/v2\/types\/page"}],"author":[{"embeddable":true,"href":"https:\/\/acuarelatourperu.com\/es\/wp-json\/wp\/v2\/users\/1"}],"replies":[{"embeddable":true,"href":"https:\/\/acuarelatourperu.com\/es\/wp-json\/wp\/v2\/comments?post=3102"}],"version-history":[{"count":9,"href":"https:\/\/acuarelatourperu.com\/es\/wp-json\/wp\/v2\/pages\/3102\/revisions"}],"predecessor-version":[{"id":4684,"href":"https:\/\/acuarelatourperu.com\/es\/wp-json\/wp\/v2\/pages\/3102\/revisions\/4684"}],"wp:attachment":[{"href":"https:\/\/acuarelatourperu.com\/es\/wp-json\/wp\/v2\/media?parent=3102"}],"curies":[{"name":"wp","href":"https:\/\/api.w.org\/{rel}","templated":true}]}}