{"id":3114,"date":"2019-07-22T03:36:50","date_gmt":"2019-07-22T03:36:50","guid":{"rendered":"http:\/\/www.acuarelatourperu.com\/?page_id=3114"},"modified":"2019-12-20T19:39:57","modified_gmt":"2019-12-20T19:39:57","slug":"uros-by-kayak-taquile-puno","status":"publish","type":"page","link":"https:\/\/acuarelatourperu.com\/es\/uros-by-kayak-taquile-puno\/","title":{"rendered":"UROS BY KAYAK \/ TAQUILE \/ PUNO"},"content":{"rendered":"[vc_row][vc_column][vc_column_text]\n<h1 style=\"text-align: center;\"><span style=\"color: #02aea9;\">UROS BY KAYAK \/ TAQUILE \/ PUNO<\/span><\/h1>\n<p>\u2022 \u00a0<strong>Duraci\u00f3n: <\/strong>\u00a02 d\u00edas<\/p>\n<p>6:45am. terminando todo el recorrido del programa Uros by Kayak \u00bd d\u00eda, se realiza la CONEXI\u00d3N en la embarcaci\u00f3n a motor para continuar a la isla Taquile, donde la gente usa coloridos trajes tradicionales, adem\u00e1s el lugar es conocido por sus hermosos tejidos.<\/p>\n<p>Retorno a Puno a las 5:00pm. Traslado y noche en el hotel.<\/p>\n<p>Incluye: Hotel, Gu\u00eda instructor, Personal de Apoyo, Ingresos, Traslados: Hotel\/ Puerto\/ Hotel. Embarcaci\u00f3n de apoyo, Equipo de aventura, Botiqu\u00edn de primeros auxilios, almuerzo en Taquile.[\/vc_column_text][vc_row_inner gap=\u00bb5&#8243;][vc_column_inner offset=\u00bbvc_hidden-lg vc_hidden-md vc_hidden-sm\u00bb][vc_gallery type=\u00bbimage_grid\u00bb images=\u00bb3122,3121,3120,3119,3118,3117&#8243; img_size=\u00bbmedium\u00bb onclick=\u00bbcustom_link\u00bb css_animation=\u00bbfadeIn\u00bb][\/vc_column_inner][\/vc_row_inner][\/vc_column][\/vc_row][vc_row][vc_column offset=\u00bbvc_hidden-xs\u00bb][vc_media_grid element_width=\u00bb2&#8243; grid_id=\u00bbvc_gid:1567704449758-83d1c9f5-412d-9&#8243; include=\u00bb3118,3119,3120,3121,3122,3117&#8243;][\/vc_column][\/vc_row][vc_row content_placement=\u00bbmiddle\u00bb][vc_column][vc_btn title=\u00bbCOTIZAR\u00bb color=\u00bbdanger\u00bb align=\u00bbcenter\u00bb css_animation=\u00bbzoomInRight\u00bb link=\u00bburl:http%3A%2F%2Fbit.ly%2FAcuarelaTourPeru|||\u00bb][\/vc_column][\/vc_row]","protected":false},"excerpt":{"rendered":"<p>[vc_row][vc_column][vc_column_text] UROS BY KAYAK \/ TAQUILE \/ PUNO \u2022 \u00a0Duraci\u00f3n: \u00a02 d\u00edas 6:45am. terminando todo el recorrido del programa Uros by Kayak \u00bd d\u00eda, se realiza la CONEXI\u00d3N en la&#8230;<\/p>\n","protected":false},"author":1,"featured_media":0,"parent":0,"menu_order":0,"comment_status":"closed","ping_status":"closed","template":"","meta":{"_acf_changed":false,"footnotes":""},"class_list":["post-3114","page","type-page","status-publish","hentry"],"acf":[],"_links":{"self":[{"href":"https:\/\/acuarelatourperu.com\/es\/wp-json\/wp\/v2\/pages\/3114","targetHints":{"allow":["GET"]}}],"collection":[{"href":"https:\/\/acuarelatourperu.com\/es\/wp-json\/wp\/v2\/pages"}],"about":[{"href":"https:\/\/acuarelatourperu.com\/es\/wp-json\/wp\/v2\/types\/page"}],"author":[{"embeddable":true,"href":"https:\/\/acuarelatourperu.com\/es\/wp-json\/wp\/v2\/users\/1"}],"replies":[{"embeddable":true,"href":"https:\/\/acuarelatourperu.com\/es\/wp-json\/wp\/v2\/comments?post=3114"}],"version-history":[{"count":7,"href":"https:\/\/acuarelatourperu.com\/es\/wp-json\/wp\/v2\/pages\/3114\/revisions"}],"predecessor-version":[{"id":4670,"href":"https:\/\/acuarelatourperu.com\/es\/wp-json\/wp\/v2\/pages\/3114\/revisions\/4670"}],"wp:attachment":[{"href":"https:\/\/acuarelatourperu.com\/es\/wp-json\/wp\/v2\/media?parent=3114"}],"curies":[{"name":"wp","href":"https:\/\/api.w.org\/{rel}","templated":true}]}}