{"id":3127,"date":"2019-07-22T04:14:09","date_gmt":"2019-07-22T04:14:09","guid":{"rendered":"http:\/\/www.acuarelatourperu.com\/?page_id=3127"},"modified":"2019-12-20T19:37:13","modified_gmt":"2019-12-20T19:37:13","slug":"bicicleta-montanera-hacia-las-ruinas-de-cutimbo","status":"publish","type":"page","link":"https:\/\/acuarelatourperu.com\/es\/bicicleta-montanera-hacia-las-ruinas-de-cutimbo\/","title":{"rendered":"BICICLETA MONTA\u00d1ERA HACIA LAS RUINAS DE CUTIMBO"},"content":{"rendered":"[vc_row][vc_column][vc_column_text]\n<h1 style=\"text-align: center;\"><span style=\"color: #02aea9;\">BICICLETA MONTA\u00d1ERA HACIA LAS RUINAS DE CUTIMBO<\/span><\/h1>\n<p>\u2022 \u00a0<strong>Duraci\u00f3n: <\/strong>\u00a0medio d\u00eda<\/p>\n<p>8:00am \u00f3 1:45pm. Traslado del Hotel hasta la salida de Puno lado Sur, el gu\u00eda da una breve charla sobre la aventura luego inicia el recorrido de la ruta en Bicicleta, pedaleando 2 horas, mientras observamos lindos paisajes, la ganader\u00eda, diferentes paisajes rocosos, la zona del bosque de piedras y un panorama del complejo arqueol\u00f3gico de Cutimbo, luego se tiene una caminata hacia las Ruinas. Retorno a Puno. Noche en el hotel.<\/p>\n<p>Incluye: Gu\u00eda Instructor, Personal de Apoyo, Bicicleta de monta\u00f1a con suspensi\u00f3n delantera, Casco, Guantes, Transporte de apoyo, Ticket de ingreso, Botiqu\u00edn de primeros auxilios.<\/p>\n<p><strong>\u00a0<\/strong>[\/vc_column_text][vc_row_inner gap=\u00bb5&#8243;][vc_column_inner offset=\u00bbvc_hidden-lg vc_hidden-md vc_hidden-sm\u00bb][vc_gallery type=\u00bbimage_grid\u00bb images=\u00bb2579,3796,3795,3794,3130,3792,3793,3132,3791,3790,3789,3788,3131,3787,3786,3785,3784&#8243; img_size=\u00bbmedium\u00bb onclick=\u00bbcustom_link\u00bb css_animation=\u00bbfadeIn\u00bb][\/vc_column_inner][\/vc_row_inner][\/vc_column][\/vc_row][vc_row][vc_column offset=\u00bbvc_hidden-xs\u00bb][vc_media_grid element_width=\u00bb2&#8243; grid_id=\u00bbvc_gid:1567704368414-42d2d0b5-b736-6&#8243; include=\u00bb2579,3784,3785,3786,3787,3788,3789,3790,3791,3792,3793,3794,3795,3796,3131,3132,3130&#8243;][\/vc_column][\/vc_row][vc_row content_placement=\u00bbmiddle\u00bb][vc_column][vc_btn title=\u00bbCOTIZAR\u00bb color=\u00bbdanger\u00bb align=\u00bbcenter\u00bb css_animation=\u00bbzoomInRight\u00bb link=\u00bburl:http%3A%2F%2Fbit.ly%2FAcuarelaTourPeru|||\u00bb][\/vc_column][\/vc_row]","protected":false},"excerpt":{"rendered":"<p>[vc_row][vc_column][vc_column_text] BICICLETA MONTA\u00d1ERA HACIA LAS RUINAS DE CUTIMBO \u2022 \u00a0Duraci\u00f3n: \u00a0medio d\u00eda 8:00am \u00f3 1:45pm. Traslado del Hotel hasta la salida de Puno lado Sur, el gu\u00eda da una breve&#8230;<\/p>\n","protected":false},"author":1,"featured_media":0,"parent":0,"menu_order":0,"comment_status":"closed","ping_status":"closed","template":"","meta":{"_acf_changed":false,"footnotes":""},"class_list":["post-3127","page","type-page","status-publish","hentry"],"acf":[],"_links":{"self":[{"href":"https:\/\/acuarelatourperu.com\/es\/wp-json\/wp\/v2\/pages\/3127","targetHints":{"allow":["GET"]}}],"collection":[{"href":"https:\/\/acuarelatourperu.com\/es\/wp-json\/wp\/v2\/pages"}],"about":[{"href":"https:\/\/acuarelatourperu.com\/es\/wp-json\/wp\/v2\/types\/page"}],"author":[{"embeddable":true,"href":"https:\/\/acuarelatourperu.com\/es\/wp-json\/wp\/v2\/users\/1"}],"replies":[{"embeddable":true,"href":"https:\/\/acuarelatourperu.com\/es\/wp-json\/wp\/v2\/comments?post=3127"}],"version-history":[{"count":8,"href":"https:\/\/acuarelatourperu.com\/es\/wp-json\/wp\/v2\/pages\/3127\/revisions"}],"predecessor-version":[{"id":4669,"href":"https:\/\/acuarelatourperu.com\/es\/wp-json\/wp\/v2\/pages\/3127\/revisions\/4669"}],"wp:attachment":[{"href":"https:\/\/acuarelatourperu.com\/es\/wp-json\/wp\/v2\/media?parent=3127"}],"curies":[{"name":"wp","href":"https:\/\/api.w.org\/{rel}","templated":true}]}}