{"id":3146,"date":"2019-07-22T05:35:03","date_gmt":"2019-07-22T05:35:03","guid":{"rendered":"http:\/\/www.acuarelatourperu.com\/?page_id=3146"},"modified":"2019-12-20T19:30:24","modified_gmt":"2019-12-20T19:30:24","slug":"uros-by-kayak","status":"publish","type":"page","link":"https:\/\/acuarelatourperu.com\/es\/uros-by-kayak\/","title":{"rendered":"UROS BY KAYAK"},"content":{"rendered":"[vc_row][vc_column][vc_column_text]\n<h1 style=\"text-align: center;\"><span style=\"color: #02aea9;\">UROS BY KAYAK<\/span><\/h1>\n<p>\u2022 \u00a0<strong>Duraci\u00f3n: <\/strong>\u00a0medio d\u00eda<\/p>\n<p>8:00am \u00f3 1:45pm. Traslado del hotel con destino a la bah\u00eda de la isla Esteves, el gu\u00eda dar\u00e1 una breve charla sobre la aventura, luego inicia el recorrido de la ruta en Kayak, Remando 1 hora y media aprox., en la ruta se puede observar: lindos paisajes, una variedad de aves, La flora y fauna y una isla de formaci\u00f3n rocosa (Isla Foroba, popularmente llamado isla del diablo); llegando a los Uros, el gu\u00eda iniciara con la explicaci\u00f3n y luego tendr\u00e1n tiempo libre para poder explorar la isla, visitar la casa de familia, sesi\u00f3n de fotos. Retorno a Puno<\/p>\n<p>Incluye: Gu\u00eda instructor, Personal de Apoyo, Ticket de ingreso.<\/p>\n<p>Traslado: Hotel\/ Puerto\/ Hotel, embarcaci\u00f3n de apoyo, equipo de aventura, botiqu\u00edn de primeros auxilios, hotel.<\/p>\n<p>NOTA: No se necesita previa experiencia para el Kayak.<\/p>\n<p><strong>\u00a0<\/strong>[\/vc_column_text][vc_row_inner gap=\u00bb5&#8243;][vc_column_inner offset=\u00bbvc_hidden-lg vc_hidden-md vc_hidden-sm\u00bb][vc_gallery type=\u00bbimage_grid\u00bb images=\u00bb2614,2580,3152,3151,3149,3153,3150&#8243; img_size=\u00bbmedium\u00bb onclick=\u00bbcustom_link\u00bb css_animation=\u00bbfadeIn\u00bb][\/vc_column_inner][\/vc_row_inner][\/vc_column][\/vc_row][vc_row][vc_column offset=\u00bbvc_hidden-xs\u00bb][vc_media_grid element_width=\u00bb2&#8243; grid_id=\u00bbvc_gid:1567704185105-20f88573-2fc4-4&#8243; include=\u00bb2614,3151,3152,2580,3153,3149,3150&#8243;][\/vc_column][\/vc_row][vc_row content_placement=\u00bbmiddle\u00bb][vc_column][vc_btn title=\u00bbCOTIZAR\u00bb color=\u00bbdanger\u00bb align=\u00bbcenter\u00bb css_animation=\u00bbzoomInRight\u00bb link=\u00bburl:http%3A%2F%2Fbit.ly%2FAcuarelaTourPeru|||\u00bb][\/vc_column][\/vc_row]","protected":false},"excerpt":{"rendered":"<p>[vc_row][vc_column][vc_column_text] UROS BY KAYAK \u2022 \u00a0Duraci\u00f3n: \u00a0medio d\u00eda 8:00am \u00f3 1:45pm. Traslado del hotel con destino a la bah\u00eda de la isla Esteves, el gu\u00eda dar\u00e1 una breve charla sobre&#8230;<\/p>\n","protected":false},"author":1,"featured_media":0,"parent":0,"menu_order":0,"comment_status":"closed","ping_status":"closed","template":"","meta":{"_acf_changed":false,"footnotes":""},"class_list":["post-3146","page","type-page","status-publish","hentry"],"acf":[],"_links":{"self":[{"href":"https:\/\/acuarelatourperu.com\/es\/wp-json\/wp\/v2\/pages\/3146","targetHints":{"allow":["GET"]}}],"collection":[{"href":"https:\/\/acuarelatourperu.com\/es\/wp-json\/wp\/v2\/pages"}],"about":[{"href":"https:\/\/acuarelatourperu.com\/es\/wp-json\/wp\/v2\/types\/page"}],"author":[{"embeddable":true,"href":"https:\/\/acuarelatourperu.com\/es\/wp-json\/wp\/v2\/users\/1"}],"replies":[{"embeddable":true,"href":"https:\/\/acuarelatourperu.com\/es\/wp-json\/wp\/v2\/comments?post=3146"}],"version-history":[{"count":7,"href":"https:\/\/acuarelatourperu.com\/es\/wp-json\/wp\/v2\/pages\/3146\/revisions"}],"predecessor-version":[{"id":4667,"href":"https:\/\/acuarelatourperu.com\/es\/wp-json\/wp\/v2\/pages\/3146\/revisions\/4667"}],"wp:attachment":[{"href":"https:\/\/acuarelatourperu.com\/es\/wp-json\/wp\/v2\/media?parent=3146"}],"curies":[{"name":"wp","href":"https:\/\/api.w.org\/{rel}","templated":true}]}}