{"id":3157,"date":"2019-07-22T05:52:43","date_gmt":"2019-07-22T05:52:43","guid":{"rendered":"http:\/\/www.acuarelatourperu.com\/?page_id=3157"},"modified":"2019-12-20T19:25:26","modified_gmt":"2019-12-20T19:25:26","slug":"uros-amantani-taquile-puno","status":"publish","type":"page","link":"https:\/\/acuarelatourperu.com\/es\/uros-amantani-taquile-puno\/","title":{"rendered":"UROS \/ AMANTANI \/ TAQUILE \/ PUNO"},"content":{"rendered":"[vc_row][vc_column][vc_column_text]\n<h1 style=\"text-align: center;\"><span style=\"color: #02aea9;\">UROS \/ AMANTANI \/ TAQUILE \/ PUNO<\/span><\/h1>\n<p>\u2022 \u00a0<strong>Duraci\u00f3n: <\/strong>\u00a02 d\u00edas<\/p>\n<p>Salimos de Puno para conocer la comunidad de los Uros y sus \u00fanicas islas flotantes para luego continuar hacia Amantani, all\u00ed pernoctaremos y tendremos una caminata hacia los puntos m\u00e1s altos de la isla, teniendo una puesta de sol bastante agradable a la vista. Al d\u00eda siguiente visitaremos la isla de Taquile y sus tejidos que representan una gran historia de sus habitantes. Retorno a Puno en nuestra lancha<\/p>\n<p>Incluye: Lancha, gu\u00eda, ingresos, hospedaje, alimentaci\u00f3n completa, actividades con la familia.<\/p>\n[\/vc_column_text][vc_row_inner gap=\u00bb5&#8243;][vc_column_inner offset=\u00bbvc_hidden-lg vc_hidden-md vc_hidden-sm\u00bb][vc_gallery type=\u00bbimage_grid\u00bb images=\u00bb2616,3160,4120,3164,3165,4121,3166,3162,4047,3163,4122&#8243; img_size=\u00bbmedium\u00bb onclick=\u00bbcustom_link\u00bb css_animation=\u00bbfadeIn\u00bb][\/vc_column_inner][\/vc_row_inner][\/vc_column][\/vc_row][vc_row][vc_column offset=\u00bbvc_hidden-xs\u00bb][vc_media_grid element_width=\u00bb2&#8243; grid_id=\u00bbvc_gid:1567532204483-5580928c-9717-10&#8243; include=\u00bb2616,3160,3162,4121,3166,4120,3164,3165,4047,3163,4122&#8243;][\/vc_column][\/vc_row][vc_row content_placement=\u00bbmiddle\u00bb][vc_column][vc_btn title=\u00bbCOTIZAR\u00bb color=\u00bbdanger\u00bb align=\u00bbcenter\u00bb css_animation=\u00bbzoomInRight\u00bb link=\u00bburl:http%3A%2F%2Fbit.ly%2FAcuarelaTourPeru|||\u00bb][\/vc_column][\/vc_row]","protected":false},"excerpt":{"rendered":"<p>[vc_row][vc_column][vc_column_text] UROS \/ AMANTANI \/ TAQUILE \/ PUNO \u2022 \u00a0Duraci\u00f3n: \u00a02 d\u00edas Salimos de Puno para conocer la comunidad de los Uros y sus \u00fanicas islas flotantes para luego continuar&#8230;<\/p>\n","protected":false},"author":1,"featured_media":0,"parent":0,"menu_order":0,"comment_status":"closed","ping_status":"closed","template":"","meta":{"_acf_changed":false,"footnotes":""},"class_list":["post-3157","page","type-page","status-publish","hentry"],"acf":[],"_links":{"self":[{"href":"https:\/\/acuarelatourperu.com\/es\/wp-json\/wp\/v2\/pages\/3157","targetHints":{"allow":["GET"]}}],"collection":[{"href":"https:\/\/acuarelatourperu.com\/es\/wp-json\/wp\/v2\/pages"}],"about":[{"href":"https:\/\/acuarelatourperu.com\/es\/wp-json\/wp\/v2\/types\/page"}],"author":[{"embeddable":true,"href":"https:\/\/acuarelatourperu.com\/es\/wp-json\/wp\/v2\/users\/1"}],"replies":[{"embeddable":true,"href":"https:\/\/acuarelatourperu.com\/es\/wp-json\/wp\/v2\/comments?post=3157"}],"version-history":[{"count":8,"href":"https:\/\/acuarelatourperu.com\/es\/wp-json\/wp\/v2\/pages\/3157\/revisions"}],"predecessor-version":[{"id":4665,"href":"https:\/\/acuarelatourperu.com\/es\/wp-json\/wp\/v2\/pages\/3157\/revisions\/4665"}],"wp:attachment":[{"href":"https:\/\/acuarelatourperu.com\/es\/wp-json\/wp\/v2\/media?parent=3157"}],"curies":[{"name":"wp","href":"https:\/\/api.w.org\/{rel}","templated":true}]}}