{"id":3171,"date":"2019-07-22T06:13:32","date_gmt":"2019-07-22T06:13:32","guid":{"rendered":"http:\/\/www.acuarelatourperu.com\/?page_id=3171"},"modified":"2019-12-20T19:27:22","modified_gmt":"2019-12-20T19:27:22","slug":"uros-llachon-taquile-puno","status":"publish","type":"page","link":"https:\/\/acuarelatourperu.com\/es\/uros-llachon-taquile-puno\/","title":{"rendered":"UROS \/ LLACH\u00d3N \/ TAQUILE \/ PUNO"},"content":{"rendered":"[vc_row][vc_column][vc_column_text]\n<h1 style=\"text-align: center;\"><span style=\"color: #02aea9;\">UROS \/ LLACH\u00d3N \/ TAQUILE \/ PUNO<\/span><\/h1>\n<p>\u2022 \u00a0<strong>Duraci\u00f3n: <\/strong>\u00a02 d\u00edas<\/p>\n<p>Salida de Puno en lancha, hacia las islas flotantes de los Uros \u00fanicas en el mundo, donde conoceremos t\u00e9cnicas ancestrales para su construcci\u00f3n, luego continuaremos hacia la pen\u00ednsula de Llach\u00f3n donde pernoctaremos en la casa de los pobladores aprendiendo de sus costumbres y tradiciones. Al d\u00eda siguiente llegaremos a la Isla de Taquile conocida por sus hermosos tejidos y su paisaje. M\u00e1s tarde retomamos la lancha para llegar a Puno.<\/p>\n<p>Incluye: Lancha, gu\u00eda, ingresos, hospedaje, alimentaci\u00f3n completa, actividades con la familia.<\/p>\n[\/vc_column_text][vc_row_inner gap=\u00bb5&#8243;][vc_column_inner offset=\u00bbvc_hidden-lg vc_hidden-md vc_hidden-sm\u00bb][vc_gallery type=\u00bbimage_grid\u00bb images=\u00bb4116,2578,4044,3175,3166,4115,3177,3174,3176,4117,4045&#8243; img_size=\u00bbmedium\u00bb onclick=\u00bbcustom_link\u00bb css_animation=\u00bbfadeIn\u00bb][\/vc_column_inner][\/vc_row_inner][\/vc_column][\/vc_row][vc_row][vc_column offset=\u00bbvc_hidden-xs\u00bb][vc_media_grid element_width=\u00bb2&#8243; grid_id=\u00bbvc_gid:1567532113131-d8f94eb0-0f57-3&#8243; include=\u00bb4116,2578,4044,3175,3177,4115,3174,3176,4045,4117&#8243;][\/vc_column][\/vc_row][vc_row content_placement=\u00bbmiddle\u00bb][vc_column][vc_btn title=\u00bbCOTIZAR\u00bb color=\u00bbdanger\u00bb align=\u00bbcenter\u00bb css_animation=\u00bbzoomInRight\u00bb link=\u00bburl:http%3A%2F%2Fbit.ly%2FAcuarelaTourPeru|||\u00bb][\/vc_column][\/vc_row]","protected":false},"excerpt":{"rendered":"<p>[vc_row][vc_column][vc_column_text] UROS \/ LLACH\u00d3N \/ TAQUILE \/ PUNO \u2022 \u00a0Duraci\u00f3n: \u00a02 d\u00edas Salida de Puno en lancha, hacia las islas flotantes de los Uros \u00fanicas en el mundo, donde conoceremos&#8230;<\/p>\n","protected":false},"author":1,"featured_media":0,"parent":0,"menu_order":0,"comment_status":"closed","ping_status":"closed","template":"","meta":{"_acf_changed":false,"footnotes":""},"class_list":["post-3171","page","type-page","status-publish","hentry"],"acf":[],"_links":{"self":[{"href":"https:\/\/acuarelatourperu.com\/es\/wp-json\/wp\/v2\/pages\/3171","targetHints":{"allow":["GET"]}}],"collection":[{"href":"https:\/\/acuarelatourperu.com\/es\/wp-json\/wp\/v2\/pages"}],"about":[{"href":"https:\/\/acuarelatourperu.com\/es\/wp-json\/wp\/v2\/types\/page"}],"author":[{"embeddable":true,"href":"https:\/\/acuarelatourperu.com\/es\/wp-json\/wp\/v2\/users\/1"}],"replies":[{"embeddable":true,"href":"https:\/\/acuarelatourperu.com\/es\/wp-json\/wp\/v2\/comments?post=3171"}],"version-history":[{"count":10,"href":"https:\/\/acuarelatourperu.com\/es\/wp-json\/wp\/v2\/pages\/3171\/revisions"}],"predecessor-version":[{"id":4666,"href":"https:\/\/acuarelatourperu.com\/es\/wp-json\/wp\/v2\/pages\/3171\/revisions\/4666"}],"wp:attachment":[{"href":"https:\/\/acuarelatourperu.com\/es\/wp-json\/wp\/v2\/media?parent=3171"}],"curies":[{"name":"wp","href":"https:\/\/api.w.org\/{rel}","templated":true}]}}