{"id":3184,"date":"2019-07-22T06:44:45","date_gmt":"2019-07-22T06:44:45","guid":{"rendered":"http:\/\/www.acuarelatourperu.com\/?page_id=3184"},"modified":"2019-12-20T19:22:57","modified_gmt":"2019-12-20T19:22:57","slug":"pukara-tinajani","status":"publish","type":"page","link":"https:\/\/acuarelatourperu.com\/es\/pukara-tinajani\/","title":{"rendered":"PUKARA \/ TINAJANI"},"content":{"rendered":"[vc_row][vc_column][vc_column_text]\n<h1 style=\"text-align: center;\"><span style=\"color: #02aea9;\">PUKARA \/ TINAJANI<\/span><\/h1>\n<p>\u2022 \u00a0<strong>Duraci\u00f3n: <\/strong>\u00a08 Horas<\/p>\n<p>Visitaremos el Complejo arqueol\u00f3gico de Pukara, el cual consta de una serie de edificaciones de forma piramidal trunca, as\u00ed como de plataformas superpuestas; en la pir\u00e1mide de Kalasaya. Tambi\u00e9n podemos visitar el Museo de Sitio, que es muy rico en su muestra l\u00edtica.<\/p>\n<p>M\u00e1s tarde visitaremos Tinajani, famoso por su bosque de rocas volc\u00e1nicas de m\u00e1s de 50 metros, esculpiendo diferentes formaciones geol\u00f3gicas. En la zona hay 3 fuentes (ba\u00f1os) l\u00edticas excavadas por la cascada, que dan el mismo nombre al lugar, donde seg\u00fan la leyenda seres sobrenaturales tienden a nadar en estos ba\u00f1os.<\/p>\n<p>Retorno y noche en el hotel en Puno.<\/p>\n<p>Incluye: Movilidad privada, gu\u00eda, ingresos, hotel.[\/vc_column_text][vc_row_inner gap=\u00bb5&#8243;][vc_column_inner offset=\u00bbvc_hidden-lg vc_hidden-md vc_hidden-sm\u00bb][vc_gallery type=\u00bbimage_grid\u00bb images=\u00bb2575,3190,4125,3187,3191,3188,3189,4124&#8243; img_size=\u00bbmedium\u00bb onclick=\u00bbcustom_link\u00bb css_animation=\u00bbfadeIn\u00bb][\/vc_column_inner][\/vc_row_inner][\/vc_column][\/vc_row][vc_row][vc_column offset=\u00bbvc_hidden-xs\u00bb][vc_media_grid element_width=\u00bb2&#8243; grid_id=\u00bbvc_gid:1567533047548-8d3857e2-cb96-8&#8243; include=\u00bb3190,3187,4125,3188,3189,3191,2575,4124&#8243;][\/vc_column][\/vc_row][vc_row content_placement=\u00bbmiddle\u00bb][vc_column][vc_btn title=\u00bbCOTIZAR\u00bb color=\u00bbdanger\u00bb align=\u00bbcenter\u00bb css_animation=\u00bbzoomInRight\u00bb link=\u00bburl:http%3A%2F%2Fbit.ly%2FAcuarelaTourPeru|||\u00bb][\/vc_column][\/vc_row]","protected":false},"excerpt":{"rendered":"<p>[vc_row][vc_column][vc_column_text] PUKARA \/ TINAJANI \u2022 \u00a0Duraci\u00f3n: \u00a08 Horas Visitaremos el Complejo arqueol\u00f3gico de Pukara, el cual consta de una serie de edificaciones de forma piramidal trunca, as\u00ed como de plataformas&#8230;<\/p>\n","protected":false},"author":1,"featured_media":0,"parent":0,"menu_order":0,"comment_status":"closed","ping_status":"closed","template":"","meta":{"_acf_changed":false,"footnotes":""},"class_list":["post-3184","page","type-page","status-publish","hentry"],"acf":[],"_links":{"self":[{"href":"https:\/\/acuarelatourperu.com\/es\/wp-json\/wp\/v2\/pages\/3184","targetHints":{"allow":["GET"]}}],"collection":[{"href":"https:\/\/acuarelatourperu.com\/es\/wp-json\/wp\/v2\/pages"}],"about":[{"href":"https:\/\/acuarelatourperu.com\/es\/wp-json\/wp\/v2\/types\/page"}],"author":[{"embeddable":true,"href":"https:\/\/acuarelatourperu.com\/es\/wp-json\/wp\/v2\/users\/1"}],"replies":[{"embeddable":true,"href":"https:\/\/acuarelatourperu.com\/es\/wp-json\/wp\/v2\/comments?post=3184"}],"version-history":[{"count":9,"href":"https:\/\/acuarelatourperu.com\/es\/wp-json\/wp\/v2\/pages\/3184\/revisions"}],"predecessor-version":[{"id":4664,"href":"https:\/\/acuarelatourperu.com\/es\/wp-json\/wp\/v2\/pages\/3184\/revisions\/4664"}],"wp:attachment":[{"href":"https:\/\/acuarelatourperu.com\/es\/wp-json\/wp\/v2\/media?parent=3184"}],"curies":[{"name":"wp","href":"https:\/\/api.w.org\/{rel}","templated":true}]}}