{"id":3196,"date":"2019-07-22T07:04:55","date_gmt":"2019-07-22T07:04:55","guid":{"rendered":"http:\/\/www.acuarelatourperu.com\/?page_id=3196"},"modified":"2019-12-20T19:20:53","modified_gmt":"2019-12-20T19:20:53","slug":"pukara-lampa","status":"publish","type":"page","link":"https:\/\/acuarelatourperu.com\/es\/pukara-lampa\/","title":{"rendered":"PUKARA \/ LAMPA"},"content":{"rendered":"[vc_row][vc_column][vc_column_text]\n<h1 style=\"text-align: center;\"><span style=\"color: #02aea9;\">PUKARA \/ LAMPA<\/span><\/h1>\n<p>\u2022 \u00a0<strong>Duraci\u00f3n: <\/strong>\u00a08 Horas<\/p>\n<p>Ubicado a 104 km. al norte de la ciudad de Puno, encontramos un centro arqueol\u00f3gico, con una antig\u00fcedad de unos 800 a.C., el cual consta de una serie de edificaciones de forma piramidal trunca, as\u00ed como de plataformas superpuestas; pudiendo observar como una de las m\u00e1s importantes la pir\u00e1mide de Kalasaya. Tambi\u00e9n podemos visitar el Museo de Sitio, que es muy rico en su muestra l\u00edtica y donde est\u00e1n depositados la totalidad de los vestigios hallados en la zona. Adem\u00e1s este sitio es muy conocido por que all\u00ed se fabrica el Torito de Pukara, portador de la buena suerte y la abundancia.<\/p>\n<p>Para finalizar esta visita nos dirigiremos hacia Lampa, la Ciudad Rosada con su iglesia y sus catacumbas, adem\u00e1s una r\u00e9plica de \u00abLa Piedad\u00bb de Miguel \u00c1ngel, as\u00ed como valiosas pinturas pertenecientes a la Escuela Cusque\u00f1a.<\/p>\n<p>Incluye: Movilidad privada, gu\u00eda, box lunch, entradas, Hotel.<\/p>\n[\/vc_column_text][vc_row_inner gap=\u00bb5&#8243;][vc_column_inner offset=\u00bbvc_hidden-lg vc_hidden-md vc_hidden-sm\u00bb][vc_gallery type=\u00bbimage_grid\u00bb images=\u00bb2619,3201,4111,3199,4040,4037,4110,4038,4041,4042&#8243; img_size=\u00bbmedium\u00bb onclick=\u00bbcustom_link\u00bb css_animation=\u00bbfadeIn\u00bb][\/vc_column_inner][\/vc_row_inner][\/vc_column][\/vc_row][vc_row][vc_column offset=\u00bbvc_hidden-xs\u00bb][vc_media_grid element_width=\u00bb2&#8243; grid_id=\u00bbvc_gid:1567530980674-52e55991-fd61-3&#8243; include=\u00bb2619,3201,3199,4037,4111,4038,4040,4041,4042,4110&#8243;][\/vc_column][\/vc_row][vc_row content_placement=\u00bbmiddle\u00bb][vc_column][vc_btn title=\u00bbCOTIZAR\u00bb color=\u00bbdanger\u00bb align=\u00bbcenter\u00bb css_animation=\u00bbzoomInRight\u00bb link=\u00bburl:http%3A%2F%2Fbit.ly%2FAcuarelaTourPeru|||\u00bb][\/vc_column][\/vc_row]","protected":false},"excerpt":{"rendered":"<p>[vc_row][vc_column][vc_column_text] PUKARA \/ LAMPA \u2022 \u00a0Duraci\u00f3n: \u00a08 Horas Ubicado a 104 km. al norte de la ciudad de Puno, encontramos un centro arqueol\u00f3gico, con una antig\u00fcedad de unos 800 a.C.,&#8230;<\/p>\n","protected":false},"author":1,"featured_media":0,"parent":0,"menu_order":0,"comment_status":"closed","ping_status":"closed","template":"","meta":{"_acf_changed":false,"footnotes":""},"class_list":["post-3196","page","type-page","status-publish","hentry"],"acf":[],"_links":{"self":[{"href":"https:\/\/acuarelatourperu.com\/es\/wp-json\/wp\/v2\/pages\/3196","targetHints":{"allow":["GET"]}}],"collection":[{"href":"https:\/\/acuarelatourperu.com\/es\/wp-json\/wp\/v2\/pages"}],"about":[{"href":"https:\/\/acuarelatourperu.com\/es\/wp-json\/wp\/v2\/types\/page"}],"author":[{"embeddable":true,"href":"https:\/\/acuarelatourperu.com\/es\/wp-json\/wp\/v2\/users\/1"}],"replies":[{"embeddable":true,"href":"https:\/\/acuarelatourperu.com\/es\/wp-json\/wp\/v2\/comments?post=3196"}],"version-history":[{"count":7,"href":"https:\/\/acuarelatourperu.com\/es\/wp-json\/wp\/v2\/pages\/3196\/revisions"}],"predecessor-version":[{"id":4663,"href":"https:\/\/acuarelatourperu.com\/es\/wp-json\/wp\/v2\/pages\/3196\/revisions\/4663"}],"wp:attachment":[{"href":"https:\/\/acuarelatourperu.com\/es\/wp-json\/wp\/v2\/media?parent=3196"}],"curies":[{"name":"wp","href":"https:\/\/api.w.org\/{rel}","templated":true}]}}