{"id":3206,"date":"2019-07-22T13:38:22","date_gmt":"2019-07-22T13:38:22","guid":{"rendered":"http:\/\/www.acuarelatourperu.com\/?page_id=3206"},"modified":"2019-12-20T19:18:31","modified_gmt":"2019-12-20T19:18:31","slug":"full-day-aramu-muru-copamaya-charcas-uros","status":"publish","type":"page","link":"https:\/\/acuarelatourperu.com\/es\/full-day-aramu-muru-copamaya-charcas-uros\/","title":{"rendered":"FULL DAY ARAMU MURU \/ COPAMAYA \/ CHARCAS \/ UROS"},"content":{"rendered":"[vc_row][vc_column][vc_column_text]\n<h1 style=\"text-align: center;\"><span style=\"color: #02aea9;\">FULL DAY ARAMU MURU \/ COPAMAYA \/ CHARCAS \/ UROS<\/span><\/h1>\n<p>\u2022 \u00a0<strong>Duraci\u00f3n: <\/strong>\u00a0Fullday<\/p>\n<p><strong><u>Altares Andinos: una nueva alternativa de conocer el Mundo Andino<\/u><\/strong><\/p>\n<p>Este es un nuevo producto, orientado a la comprensi\u00f3n del Mundo Andino y sus pobladores aimaras. Visitando algunos lugares de poder.<\/p>\n<p>Recojo del Hotel a las 7 Horas. Para visitar el Templo de las Semillas, luego continuaremos con la visita en Amaru Muru, lugar m\u00e1gico e interesante con su Puerta Tridimensional, posteriormente llegaremos a Altares Copamaya. \u00a0Almuerzo t\u00edpico en Iscapataza (Aptapi (cocawi) + Huatia + Mate de mu\u00f1a). Al retorno pasamos por Santa Rosa y Playas de Charcas del Lago Titicaca. Al promediar las 15:00 horas. Abordamos lancha para visitar las Islas Flotantes de los Uros, conociendo as\u00ed el trabajo de los \u00fanicos aimaras hablantes en Per\u00fa.<\/p>\n<p>Retorno y noche en el hotel a las 18:00 horas.<\/p>\n<p>Incluye: Movilidad privada, gu\u00eda oficial, entradas, almuerzo, visita Uros, hotel en Puno.<\/p>\n[\/vc_column_text][vc_row_inner gap=\u00bb5&#8243;][vc_column_inner offset=\u00bbvc_hidden-lg vc_hidden-md vc_hidden-sm\u00bb][vc_gallery type=\u00bbimage_grid\u00bb images=\u00bb2573,3212,3213,3210,3214,3211,3209&#8243; img_size=\u00bbmedium\u00bb onclick=\u00bbcustom_link\u00bb css_animation=\u00bbfadeIn\u00bb][\/vc_column_inner][\/vc_row_inner][\/vc_column][\/vc_row][vc_row][vc_column offset=\u00bbvc_hidden-xs\u00bb][vc_media_grid element_width=\u00bb2&#8243; grid_id=\u00bbvc_gid:1567530593019-8e85c278-e8aa-3&#8243; include=\u00bb2573,3212,3213,3209,3210,3211,3214&#8243;][\/vc_column][\/vc_row][vc_row content_placement=\u00bbmiddle\u00bb][vc_column][vc_btn title=\u00bbCOTIZAR\u00bb color=\u00bbdanger\u00bb align=\u00bbcenter\u00bb css_animation=\u00bbzoomInRight\u00bb link=\u00bburl:http%3A%2F%2Fbit.ly%2FAcuarelaTourPeru|||\u00bb][\/vc_column][\/vc_row]","protected":false},"excerpt":{"rendered":"<p>[vc_row][vc_column][vc_column_text] FULL DAY ARAMU MURU \/ COPAMAYA \/ CHARCAS \/ UROS \u2022 \u00a0Duraci\u00f3n: \u00a0Fullday Altares Andinos: una nueva alternativa de conocer el Mundo Andino Este es un nuevo producto, orientado&#8230;<\/p>\n","protected":false},"author":1,"featured_media":0,"parent":0,"menu_order":0,"comment_status":"closed","ping_status":"closed","template":"","meta":{"_acf_changed":false,"footnotes":""},"class_list":["post-3206","page","type-page","status-publish","hentry"],"acf":[],"_links":{"self":[{"href":"https:\/\/acuarelatourperu.com\/es\/wp-json\/wp\/v2\/pages\/3206","targetHints":{"allow":["GET"]}}],"collection":[{"href":"https:\/\/acuarelatourperu.com\/es\/wp-json\/wp\/v2\/pages"}],"about":[{"href":"https:\/\/acuarelatourperu.com\/es\/wp-json\/wp\/v2\/types\/page"}],"author":[{"embeddable":true,"href":"https:\/\/acuarelatourperu.com\/es\/wp-json\/wp\/v2\/users\/1"}],"replies":[{"embeddable":true,"href":"https:\/\/acuarelatourperu.com\/es\/wp-json\/wp\/v2\/comments?post=3206"}],"version-history":[{"count":6,"href":"https:\/\/acuarelatourperu.com\/es\/wp-json\/wp\/v2\/pages\/3206\/revisions"}],"predecessor-version":[{"id":4662,"href":"https:\/\/acuarelatourperu.com\/es\/wp-json\/wp\/v2\/pages\/3206\/revisions\/4662"}],"wp:attachment":[{"href":"https:\/\/acuarelatourperu.com\/es\/wp-json\/wp\/v2\/media?parent=3206"}],"curies":[{"name":"wp","href":"https:\/\/api.w.org\/{rel}","templated":true}]}}