{"id":3218,"date":"2019-07-22T13:59:14","date_gmt":"2019-07-22T13:59:14","guid":{"rendered":"http:\/\/www.acuarelatourperu.com\/?page_id=3218"},"modified":"2019-12-20T19:14:54","modified_gmt":"2019-12-20T19:14:54","slug":"chucuito-mercado-de-acora-fin-de-semana-iscapataza-charcas-uros","status":"publish","type":"page","link":"https:\/\/acuarelatourperu.com\/es\/chucuito-mercado-de-acora-fin-de-semana-iscapataza-charcas-uros\/","title":{"rendered":"CHUCUITO \/ MERCADO DE ACORA (fin de semana) \/ ISCAPATAZA \/ CHARCAS \/ UROS"},"content":{"rendered":"[vc_row][vc_column][vc_column_text]\n<h1 style=\"text-align: center;\"><span style=\"color: #02aea9;\">CHUCUITO \/ MERCADO DE ACORA (fin de semana) \/ ISCAPATAZA \/ CHARCAS \/ UROS<\/span><\/h1>\n<p>\u2022 \u00a0<strong>Duraci\u00f3n: <\/strong>\u00a01 d\u00eda<\/p>\n<p>Este es un nuevo producto, orientado a la interacci\u00f3n de los turistas con la cultura Aymara y paisajes propios de la regi\u00f3n.<\/p>\n<p>Recojo del Hotel a las 7 am para visitar el Templo de la Fertilidad, seg\u00fan la creencia si una mujer se sienta el ellos tendr\u00e1 hijos muy pronto. Continuando nuestro camino llegaremos al pintoresco mercado de Acora (solo domingos), all\u00ed veremos los diferentes productos t\u00edpicos de la regi\u00f3n como los diversos trajes coloridos de sus mujeres, el trueque a\u00fan se practica en este lugar. M\u00e1s adelante nos adentramos a la regi\u00f3n circunlacustre pasando por diferentes comunidades, teniendo la oportunidad de parar y aprender la forma de vida del poblador aymara.<\/p>\n<p>Almuerzo t\u00edpico en la comunidad de Iscapataza (Sopa Quinua o Chayro + Huatia + Mate de mu\u00f1a). Al retorno pasamos por Santa Rosa y Playas de Charcas.<\/p>\n<p>Al promediar las 15:00 horas, abordamos lancha para visitar las Islas Flotantes de los Uros, all\u00ed aprenderemos de esta interesante t\u00e9cnica desde \u00e9pocas pre \u2013 incas.<\/p>\n<p>Retorno al hotel alrededor de las 18:00 horas. Noche en Puno.<\/p>\n<p>&nbsp;<\/p>\n<p>Incluye: Movilidad privada, gu\u00eda oficial, entradas, box lunch, hotel en Puno.<\/p>\n[\/vc_column_text][vc_row_inner gap=\u00bb5&#8243;][vc_column_inner offset=\u00bbvc_hidden-lg vc_hidden-md vc_hidden-sm\u00bb][vc_gallery type=\u00bbimage_grid\u00bb images=\u00bb4103,2622,4105,3225,3223,3946,4104,4106,4107&#8243; img_size=\u00bbmedium\u00bb onclick=\u00bbcustom_link\u00bb css_animation=\u00bbfadeIn\u00bb][\/vc_column_inner][\/vc_row_inner][\/vc_column][\/vc_row][vc_row][vc_column offset=\u00bbvc_hidden-xs\u00bb][vc_media_grid element_width=\u00bb2&#8243; grid_id=\u00bbvc_gid:1567530338311-c78ac1c9-f2e7-6&#8243; include=\u00bb2622,4105,3223,4103,3225,3946,4104,4107,4106&#8243;][\/vc_column][\/vc_row][vc_row content_placement=\u00bbmiddle\u00bb][vc_column][vc_btn title=\u00bbCOTIZAR\u00bb color=\u00bbdanger\u00bb align=\u00bbcenter\u00bb css_animation=\u00bbzoomInRight\u00bb link=\u00bburl:http%3A%2F%2Fbit.ly%2FAcuarelaTourPeru|||\u00bb][\/vc_column][\/vc_row]","protected":false},"excerpt":{"rendered":"<p>[vc_row][vc_column][vc_column_text] CHUCUITO \/ MERCADO DE ACORA (fin de semana) \/ ISCAPATAZA \/ CHARCAS \/ UROS \u2022 \u00a0Duraci\u00f3n: \u00a01 d\u00eda Este es un nuevo producto, orientado a la interacci\u00f3n de los&#8230;<\/p>\n","protected":false},"author":1,"featured_media":0,"parent":0,"menu_order":0,"comment_status":"closed","ping_status":"closed","template":"","meta":{"_acf_changed":false,"footnotes":""},"class_list":["post-3218","page","type-page","status-publish","hentry"],"acf":[],"_links":{"self":[{"href":"https:\/\/acuarelatourperu.com\/es\/wp-json\/wp\/v2\/pages\/3218","targetHints":{"allow":["GET"]}}],"collection":[{"href":"https:\/\/acuarelatourperu.com\/es\/wp-json\/wp\/v2\/pages"}],"about":[{"href":"https:\/\/acuarelatourperu.com\/es\/wp-json\/wp\/v2\/types\/page"}],"author":[{"embeddable":true,"href":"https:\/\/acuarelatourperu.com\/es\/wp-json\/wp\/v2\/users\/1"}],"replies":[{"embeddable":true,"href":"https:\/\/acuarelatourperu.com\/es\/wp-json\/wp\/v2\/comments?post=3218"}],"version-history":[{"count":9,"href":"https:\/\/acuarelatourperu.com\/es\/wp-json\/wp\/v2\/pages\/3218\/revisions"}],"predecessor-version":[{"id":4661,"href":"https:\/\/acuarelatourperu.com\/es\/wp-json\/wp\/v2\/pages\/3218\/revisions\/4661"}],"wp:attachment":[{"href":"https:\/\/acuarelatourperu.com\/es\/wp-json\/wp\/v2\/media?parent=3218"}],"curies":[{"name":"wp","href":"https:\/\/api.w.org\/{rel}","templated":true}]}}