{"id":3231,"date":"2019-07-22T14:35:32","date_gmt":"2019-07-22T14:35:32","guid":{"rendered":"http:\/\/www.acuarelatourperu.com\/?page_id=3231"},"modified":"2019-12-20T18:59:59","modified_gmt":"2019-12-20T18:59:59","slug":"sillustani","status":"publish","type":"page","link":"https:\/\/acuarelatourperu.com\/es\/sillustani\/","title":{"rendered":"SILLUSTANI"},"content":{"rendered":"[vc_row][vc_column][vc_column_text]\n<h1 style=\"text-align: center;\"><span style=\"color: #02aea9;\">SILLUSTANI<\/span><\/h1>\n<p>\u2022 \u00a0<strong>Duraci\u00f3n: <\/strong>\u00a04 Horas<\/p>\n<p>Atr\u00e9vete a descubrir las torres o Chullpas de Sillustani, ubicadas en la pen\u00ednsula de Umayo, lugar de mucha energ\u00eda y tranquilidad, habitado por su gente amable. Sus construcciones guardan una interesante historia y una manera de enterrar a los nobles en la \u00e9poca pre-Inca, Inca. Luego pasaremos por las casas de los locales, conociendo m\u00e1s su manera de vivir y trabajar: Retorno y noche en Puno.<\/p>\n<p>Incluye: Movilidad privada, Gu\u00eda Oficial, entradas, hotel.<\/p>\n[\/vc_column_text][vc_row_inner gap=\u00bb5&#8243;][vc_column_inner offset=\u00bbvc_hidden-lg vc_hidden-md vc_hidden-sm\u00bb][vc_gallery type=\u00bbimage_grid\u00bb images=\u00bb2571,3234,3236,3233,3235&#8243; img_size=\u00bbmedium\u00bb onclick=\u00bbcustom_link\u00bb css_animation=\u00bbfadeIn\u00bb][\/vc_column_inner][\/vc_row_inner][\/vc_column][\/vc_row][vc_row][vc_column offset=\u00bbvc_hidden-xs\u00bb][vc_media_grid element_width=\u00bb2&#8243; grid_id=\u00bbvc_gid:1567521227465-a1b436cf-8e13-4&#8243; include=\u00bb2579,3234,3236,3233,3235&#8243;][\/vc_column][\/vc_row][vc_row content_placement=\u00bbmiddle\u00bb][vc_column][vc_btn title=\u00bbCOTIZAR\u00bb color=\u00bbdanger\u00bb align=\u00bbcenter\u00bb css_animation=\u00bbzoomInRight\u00bb link=\u00bburl:http%3A%2F%2Fbit.ly%2FAcuarelaTourPeru|||\u00bb][\/vc_column][\/vc_row]","protected":false},"excerpt":{"rendered":"<p>[vc_row][vc_column][vc_column_text] SILLUSTANI \u2022 \u00a0Duraci\u00f3n: \u00a04 Horas Atr\u00e9vete a descubrir las torres o Chullpas de Sillustani, ubicadas en la pen\u00ednsula de Umayo, lugar de mucha energ\u00eda y tranquilidad, habitado por su&#8230;<\/p>\n","protected":false},"author":1,"featured_media":0,"parent":0,"menu_order":0,"comment_status":"closed","ping_status":"closed","template":"","meta":{"_acf_changed":false,"footnotes":""},"class_list":["post-3231","page","type-page","status-publish","hentry"],"acf":[],"_links":{"self":[{"href":"https:\/\/acuarelatourperu.com\/es\/wp-json\/wp\/v2\/pages\/3231","targetHints":{"allow":["GET"]}}],"collection":[{"href":"https:\/\/acuarelatourperu.com\/es\/wp-json\/wp\/v2\/pages"}],"about":[{"href":"https:\/\/acuarelatourperu.com\/es\/wp-json\/wp\/v2\/types\/page"}],"author":[{"embeddable":true,"href":"https:\/\/acuarelatourperu.com\/es\/wp-json\/wp\/v2\/users\/1"}],"replies":[{"embeddable":true,"href":"https:\/\/acuarelatourperu.com\/es\/wp-json\/wp\/v2\/comments?post=3231"}],"version-history":[{"count":5,"href":"https:\/\/acuarelatourperu.com\/es\/wp-json\/wp\/v2\/pages\/3231\/revisions"}],"predecessor-version":[{"id":4660,"href":"https:\/\/acuarelatourperu.com\/es\/wp-json\/wp\/v2\/pages\/3231\/revisions\/4660"}],"wp:attachment":[{"href":"https:\/\/acuarelatourperu.com\/es\/wp-json\/wp\/v2\/media?parent=3231"}],"curies":[{"name":"wp","href":"https:\/\/api.w.org\/{rel}","templated":true}]}}