{"id":3249,"date":"2019-07-22T15:38:06","date_gmt":"2019-07-22T15:38:06","guid":{"rendered":"http:\/\/www.acuarelatourperu.com\/?page_id=3249"},"modified":"2019-12-20T18:30:07","modified_gmt":"2019-12-20T18:30:07","slug":"cementerio-de-chauchilla-paredones-acueductos-de-cantayoc","status":"publish","type":"page","link":"https:\/\/acuarelatourperu.com\/es\/cementerio-de-chauchilla-paredones-acueductos-de-cantayoc\/","title":{"rendered":"CEMENTERIO DE CHAUCHILLA\/ PAREDONES\/ ACUEDUCTOS DE CANTAYOC"},"content":{"rendered":"[vc_row][vc_column][vc_column_text]\n<h1 style=\"text-align: center;\"><span style=\"color: #02aea9;\">CEMENTERIO DE CHAUCHILLA\/ PAREDONES\/ ACUEDUCTOS DE CANTAYOC<\/span><\/h1>\n<p>\u2022 \u00a0<strong>Duraci\u00f3n: <\/strong>\u00a03 Horas<\/p>\n<p>Visitaremos el interesante Cementerio de Chauchilla, donde las momias est\u00e1n en un buen estado de conservaci\u00f3n a pesar de su antig\u00fcedad y en muchas de ellas se pueden ver a\u00fan restos de cabellos e incluso algo de piel; se trata del \u00fanico sitio arqueol\u00f3gico peruano en el que las momias se pueden ver en sus tumbas originales. Luego seguiremos hacia los paredones de Cahuachi, un centro de peregrinaje cuya poblaci\u00f3n crec\u00eda en las fechas de acontecimientos ceremoniales. Finalmente para guardar un buen recuerdo de esta visita nos dirigiremos a los acueductos de Cantayoc, un viejo sistema que hasta el d\u00eda de hoy se utiliza para regar sus campos de agricultura. Retorno a Nazca. Noche en el hotel.<\/p>\n<p>Incluye: Movilidad privada, \u00a0gu\u00eda oficial, entradas, noche en el Hotel.<\/p>\n[\/vc_column_text][vc_row_inner gap=\u00bb5&#8243;][vc_column_inner offset=\u00bbvc_hidden-lg vc_hidden-md vc_hidden-sm\u00bb][vc_gallery type=\u00bbimage_grid\u00bb images=\u00bb2568,3252,3256,3254,4094,3257,3255,4093&#8243; img_size=\u00bbmedium\u00bb onclick=\u00bbcustom_link\u00bb css_animation=\u00bbfadeIn\u00bb][\/vc_column_inner][\/vc_row_inner][\/vc_column][\/vc_row][vc_row][vc_column offset=\u00bbvc_hidden-xs\u00bb][vc_media_grid element_width=\u00bb2&#8243; grid_id=\u00bbvc_gid:1567528634620-b675a107-8a6c-9&#8243; include=\u00bb2568,3252,3256,3254,4094,3255,3257,4093&#8243;][\/vc_column][\/vc_row][vc_row content_placement=\u00bbmiddle\u00bb][vc_column][vc_btn title=\u00bbCOTIZAR\u00bb color=\u00bbdanger\u00bb align=\u00bbcenter\u00bb css_animation=\u00bbzoomInRight\u00bb link=\u00bburl:http%3A%2F%2Fbit.ly%2FAcuarelaTourPeru|||\u00bb][\/vc_column][\/vc_row]","protected":false},"excerpt":{"rendered":"<p>[vc_row][vc_column][vc_column_text] CEMENTERIO DE CHAUCHILLA\/ PAREDONES\/ ACUEDUCTOS DE CANTAYOC \u2022 \u00a0Duraci\u00f3n: \u00a03 Horas Visitaremos el interesante Cementerio de Chauchilla, donde las momias est\u00e1n en un buen estado de conservaci\u00f3n a pesar&#8230;<\/p>\n","protected":false},"author":1,"featured_media":0,"parent":0,"menu_order":0,"comment_status":"closed","ping_status":"closed","template":"","meta":{"_acf_changed":false,"footnotes":""},"class_list":["post-3249","page","type-page","status-publish","hentry"],"acf":[],"_links":{"self":[{"href":"https:\/\/acuarelatourperu.com\/es\/wp-json\/wp\/v2\/pages\/3249","targetHints":{"allow":["GET"]}}],"collection":[{"href":"https:\/\/acuarelatourperu.com\/es\/wp-json\/wp\/v2\/pages"}],"about":[{"href":"https:\/\/acuarelatourperu.com\/es\/wp-json\/wp\/v2\/types\/page"}],"author":[{"embeddable":true,"href":"https:\/\/acuarelatourperu.com\/es\/wp-json\/wp\/v2\/users\/1"}],"replies":[{"embeddable":true,"href":"https:\/\/acuarelatourperu.com\/es\/wp-json\/wp\/v2\/comments?post=3249"}],"version-history":[{"count":8,"href":"https:\/\/acuarelatourperu.com\/es\/wp-json\/wp\/v2\/pages\/3249\/revisions"}],"predecessor-version":[{"id":4656,"href":"https:\/\/acuarelatourperu.com\/es\/wp-json\/wp\/v2\/pages\/3249\/revisions\/4656"}],"wp:attachment":[{"href":"https:\/\/acuarelatourperu.com\/es\/wp-json\/wp\/v2\/media?parent=3249"}],"curies":[{"name":"wp","href":"https:\/\/api.w.org\/{rel}","templated":true}]}}