{"id":3261,"date":"2019-07-22T15:55:32","date_gmt":"2019-07-22T15:55:32","guid":{"rendered":"http:\/\/www.acuarelatourperu.com\/?page_id=3261"},"modified":"2019-12-20T18:26:45","modified_gmt":"2019-12-20T18:26:45","slug":"paracas-ica-nazca","status":"publish","type":"page","link":"https:\/\/acuarelatourperu.com\/es\/paracas-ica-nazca\/","title":{"rendered":"PARACAS\/ ICA\/ NAZCA"},"content":{"rendered":"[vc_row][vc_column][vc_column_text]\n<h1 style=\"text-align: center;\"><span style=\"color: #02aea9;\">PARACAS\/ ICA\/ NAZCA<\/span><\/h1>\n<p>\u2022 \u00a0<strong>Duraci\u00f3n: <\/strong>\u00a01 d\u00eda<\/p>\n<p>La costa de Per\u00fa es ba\u00f1ada por las aguas fr\u00edas de la corriente de Humboldt que sube por el litoral y permite el desarrollo de una fauna marina muy rica e inesperada a estas latitudes tropicales. Por la ma\u00f1ana, nos embarcaremos para una traves\u00eda corta sobre el oc\u00e9ano hasta la isla Ballestas, d\u00f3nde viven de millares de leones marinos, aves guaneras, pel\u00edcanos y otras aves marinas.<\/p>\n<p>Continuamos luego nuestro viaje hacia Nazca d\u00f3nde llegamos a la Huacachina para disfrutar de los tubulares y Nazca con la Torre Mar\u00eda Reich, en donde podremos apreciar 3 de las famosas l\u00edneas de Nazca. Arribo a Nazca al final del d\u00eda y por la noche pernocte en su hotel.<\/p>\n<p>Incluye: Bote compartido hacia Ballestas, impuestos de Puerto, movilidad privada, Gu\u00eda Oficial, Tubulares, entradas a la Huacachina, almuerzo, entradas a la Torre Met\u00e1lica, Traslado y arribo al Hotel en Nazca.<\/p>\n<p>Nota: Si usted lo requiere le podemos incluir el sobrevuelo que lo har\u00eda por la tarde.<\/p>\n[\/vc_column_text][vc_row_inner][vc_column_inner offset=\u00bbvc_hidden-xs\u00bb][vc_media_grid element_width=\u00bb2&#8243; grid_id=\u00bbvc_gid:1567527273292-8c1fb548-2b71-10&#8243; include=\u00bb3265,4086,3264,3266,4088,3263,4085,3267,4054,4055,4056&#8243;][\/vc_column_inner][\/vc_row_inner][vc_row_inner gap=\u00bb5&#8243;][vc_column_inner offset=\u00bbvc_hidden-lg vc_hidden-md vc_hidden-sm\u00bb][vc_gallery type=\u00bbimage_grid\u00bb images=\u00bb3265,4085,3266,4088,3264,3267,3263,4056,4054,4055,4086&#8243; img_size=\u00bbmedium\u00bb onclick=\u00bbcustom_link\u00bb css_animation=\u00bbfadeIn\u00bb][\/vc_column_inner][\/vc_row_inner][\/vc_column][\/vc_row][vc_row content_placement=\u00bbmiddle\u00bb][vc_column][vc_btn title=\u00bbCOTIZAR\u00bb color=\u00bbdanger\u00bb align=\u00bbcenter\u00bb css_animation=\u00bbzoomInRight\u00bb link=\u00bburl:http%3A%2F%2Fbit.ly%2FAcuarelaTourPeru|||\u00bb][\/vc_column][\/vc_row]","protected":false},"excerpt":{"rendered":"<p>[vc_row][vc_column][vc_column_text] PARACAS\/ ICA\/ NAZCA \u2022 \u00a0Duraci\u00f3n: \u00a01 d\u00eda La costa de Per\u00fa es ba\u00f1ada por las aguas fr\u00edas de la corriente de Humboldt que sube por el litoral y permite&#8230;<\/p>\n","protected":false},"author":1,"featured_media":0,"parent":0,"menu_order":0,"comment_status":"closed","ping_status":"closed","template":"","meta":{"_acf_changed":false,"footnotes":""},"class_list":["post-3261","page","type-page","status-publish","hentry"],"acf":[],"_links":{"self":[{"href":"https:\/\/acuarelatourperu.com\/es\/wp-json\/wp\/v2\/pages\/3261","targetHints":{"allow":["GET"]}}],"collection":[{"href":"https:\/\/acuarelatourperu.com\/es\/wp-json\/wp\/v2\/pages"}],"about":[{"href":"https:\/\/acuarelatourperu.com\/es\/wp-json\/wp\/v2\/types\/page"}],"author":[{"embeddable":true,"href":"https:\/\/acuarelatourperu.com\/es\/wp-json\/wp\/v2\/users\/1"}],"replies":[{"embeddable":true,"href":"https:\/\/acuarelatourperu.com\/es\/wp-json\/wp\/v2\/comments?post=3261"}],"version-history":[{"count":9,"href":"https:\/\/acuarelatourperu.com\/es\/wp-json\/wp\/v2\/pages\/3261\/revisions"}],"predecessor-version":[{"id":4655,"href":"https:\/\/acuarelatourperu.com\/es\/wp-json\/wp\/v2\/pages\/3261\/revisions\/4655"}],"wp:attachment":[{"href":"https:\/\/acuarelatourperu.com\/es\/wp-json\/wp\/v2\/media?parent=3261"}],"curies":[{"name":"wp","href":"https:\/\/api.w.org\/{rel}","templated":true}]}}