{"id":3285,"date":"2019-07-22T16:37:42","date_gmt":"2019-07-22T16:37:42","guid":{"rendered":"http:\/\/www.acuarelatourperu.com\/?page_id=3285"},"modified":"2019-12-20T16:56:53","modified_gmt":"2019-12-20T16:56:53","slug":"laguna-paron","status":"publish","type":"page","link":"https:\/\/acuarelatourperu.com\/es\/laguna-paron\/","title":{"rendered":"LAGUNA PAR\u00d3N"},"content":{"rendered":"[vc_row][vc_column][vc_column_text]\n<h1 style=\"text-align: center;\"><span style=\"color: #02aea9;\">LAGUNA PAR\u00d3N<\/span><\/h1>\n<p>\u2022 \u00a0<strong>Duraci\u00f3n: <\/strong>1 d\u00eda<\/p>\n<p>Partiendo de Huaraz, recorremos el norte del valle del r\u00edo Santa, ubicada entre las Cordillera Blanca y Negra, donde se asientan pintorescos pueblos y ciudades como Carhuaz, Mancos y Yungay \u2013 destruida por un alud en 1970-. Apreciaremos los m\u00e1s importantes nevados de la Cordillera Blanca como el Huascar\u00e1n (6,768 m.), Huandoy (6,356 m.) y Hualcan (6,162 m.). Luego continuamos al pueblo de Caraz (2,256 msnm), desde donde ascenderemos a la Cordillera Blanca para ingresar a la quebrada Par\u00f3n, protegida por el \u201cParque Nacional Huascar\u00e1n\u201d,\u00a0donde se ubica la hermosa laguna Par\u00f3n (4,185 msnm), la m\u00e1s grande de la Cordillera Blanca, Apreciaremos un panorama espectacular de sus aguas color turquesa donde se refleja la imagen de la cara sur-oeste del nevado Pir\u00e1mide de Gracilazo (5,885 m.) y est\u00e1 rodeada de un impresionante circo glaciar de bellas y altas monta\u00f1as, destacando los nevados Huandoy y Pir\u00e1mide de Gracilazo y Artesonraju (6,025m). En el trayecto se aprecian gran profusi\u00f3n de plantas nativas alto andinas. Refrigerio. Retorno a Huaraz. Noche en el Hotel.<\/p>\n<p>Incluye: Movilidad privada, hotel, gu\u00eda, entradas, box lunch, retorno y noche en Huaraz.<\/p>\n[\/vc_column_text][vc_row_inner gap=\u00bb5&#8243;][vc_column_inner offset=\u00bbvc_hidden-lg vc_hidden-md vc_hidden-sm\u00bb][vc_gallery type=\u00bbimage_grid\u00bb images=\u00bb2562,3291,3290,3287,3288,3289,4387,4388&#8243; img_size=\u00bbmedium\u00bb onclick=\u00bbcustom_link\u00bb css_animation=\u00bbfadeIn\u00bb][\/vc_column_inner][\/vc_row_inner][\/vc_column][\/vc_row][vc_row][vc_column offset=\u00bbvc_hidden-xs\u00bb][vc_media_grid element_width=\u00bb2&#8243; grid_id=\u00bbvc_gid:1568125082934-abb9bca7-b633-2&#8243; include=\u00bb2562,4388,3291,3288,3290,3289,3287,4387&#8243;][\/vc_column][\/vc_row][vc_row content_placement=\u00bbmiddle\u00bb][vc_column][vc_btn title=\u00bbCOTIZAR\u00bb color=\u00bbdanger\u00bb align=\u00bbcenter\u00bb css_animation=\u00bbzoomInRight\u00bb link=\u00bburl:http%3A%2F%2Fbit.ly%2FAcuarelaTourPeru|||\u00bb][\/vc_column][\/vc_row]","protected":false},"excerpt":{"rendered":"<p>[vc_row][vc_column][vc_column_text] LAGUNA PAR\u00d3N \u2022 \u00a0Duraci\u00f3n: 1 d\u00eda Partiendo de Huaraz, recorremos el norte del valle del r\u00edo Santa, ubicada entre las Cordillera Blanca y Negra, donde se asientan pintorescos pueblos&#8230;<\/p>\n","protected":false},"author":1,"featured_media":0,"parent":0,"menu_order":0,"comment_status":"closed","ping_status":"closed","template":"","meta":{"_acf_changed":false,"footnotes":""},"class_list":["post-3285","page","type-page","status-publish","hentry"],"acf":[],"_links":{"self":[{"href":"https:\/\/acuarelatourperu.com\/es\/wp-json\/wp\/v2\/pages\/3285","targetHints":{"allow":["GET"]}}],"collection":[{"href":"https:\/\/acuarelatourperu.com\/es\/wp-json\/wp\/v2\/pages"}],"about":[{"href":"https:\/\/acuarelatourperu.com\/es\/wp-json\/wp\/v2\/types\/page"}],"author":[{"embeddable":true,"href":"https:\/\/acuarelatourperu.com\/es\/wp-json\/wp\/v2\/users\/1"}],"replies":[{"embeddable":true,"href":"https:\/\/acuarelatourperu.com\/es\/wp-json\/wp\/v2\/comments?post=3285"}],"version-history":[{"count":7,"href":"https:\/\/acuarelatourperu.com\/es\/wp-json\/wp\/v2\/pages\/3285\/revisions"}],"predecessor-version":[{"id":4651,"href":"https:\/\/acuarelatourperu.com\/es\/wp-json\/wp\/v2\/pages\/3285\/revisions\/4651"}],"wp:attachment":[{"href":"https:\/\/acuarelatourperu.com\/es\/wp-json\/wp\/v2\/media?parent=3285"}],"curies":[{"name":"wp","href":"https:\/\/api.w.org\/{rel}","templated":true}]}}