{"id":3296,"date":"2019-07-22T17:24:09","date_gmt":"2019-07-22T17:24:09","guid":{"rendered":"http:\/\/www.acuarelatourperu.com\/?page_id=3296"},"modified":"2019-12-20T16:55:07","modified_gmt":"2019-12-20T16:55:07","slug":"trekking-santa-cruz-cordillera-blanca","status":"publish","type":"page","link":"https:\/\/acuarelatourperu.com\/es\/trekking-santa-cruz-cordillera-blanca\/","title":{"rendered":"TREKKING SANTA CRUZ, CORDILLERA BLANCA"},"content":{"rendered":"[vc_row][vc_column][vc_column_text]\n<h1 style=\"text-align: center;\"><span style=\"color: #02aea9;\">TREKKING SANTA CRUZ, CORDILLERA BLANCA<\/span><\/h1>\n<p>\u2022 \u00a0<strong>Duraci\u00f3n: <\/strong>4 d\u00edas<\/p>\n<p>Uno de los trekkings mas hermosos en la Cordillera Blanca, apreciando los diferentes parajes como su monta\u00f1as y lagunas para obtener las mejores vistas del Nevado Alpamayo y Quitaraju caminando entre 4 a 7 horas diarias; acampando en lugares donde la reina la naturaleza y el silencio de las monta\u00f1as, si hay suerte veremos tambien cielos muy estrellados llev\u00e1ndonos un muy buen recuerdo para luego retornar hacia Huaraz; en el trayecto el veh\u00edculo para en el paso Portachuelo (4780 m.) desde donde se ve las monta\u00f1as m\u00e1s altas del Per\u00fa y el valle de Llangan\u00faco.<\/p>\n[\/vc_column_text][vc_row_inner gap=\u00bb5&#8243;][vc_column_inner offset=\u00bbvc_hidden-lg vc_hidden-md vc_hidden-sm\u00bb][vc_gallery type=\u00bbimage_grid\u00bb images=\u00bb3301,4382,3300,3299,3297,3298,2560,4385,4384,4383&#8243; img_size=\u00bbmedium\u00bb onclick=\u00bbcustom_link\u00bb css_animation=\u00bbfadeIn\u00bb][\/vc_column_inner][\/vc_row_inner][\/vc_column][\/vc_row][vc_row][vc_column offset=\u00bbvc_hidden-xs\u00bb][vc_media_grid element_width=\u00bb2&#8243; grid_id=\u00bbvc_gid:1568124965103-4c2c29c7-5ba3-2&#8243; include=\u00bb3297,3298,3299,4384,3300,2560,3301,4382,4385,4383&#8243;][\/vc_column][\/vc_row][vc_row content_placement=\u00bbmiddle\u00bb][vc_column][vc_btn title=\u00bbCOTIZAR\u00bb color=\u00bbdanger\u00bb align=\u00bbcenter\u00bb css_animation=\u00bbzoomInRight\u00bb link=\u00bburl:http%3A%2F%2Fbit.ly%2FAcuarelaTourPeru|||\u00bb][\/vc_column][\/vc_row]","protected":false},"excerpt":{"rendered":"<p>[vc_row][vc_column][vc_column_text] TREKKING SANTA CRUZ, CORDILLERA BLANCA \u2022 \u00a0Duraci\u00f3n: 4 d\u00edas Uno de los trekkings mas hermosos en la Cordillera Blanca, apreciando los diferentes parajes como su monta\u00f1as y lagunas para&#8230;<\/p>\n","protected":false},"author":1,"featured_media":0,"parent":0,"menu_order":0,"comment_status":"closed","ping_status":"closed","template":"","meta":{"_acf_changed":false,"footnotes":""},"class_list":["post-3296","page","type-page","status-publish","hentry"],"acf":[],"_links":{"self":[{"href":"https:\/\/acuarelatourperu.com\/es\/wp-json\/wp\/v2\/pages\/3296","targetHints":{"allow":["GET"]}}],"collection":[{"href":"https:\/\/acuarelatourperu.com\/es\/wp-json\/wp\/v2\/pages"}],"about":[{"href":"https:\/\/acuarelatourperu.com\/es\/wp-json\/wp\/v2\/types\/page"}],"author":[{"embeddable":true,"href":"https:\/\/acuarelatourperu.com\/es\/wp-json\/wp\/v2\/users\/1"}],"replies":[{"embeddable":true,"href":"https:\/\/acuarelatourperu.com\/es\/wp-json\/wp\/v2\/comments?post=3296"}],"version-history":[{"count":5,"href":"https:\/\/acuarelatourperu.com\/es\/wp-json\/wp\/v2\/pages\/3296\/revisions"}],"predecessor-version":[{"id":4650,"href":"https:\/\/acuarelatourperu.com\/es\/wp-json\/wp\/v2\/pages\/3296\/revisions\/4650"}],"wp:attachment":[{"href":"https:\/\/acuarelatourperu.com\/es\/wp-json\/wp\/v2\/media?parent=3296"}],"curies":[{"name":"wp","href":"https:\/\/api.w.org\/{rel}","templated":true}]}}