{"id":3305,"date":"2019-07-22T17:34:47","date_gmt":"2019-07-22T17:34:47","guid":{"rendered":"http:\/\/www.acuarelatourperu.com\/?page_id=3305"},"modified":"2019-12-20T16:53:05","modified_gmt":"2019-12-20T16:53:05","slug":"laguna-churup-o-laguna-de-7-colores","status":"publish","type":"page","link":"https:\/\/acuarelatourperu.com\/es\/laguna-churup-o-laguna-de-7-colores\/","title":{"rendered":"LAGUNA CHURUP O LAGUNA DE 7 COLORES"},"content":{"rendered":"[vc_row][vc_column][vc_column_text]\n<h1 style=\"text-align: center;\"><span style=\"color: #02aea9;\">LAGUNA CHURUP O LAGUNA DE 7 COLORES<\/span><\/h1>\n<p>\u2022 \u00a0<strong>Duraci\u00f3n: <\/strong>1 d\u00eda<\/p>\n<p>Se encuentra localizada a pocos kil\u00f3metros de Huaraz, en la regi\u00f3n de Ancash, esta se halla comprendida en la ruta a Llupa y Pitec, a una altura de 4 450 metros. Se trata de una hermosa laguna de color turquesa y de fr\u00eda temperatura que es adem\u00e1s una de las m\u00e1s visitadas y que comprende una popular ruta de trekking.<\/p>\n<p>Para poder llegar hasta la laguna de Churup se debe acceder desde el poblado de Pitec inicialmente, para luego seguir la caminata hasta donde esta se localiza. Cerca de la laguna se puede apreciar al bello nevado que presenta el mismo nombre y que resulta parte del atractivo del circuito de Churup, en cuya agua se ve reflejado<strong>.<\/strong><\/p>\n<p>Incluye: Movilidad privada, hotel, gu\u00eda, entradas, box lunch, retorno y noche en Huaraz.<\/p>\n[\/vc_column_text][vc_row_inner gap=\u00bb5&#8243;][vc_column_inner offset=\u00bbvc_hidden-lg vc_hidden-md vc_hidden-sm\u00bb][vc_gallery type=\u00bbimage_grid\u00bb images=\u00bb2557,3307,3308,3309,3310&#8243; img_size=\u00bbmedium\u00bb onclick=\u00bbcustom_link\u00bb css_animation=\u00bbfadeIn\u00bb][\/vc_column_inner][\/vc_row_inner][\/vc_column][\/vc_row][vc_row][vc_column offset=\u00bbvc_hidden-xs\u00bb][vc_media_grid element_width=\u00bb2&#8243; grid_id=\u00bbvc_gid:1567703811722-08cb20d6-b6a0-0&#8243; include=\u00bb2557,3310,3307,3308,3309&#8243;][\/vc_column][\/vc_row][vc_row content_placement=\u00bbmiddle\u00bb][vc_column][vc_btn title=\u00bbCOTIZAR\u00bb color=\u00bbdanger\u00bb align=\u00bbcenter\u00bb css_animation=\u00bbzoomInRight\u00bb link=\u00bburl:http%3A%2F%2Fbit.ly%2FAcuarelaTourPeru|||\u00bb][\/vc_column][\/vc_row]","protected":false},"excerpt":{"rendered":"<p>[vc_row][vc_column][vc_column_text] LAGUNA CHURUP O LAGUNA DE 7 COLORES \u2022 \u00a0Duraci\u00f3n: 1 d\u00eda Se encuentra localizada a pocos kil\u00f3metros de Huaraz, en la regi\u00f3n de Ancash, esta se halla comprendida en&#8230;<\/p>\n","protected":false},"author":1,"featured_media":0,"parent":0,"menu_order":0,"comment_status":"closed","ping_status":"closed","template":"","meta":{"_acf_changed":false,"footnotes":""},"class_list":["post-3305","page","type-page","status-publish","hentry"],"acf":[],"_links":{"self":[{"href":"https:\/\/acuarelatourperu.com\/es\/wp-json\/wp\/v2\/pages\/3305","targetHints":{"allow":["GET"]}}],"collection":[{"href":"https:\/\/acuarelatourperu.com\/es\/wp-json\/wp\/v2\/pages"}],"about":[{"href":"https:\/\/acuarelatourperu.com\/es\/wp-json\/wp\/v2\/types\/page"}],"author":[{"embeddable":true,"href":"https:\/\/acuarelatourperu.com\/es\/wp-json\/wp\/v2\/users\/1"}],"replies":[{"embeddable":true,"href":"https:\/\/acuarelatourperu.com\/es\/wp-json\/wp\/v2\/comments?post=3305"}],"version-history":[{"count":6,"href":"https:\/\/acuarelatourperu.com\/es\/wp-json\/wp\/v2\/pages\/3305\/revisions"}],"predecessor-version":[{"id":4649,"href":"https:\/\/acuarelatourperu.com\/es\/wp-json\/wp\/v2\/pages\/3305\/revisions\/4649"}],"wp:attachment":[{"href":"https:\/\/acuarelatourperu.com\/es\/wp-json\/wp\/v2\/media?parent=3305"}],"curies":[{"name":"wp","href":"https:\/\/api.w.org\/{rel}","templated":true}]}}