{"id":3315,"date":"2019-07-22T17:48:01","date_gmt":"2019-07-22T17:48:01","guid":{"rendered":"http:\/\/www.acuarelatourperu.com\/?page_id=3315"},"modified":"2019-12-20T16:51:15","modified_gmt":"2019-12-20T16:51:15","slug":"laguna-69","status":"publish","type":"page","link":"https:\/\/acuarelatourperu.com\/es\/laguna-69\/","title":{"rendered":"LAGUNA 69"},"content":{"rendered":"[vc_row][vc_column][vc_column_text]\n<h1 style=\"text-align: center;\"><span style=\"color: #02aea9;\">LAGUNA 69<\/span><\/h1>\n<p>\u2022 \u00a0<strong>Duraci\u00f3n: <\/strong>1 d\u00eda<\/p>\n<p>Nos dirigimos hacia la quebrada Llangan\u00faco y pasaremos cerca a las 2 lagunas (Chinancocha y Orconcocha). Despu\u00e9s de una breve parada nos vamos hasta Cebollapamapa, que es punto de inicio de la caminata a la Laguna 69. Llegar nos tomar\u00e1 3 horas y 69 est\u00e1 ubicada justo debajo de la impresionante monta\u00f1a de Chacraraju (6112 m.). Luego bajamos por la misma v\u00eda 2 horas hasta Cebollapampa, lugar donde espera el transporte para regresar a Huaraz. Noche en el hotel.<\/p>\n<p>Incluye: Movilidad privada, hotel, gu\u00eda, entradas, box lunch, retorno y noche en Huaraz.<\/p>\n[\/vc_column_text][vc_row_inner gap=\u00bb5&#8243;][vc_column_inner offset=\u00bbvc_hidden-lg vc_hidden-md vc_hidden-sm\u00bb][vc_gallery type=\u00bbimage_grid\u00bb images=\u00bb2556,3320,3319,3318,3317,4271&#8243; img_size=\u00bbmedium\u00bb onclick=\u00bbcustom_link\u00bb css_animation=\u00bbfadeIn\u00bb][\/vc_column_inner][\/vc_row_inner][\/vc_column][\/vc_row][vc_row][vc_column offset=\u00bbvc_hidden-xs\u00bb][vc_media_grid element_width=\u00bb2&#8243; grid_id=\u00bbvc_gid:1567703485459-75cd6bed-605c-3&#8243; include=\u00bb2556,3317,3318,3319,3320,4271&#8243;][\/vc_column][\/vc_row][vc_row content_placement=\u00bbmiddle\u00bb][vc_column][vc_btn title=\u00bbCOTIZAR\u00bb color=\u00bbdanger\u00bb align=\u00bbcenter\u00bb css_animation=\u00bbzoomInRight\u00bb link=\u00bburl:http%3A%2F%2Fbit.ly%2FAcuarelaTourPeru|||\u00bb][\/vc_column][\/vc_row]","protected":false},"excerpt":{"rendered":"<p>[vc_row][vc_column][vc_column_text] LAGUNA 69 \u2022 \u00a0Duraci\u00f3n: 1 d\u00eda Nos dirigimos hacia la quebrada Llangan\u00faco y pasaremos cerca a las 2 lagunas (Chinancocha y Orconcocha). Despu\u00e9s de una breve parada nos vamos&#8230;<\/p>\n","protected":false},"author":1,"featured_media":0,"parent":0,"menu_order":0,"comment_status":"closed","ping_status":"closed","template":"","meta":{"_acf_changed":false,"footnotes":""},"class_list":["post-3315","page","type-page","status-publish","hentry"],"acf":[],"_links":{"self":[{"href":"https:\/\/acuarelatourperu.com\/es\/wp-json\/wp\/v2\/pages\/3315","targetHints":{"allow":["GET"]}}],"collection":[{"href":"https:\/\/acuarelatourperu.com\/es\/wp-json\/wp\/v2\/pages"}],"about":[{"href":"https:\/\/acuarelatourperu.com\/es\/wp-json\/wp\/v2\/types\/page"}],"author":[{"embeddable":true,"href":"https:\/\/acuarelatourperu.com\/es\/wp-json\/wp\/v2\/users\/1"}],"replies":[{"embeddable":true,"href":"https:\/\/acuarelatourperu.com\/es\/wp-json\/wp\/v2\/comments?post=3315"}],"version-history":[{"count":6,"href":"https:\/\/acuarelatourperu.com\/es\/wp-json\/wp\/v2\/pages\/3315\/revisions"}],"predecessor-version":[{"id":4648,"href":"https:\/\/acuarelatourperu.com\/es\/wp-json\/wp\/v2\/pages\/3315\/revisions\/4648"}],"wp:attachment":[{"href":"https:\/\/acuarelatourperu.com\/es\/wp-json\/wp\/v2\/media?parent=3315"}],"curies":[{"name":"wp","href":"https:\/\/api.w.org\/{rel}","templated":true}]}}