{"id":3325,"date":"2019-07-22T18:04:35","date_gmt":"2019-07-22T18:04:35","guid":{"rendered":"http:\/\/www.acuarelatourperu.com\/?page_id=3325"},"modified":"2019-12-20T16:40:20","modified_gmt":"2019-12-20T16:40:20","slug":"cordillera-blanca-santa-cruz-trekk-con-llamas","status":"publish","type":"page","link":"https:\/\/acuarelatourperu.com\/es\/cordillera-blanca-santa-cruz-trekk-con-llamas\/","title":{"rendered":"CORDILLERA BLANCA SANTA CRUZ TREKK CON LLAMAS"},"content":{"rendered":"[vc_row][vc_column][vc_column_text]\n<h1 style=\"text-align: center;\"><span style=\"color: #02aea9;\">CORDILLERA BLANCA SANTA CRUZ TREKK CON LLAMAS<\/span><\/h1>\n<p>\u2022 \u00a0<strong>Duraci\u00f3n: <\/strong>4 a 6 d\u00edas<\/p>\n<p>Un trekking pasando por la Reserva del Huascar\u00e1n admirando otros picos nevados como: Huantz\u00e1n Grande (6395m) y Cashan (5723m.), llev\u00e1ndonos as\u00ed hasta el sitio monumental de Chav\u00edn de Huantar, con sus espectaculares bajos relieves y sofisticadas estructuras subterr\u00e1neas. Nos acompa\u00f1amos con una Recua de Llamas durante nuestro recorrido.<\/p>\n<p>Incluye: Movilidad privada, hotel, gu\u00eda, entradas, recua de llamas, alimentaci\u00f3n completa, Hotel, retorno y noche en Huaraz.[\/vc_column_text][vc_row_inner gap=\u00bb5&#8243;][vc_column_inner offset=\u00bbvc_hidden-lg vc_hidden-md vc_hidden-sm\u00bb][vc_gallery type=\u00bbimage_grid\u00bb images=\u00bb2554,3332,3327,3331,3329,3328,3330,4264,4265,4268,4267,4269&#8243; img_size=\u00bbmedium\u00bb onclick=\u00bbcustom_link\u00bb css_animation=\u00bbfadeIn\u00bb][\/vc_column_inner][\/vc_row_inner][\/vc_column][\/vc_row][vc_row][vc_column offset=\u00bbvc_hidden-xs\u00bb][vc_media_grid element_width=\u00bb2&#8243; grid_id=\u00bbvc_gid:1567703296499-c7b3c46e-dc29-5&#8243; include=\u00bb3329,2554,3327,3328,3332,3330,3331,4264,4265,4267,4268,4269&#8243;][\/vc_column][\/vc_row][vc_row content_placement=\u00bbmiddle\u00bb][vc_column][vc_btn title=\u00bbCOTIZAR\u00bb color=\u00bbdanger\u00bb align=\u00bbcenter\u00bb css_animation=\u00bbzoomInRight\u00bb link=\u00bburl:http%3A%2F%2Fbit.ly%2FAcuarelaTourPeru|||\u00bb][\/vc_column][\/vc_row]","protected":false},"excerpt":{"rendered":"<p>[vc_row][vc_column][vc_column_text] CORDILLERA BLANCA SANTA CRUZ TREKK CON LLAMAS \u2022 \u00a0Duraci\u00f3n: 4 a 6 d\u00edas Un trekking pasando por la Reserva del Huascar\u00e1n admirando otros picos nevados como: Huantz\u00e1n Grande (6395m)&#8230;<\/p>\n","protected":false},"author":1,"featured_media":0,"parent":0,"menu_order":0,"comment_status":"closed","ping_status":"closed","template":"","meta":{"_acf_changed":false,"footnotes":""},"class_list":["post-3325","page","type-page","status-publish","hentry"],"acf":[],"_links":{"self":[{"href":"https:\/\/acuarelatourperu.com\/es\/wp-json\/wp\/v2\/pages\/3325","targetHints":{"allow":["GET"]}}],"collection":[{"href":"https:\/\/acuarelatourperu.com\/es\/wp-json\/wp\/v2\/pages"}],"about":[{"href":"https:\/\/acuarelatourperu.com\/es\/wp-json\/wp\/v2\/types\/page"}],"author":[{"embeddable":true,"href":"https:\/\/acuarelatourperu.com\/es\/wp-json\/wp\/v2\/users\/1"}],"replies":[{"embeddable":true,"href":"https:\/\/acuarelatourperu.com\/es\/wp-json\/wp\/v2\/comments?post=3325"}],"version-history":[{"count":7,"href":"https:\/\/acuarelatourperu.com\/es\/wp-json\/wp\/v2\/pages\/3325\/revisions"}],"predecessor-version":[{"id":4647,"href":"https:\/\/acuarelatourperu.com\/es\/wp-json\/wp\/v2\/pages\/3325\/revisions\/4647"}],"wp:attachment":[{"href":"https:\/\/acuarelatourperu.com\/es\/wp-json\/wp\/v2\/media?parent=3325"}],"curies":[{"name":"wp","href":"https:\/\/api.w.org\/{rel}","templated":true}]}}