{"id":3347,"date":"2019-07-22T18:39:58","date_gmt":"2019-07-22T18:39:58","guid":{"rendered":"http:\/\/www.acuarelatourperu.com\/?page_id=3347"},"modified":"2019-12-20T16:34:45","modified_gmt":"2019-12-20T16:34:45","slug":"callejon-de-huaylas-carhuaz-yungay-laguna-llanganuco","status":"publish","type":"page","link":"https:\/\/acuarelatourperu.com\/es\/callejon-de-huaylas-carhuaz-yungay-laguna-llanganuco\/","title":{"rendered":"CALLEJ\u00d3N DE HUAYLAS\/ CARHUAZ\/ YUNGAY\/ LAGUNA LLANGAN\u00daCO"},"content":{"rendered":"[vc_row][vc_column][vc_column_text]\n<h1 style=\"text-align: center;\"><span style=\"color: #02aea9;\">CALLEJ\u00d3N DE HUAYLAS\/ CARHUAZ\/ YUNGAY\/ LAGUNA LLANGAN\u00daCO<\/span><\/h1>\n<p>\u2022 \u00a0<strong>Duraci\u00f3n: <\/strong>1 d\u00eda<\/p>\n<p>Partiendo de Huaraz, recorreremos el \u201cCallej\u00f3n de Huaylas\u201d, ubicado entre las cordilleras Blanca y Negra, apreciando sus nevados m\u00e1s importantes, como el Huascar\u00e1n (6,768 m.) -la monta\u00f1a m\u00e1s alta del Per\u00fa- Hualcan (6,162 m.), Copa (6,188 msnm), Chopicallqui (6,350 m.) y Huandoy (6,356 m.). Visitaremos el pueblo de Carhuaz \u00a0y recorreremos su mercado t\u00edpico. En Yungay, apreciaremos la ciudad sepultada por un alud en 1970. Iniciaremos el ascenso hacia la Cordillera Blanca con destino a la quebrada Llangan\u00faco visitando Orcococha y Chinacocha de aguas azul turquesa con variada flora alto-andina, apreciando los nevados que las rodean. Realizaremos la caminata por el sendero Chinacocha que bordea la laguna y luego continuaremos por el sendero Mar\u00eda Josefa, que discurre por el frondoso bosque de que\u00f1uales a orillas del r\u00edo Llangan\u00faco, donde nuestro gu\u00eda nos orientara sobre el medio ambiente alto andino. Retornaremos a Yungay para almorzar.<\/p>\n<p>Retorno a Huaraz.<\/p>\n<p>Noche en el hotel.<\/p>\n<p>Incluye: Movilidad privada, hotel, gu\u00eda, entradas, retorno y noche en Huaraz.<\/p>\n[\/vc_column_text][vc_row_inner gap=\u00bb5&#8243;][vc_column_inner offset=\u00bbvc_hidden-lg vc_hidden-md vc_hidden-sm\u00bb][vc_gallery type=\u00bbimage_grid\u00bb images=\u00bb2552,3352,3355,3350,3351,3353,3354&#8243; img_size=\u00bbmedium\u00bb onclick=\u00bbcustom_link\u00bb css_animation=\u00bbfadeIn\u00bb][\/vc_column_inner][\/vc_row_inner][\/vc_column][\/vc_row][vc_row][vc_column offset=\u00bbvc_hidden-xs\u00bb][vc_media_grid element_width=\u00bb2&#8243; grid_id=\u00bbvc_gid:1567526554472-fde03c3f-286f-4&#8243; include=\u00bb2552,3350,3352,3355,3351,3353,3354&#8243;][\/vc_column][\/vc_row][vc_row content_placement=\u00bbmiddle\u00bb][vc_column][vc_btn title=\u00bbCOTIZAR\u00bb color=\u00bbdanger\u00bb align=\u00bbcenter\u00bb css_animation=\u00bbzoomInRight\u00bb link=\u00bburl:http%3A%2F%2Fbit.ly%2FAcuarelaTourPeru|||\u00bb][\/vc_column][\/vc_row]","protected":false},"excerpt":{"rendered":"<p>[vc_row][vc_column][vc_column_text] CALLEJ\u00d3N DE HUAYLAS\/ CARHUAZ\/ YUNGAY\/ LAGUNA LLANGAN\u00daCO \u2022 \u00a0Duraci\u00f3n: 1 d\u00eda Partiendo de Huaraz, recorreremos el \u201cCallej\u00f3n de Huaylas\u201d, ubicado entre las cordilleras Blanca y Negra, apreciando sus nevados&#8230;<\/p>\n","protected":false},"author":1,"featured_media":0,"parent":0,"menu_order":0,"comment_status":"closed","ping_status":"closed","template":"","meta":{"_acf_changed":false,"footnotes":""},"class_list":["post-3347","page","type-page","status-publish","hentry"],"acf":[],"_links":{"self":[{"href":"https:\/\/acuarelatourperu.com\/es\/wp-json\/wp\/v2\/pages\/3347","targetHints":{"allow":["GET"]}}],"collection":[{"href":"https:\/\/acuarelatourperu.com\/es\/wp-json\/wp\/v2\/pages"}],"about":[{"href":"https:\/\/acuarelatourperu.com\/es\/wp-json\/wp\/v2\/types\/page"}],"author":[{"embeddable":true,"href":"https:\/\/acuarelatourperu.com\/es\/wp-json\/wp\/v2\/users\/1"}],"replies":[{"embeddable":true,"href":"https:\/\/acuarelatourperu.com\/es\/wp-json\/wp\/v2\/comments?post=3347"}],"version-history":[{"count":7,"href":"https:\/\/acuarelatourperu.com\/es\/wp-json\/wp\/v2\/pages\/3347\/revisions"}],"predecessor-version":[{"id":4645,"href":"https:\/\/acuarelatourperu.com\/es\/wp-json\/wp\/v2\/pages\/3347\/revisions\/4645"}],"wp:attachment":[{"href":"https:\/\/acuarelatourperu.com\/es\/wp-json\/wp\/v2\/media?parent=3347"}],"curies":[{"name":"wp","href":"https:\/\/api.w.org\/{rel}","templated":true}]}}