{"id":3360,"date":"2019-07-22T19:09:11","date_gmt":"2019-07-22T19:09:11","guid":{"rendered":"http:\/\/www.acuarelatourperu.com\/?page_id=3360"},"modified":"2019-12-20T16:25:46","modified_gmt":"2019-12-20T16:25:46","slug":"chavin-de-huantar","status":"publish","type":"page","link":"https:\/\/acuarelatourperu.com\/es\/chavin-de-huantar\/","title":{"rendered":"CHAV\u00cdN DE HUANTAR"},"content":{"rendered":"[vc_row][vc_column][vc_column_text]\n<h1 style=\"text-align: center;\"><span style=\"color: #02aea9;\">CHAV\u00cdN DE HUANTAR<\/span><\/h1>\n<p>\u2022 \u00a0<strong>Duraci\u00f3n: <\/strong>1 d\u00eda<\/p>\n<p>Recorreremos el sur del valle del rio Santa, pasando por los pueblos t\u00edpicos de Recuay, Ticapampa y Catac, desde donde ascenderemos hacia la cordillera Blanca. Visitaremos la laguna Querococha (3,980 m.) y ascenderemos al paso de Cahuish (4,550 m.) desde donde descenderemos al callej\u00f3n de Conchucos, y finalmente llegar al pueblo de Chav\u00edn de Huantar (3,180 metros) donde visitaremos el Centro Ceremonial con sus templos, plazas, galer\u00edas interiores de complicado dise\u00f1o para fines ceremoniales, usadas tambi\u00e9n para la conducci\u00f3n de agua. En el Templo Antiguo visitaremos la galer\u00eda del \u201cLanz\u00f3n\u201d, \u00eddolo de piedra de 4.50 m. de alto, con representaciones humanas y atributos de jaguar, serpiente, y \u00e1guila. Veremos tambi\u00e9n sus conocidas \u201cCabezas Clavas\u201d. Luego del almuerzo visitaremos el museo de Chav\u00edn donde se encuentran magnificas muestras de la cer\u00e1mica y lito escultura de Chav\u00edn, destacando el \u201cObelisco Tello\u201d, las cabezas clavas, estelas, as\u00ed como los pututos de conchas marinas. Retorno a Huaraz y noche en el hotel.<\/p>\n<p>Incluye: Movilidad privada, hotel, gu\u00eda, entradas, retorno y noche en Huaraz.<\/p>\n[\/vc_column_text][vc_row_inner gap=\u00bb5&#8243;][vc_column_inner offset=\u00bbvc_hidden-lg vc_hidden-md vc_hidden-sm\u00bb][vc_gallery type=\u00bbimage_grid\u00bb images=\u00bb2551,3365,3367,3363,3370,3368,3369,3371,3372,3364,3366&#8243; img_size=\u00bbmedium\u00bb onclick=\u00bbcustom_link\u00bb css_animation=\u00bbfadeIn\u00bb][\/vc_column_inner][\/vc_row_inner][\/vc_column][\/vc_row][vc_row][vc_column][vc_media_grid element_width=\u00bb2&#8243; grid_id=\u00bbvc_gid:1564105999558-1c155369-2cea-0&#8243; include=\u00bb2551,3363,3365,3370,3368,3366,3372,3367,3369,3371,3364&#8243;][\/vc_column][\/vc_row][vc_row content_placement=\u00bbmiddle\u00bb][vc_column][vc_btn title=\u00bbCOTIZAR\u00bb color=\u00bbdanger\u00bb align=\u00bbcenter\u00bb css_animation=\u00bbzoomInRight\u00bb link=\u00bburl:http%3A%2F%2Fbit.ly%2FAcuarelaTourPeru|||\u00bb][\/vc_column][\/vc_row]","protected":false},"excerpt":{"rendered":"<p>[vc_row][vc_column][vc_column_text] CHAV\u00cdN DE HUANTAR \u2022 \u00a0Duraci\u00f3n: 1 d\u00eda Recorreremos el sur del valle del rio Santa, pasando por los pueblos t\u00edpicos de Recuay, Ticapampa y Catac, desde donde ascenderemos hacia&#8230;<\/p>\n","protected":false},"author":1,"featured_media":0,"parent":0,"menu_order":0,"comment_status":"closed","ping_status":"closed","template":"","meta":{"_acf_changed":false,"footnotes":""},"class_list":["post-3360","page","type-page","status-publish","hentry"],"acf":[],"_links":{"self":[{"href":"https:\/\/acuarelatourperu.com\/es\/wp-json\/wp\/v2\/pages\/3360","targetHints":{"allow":["GET"]}}],"collection":[{"href":"https:\/\/acuarelatourperu.com\/es\/wp-json\/wp\/v2\/pages"}],"about":[{"href":"https:\/\/acuarelatourperu.com\/es\/wp-json\/wp\/v2\/types\/page"}],"author":[{"embeddable":true,"href":"https:\/\/acuarelatourperu.com\/es\/wp-json\/wp\/v2\/users\/1"}],"replies":[{"embeddable":true,"href":"https:\/\/acuarelatourperu.com\/es\/wp-json\/wp\/v2\/comments?post=3360"}],"version-history":[{"count":5,"href":"https:\/\/acuarelatourperu.com\/es\/wp-json\/wp\/v2\/pages\/3360\/revisions"}],"predecessor-version":[{"id":4644,"href":"https:\/\/acuarelatourperu.com\/es\/wp-json\/wp\/v2\/pages\/3360\/revisions\/4644"}],"wp:attachment":[{"href":"https:\/\/acuarelatourperu.com\/es\/wp-json\/wp\/v2\/media?parent=3360"}],"curies":[{"name":"wp","href":"https:\/\/api.w.org\/{rel}","templated":true}]}}