{"id":3376,"date":"2019-07-22T19:52:28","date_gmt":"2019-07-22T19:52:28","guid":{"rendered":"http:\/\/www.acuarelatourperu.com\/?page_id=3376"},"modified":"2019-12-20T16:17:43","modified_gmt":"2019-12-20T16:17:43","slug":"caminata-lares","status":"publish","type":"page","link":"https:\/\/acuarelatourperu.com\/es\/caminata-lares\/","title":{"rendered":"CAMINATA LARES"},"content":{"rendered":"[vc_row][vc_column][vc_column_text]\n<h1 style=\"text-align: center;\"><span style=\"color: #02aea9;\">CAMINATA LARES<\/span><\/h1>\n<p>\u2022 \u00a0<strong>Duraci\u00f3n: <\/strong>4 d\u00edas<\/p>\n<p>El trekking de Lares a Machu Picchu en cuatro d\u00edas es un modo excelente de llegar a conocer el paisaje Andino, con valles, r\u00edos, lagunas con aguas claras, cascadas, bosques de Que\u00f1ua. A diferencia de otros, se hace un viaje largo y dif\u00edcil por el Valle de Lares viendo sitios remotos, un destino todav\u00eda desconocido por muchos, un viaje al coraz\u00f3n de Andes donde pocos turistas y viajeros se han aventurado. Este maravilloso camino le toma para ver paisajes hermosos naturales adornados por glaciares impresionantes. Un mundo totalmente diferente del nuestro, un para\u00edso Andino donde los habitantes de peque\u00f1os pueblos todav\u00eda tienen antiguos y tradicionales modos de vida.<\/p>\n<p>Finalmente, los paisajes \u00fanicos del Valle Sagrado de los incas, con caminos naturales y antiguos caminos incas, ofrecen un lugar ideal e incomparable para ser conocido por la caminata, la equitaci\u00f3n o sobre una bici. Los viajes que ofrecemos pueden ser hechos en un d\u00eda o m\u00e1s, incluyendo el campo o el mejor acuerdo a su preferencia. La gran belleza natural de su paisaje, la rica flora y fauna es tambi\u00e9n una oportunidad excelente para la observaci\u00f3n de los p\u00e1jaros, as\u00ed como restos arqueol\u00f3gicos, pueblos coloniales y comunidades rurales, que son un museo de vida. La estaci\u00f3n ideal para hacer estos viajes est\u00e1 entre abril y noviembre.[\/vc_column_text][vc_row_inner gap=\u00bb5&#8243;][vc_column_inner offset=\u00bbvc_hidden-lg vc_hidden-md vc_hidden-sm\u00bb][vc_gallery type=\u00bbimage_grid\u00bb images=\u00bb3384,4254,3382,4255,3380,3383,3386,3381,4253,3379,3385,4256&#8243; img_size=\u00bbmedium\u00bb onclick=\u00bbcustom_link\u00bb css_animation=\u00bbfadeIn\u00bb][\/vc_column_inner][\/vc_row_inner][\/vc_column][\/vc_row][vc_row][vc_column offset=\u00bbvc_hidden-xs\u00bb][vc_media_grid element_width=\u00bb2&#8243; grid_id=\u00bbvc_gid:1576858569536-8498d586-970d-9&#8243; include=\u00bb3379,4256,3382,4254,3384,3380,3386,3381,4253,3383,3385,4255&#8243;][\/vc_column][\/vc_row][vc_row content_placement=\u00bbmiddle\u00bb][vc_column][vc_btn title=\u00bbCOTIZAR\u00bb color=\u00bbdanger\u00bb align=\u00bbcenter\u00bb css_animation=\u00bbzoomInRight\u00bb link=\u00bburl:http%3A%2F%2Fbit.ly%2FAcuarelaTourPeru|||\u00bb][\/vc_column][\/vc_row]","protected":false},"excerpt":{"rendered":"<p>[vc_row][vc_column][vc_column_text] CAMINATA LARES \u2022 \u00a0Duraci\u00f3n: 4 d\u00edas El trekking de Lares a Machu Picchu en cuatro d\u00edas es un modo excelente de llegar a conocer el paisaje Andino, con valles,&#8230;<\/p>\n","protected":false},"author":1,"featured_media":0,"parent":0,"menu_order":0,"comment_status":"closed","ping_status":"closed","template":"","meta":{"_acf_changed":false,"footnotes":""},"class_list":["post-3376","page","type-page","status-publish","hentry"],"acf":[],"_links":{"self":[{"href":"https:\/\/acuarelatourperu.com\/es\/wp-json\/wp\/v2\/pages\/3376","targetHints":{"allow":["GET"]}}],"collection":[{"href":"https:\/\/acuarelatourperu.com\/es\/wp-json\/wp\/v2\/pages"}],"about":[{"href":"https:\/\/acuarelatourperu.com\/es\/wp-json\/wp\/v2\/types\/page"}],"author":[{"embeddable":true,"href":"https:\/\/acuarelatourperu.com\/es\/wp-json\/wp\/v2\/users\/1"}],"replies":[{"embeddable":true,"href":"https:\/\/acuarelatourperu.com\/es\/wp-json\/wp\/v2\/comments?post=3376"}],"version-history":[{"count":8,"href":"https:\/\/acuarelatourperu.com\/es\/wp-json\/wp\/v2\/pages\/3376\/revisions"}],"predecessor-version":[{"id":4642,"href":"https:\/\/acuarelatourperu.com\/es\/wp-json\/wp\/v2\/pages\/3376\/revisions\/4642"}],"wp:attachment":[{"href":"https:\/\/acuarelatourperu.com\/es\/wp-json\/wp\/v2\/media?parent=3376"}],"curies":[{"name":"wp","href":"https:\/\/api.w.org\/{rel}","templated":true}]}}