{"id":3391,"date":"2019-07-22T20:12:14","date_gmt":"2019-07-22T20:12:14","guid":{"rendered":"http:\/\/www.acuarelatourperu.com\/?page_id=3391"},"modified":"2019-12-20T16:15:40","modified_gmt":"2019-12-20T16:15:40","slug":"ausangate","status":"publish","type":"page","link":"https:\/\/acuarelatourperu.com\/es\/ausangate\/","title":{"rendered":"AUSANGATE"},"content":{"rendered":"[vc_row][vc_column][vc_column_text]\n<h1 style=\"text-align: center;\"><span style=\"color: #02aea9;\">AUSANGATE<\/span><\/h1>\n<p>\u2022 \u00a0<strong>Duraci\u00f3n: <\/strong>4 d\u00edas<\/p>\n<p>El asombroso trekk, hace un viaje largo y dif\u00edcil por los rastros antiguos que unen los pueblos tradicionales de agricultores Quechua y pastores de reba\u00f1os de cam\u00e9lidos, lindando con el glaciar Ausangate (6,372 m.s.n.m.), el Apu principal o el dios m\u00e1s alto, tutelar en la regi\u00f3n. Nuestro itinerario los llevar\u00e1 al remoto e intacto p\u00e1ramo del glaciar Ausangate, por mucho tiempo famoso por su alto paisaje, lagos turquesa, y los reba\u00f1os de alpacas. En toda la ruta usted encontrar\u00e1 los mejores sitios poniendo en la pr\u00e1ctica todas sus habilidades f\u00edsicas como en la fotograf\u00eda.[\/vc_column_text][vc_row_inner gap=\u00bb5&#8243;][vc_column_inner offset=\u00bbvc_hidden-lg vc_hidden-md vc_hidden-sm\u00bb][vc_gallery type=\u00bbimage_grid\u00bb images=\u00bb2540,3395,3393,3394,3398,3396,3397&#8243; img_size=\u00bbmedium\u00bb onclick=\u00bbcustom_link\u00bb css_animation=\u00bbfadeIn\u00bb][\/vc_column_inner][\/vc_row_inner][\/vc_column][\/vc_row][vc_row][vc_column offset=\u00bbvc_hidden-xs\u00bb][vc_media_grid element_width=\u00bb2&#8243; grid_id=\u00bbvc_gid:1576858492164-2ee45630-cbf2-10&#8243; include=\u00bb2540,3395,3393,3394,3397,3396,3398&#8243;][\/vc_column][\/vc_row][vc_row content_placement=\u00bbmiddle\u00bb][vc_column][vc_btn title=\u00bbCOTIZAR\u00bb color=\u00bbdanger\u00bb align=\u00bbcenter\u00bb css_animation=\u00bbzoomInRight\u00bb link=\u00bburl:http%3A%2F%2Fbit.ly%2FAcuarelaTourPeru|||\u00bb][\/vc_column][\/vc_row]","protected":false},"excerpt":{"rendered":"<p>[vc_row][vc_column][vc_column_text] AUSANGATE \u2022 \u00a0Duraci\u00f3n: 4 d\u00edas El asombroso trekk, hace un viaje largo y dif\u00edcil por los rastros antiguos que unen los pueblos tradicionales de agricultores Quechua y pastores de&#8230;<\/p>\n","protected":false},"author":1,"featured_media":0,"parent":0,"menu_order":0,"comment_status":"closed","ping_status":"closed","template":"","meta":{"_acf_changed":false,"footnotes":""},"class_list":["post-3391","page","type-page","status-publish","hentry"],"acf":[],"_links":{"self":[{"href":"https:\/\/acuarelatourperu.com\/es\/wp-json\/wp\/v2\/pages\/3391","targetHints":{"allow":["GET"]}}],"collection":[{"href":"https:\/\/acuarelatourperu.com\/es\/wp-json\/wp\/v2\/pages"}],"about":[{"href":"https:\/\/acuarelatourperu.com\/es\/wp-json\/wp\/v2\/types\/page"}],"author":[{"embeddable":true,"href":"https:\/\/acuarelatourperu.com\/es\/wp-json\/wp\/v2\/users\/1"}],"replies":[{"embeddable":true,"href":"https:\/\/acuarelatourperu.com\/es\/wp-json\/wp\/v2\/comments?post=3391"}],"version-history":[{"count":5,"href":"https:\/\/acuarelatourperu.com\/es\/wp-json\/wp\/v2\/pages\/3391\/revisions"}],"predecessor-version":[{"id":4641,"href":"https:\/\/acuarelatourperu.com\/es\/wp-json\/wp\/v2\/pages\/3391\/revisions\/4641"}],"wp:attachment":[{"href":"https:\/\/acuarelatourperu.com\/es\/wp-json\/wp\/v2\/media?parent=3391"}],"curies":[{"name":"wp","href":"https:\/\/api.w.org\/{rel}","templated":true}]}}