{"id":3402,"date":"2019-07-22T21:53:17","date_gmt":"2019-07-22T21:53:17","guid":{"rendered":"http:\/\/www.acuarelatourperu.com\/?page_id=3402"},"modified":"2019-12-20T16:14:17","modified_gmt":"2019-12-20T16:14:17","slug":"nevado-salkantay-camino-inca-con-machupicchu-en-transporte-privado","status":"publish","type":"page","link":"https:\/\/acuarelatourperu.com\/es\/nevado-salkantay-camino-inca-con-machupicchu-en-transporte-privado\/","title":{"rendered":"NEVADO SALKANTAY\/ CAMINO INCA CON MACHUPICCHU EN TRANSPORTE PRIVADO"},"content":{"rendered":"[vc_row][vc_column][vc_column_text]\n<h1 style=\"text-align: center;\"><span style=\"color: #02aea9;\">NEVADO SALKANTAY\/ CAMINO INCA CON MACHUPICCHU EN TRANSPORTE PRIVADO<\/span><\/h1>\n<p>\u2022 \u00a0<strong>Duraci\u00f3n: <\/strong>5 d\u00edas<\/p>\n<p>Esta ruta es una buena alternativa de senderismo donde nos deleitan dos grandes nevados como el Salkantay y Humantay que fueron considerados sagrados por los Incas, as\u00ed como para los pobladores en la actualidad. Durante el recorrido hay una variedad de paisajes como quebradas, ca\u00f1ones y selva alta as\u00ed como algunos campos de caf\u00e9 y agradable ba\u00f1os termales antes de llegar a Machu Picchu, verdaderamente hermoso.[\/vc_column_text][vc_row_inner gap=\u00bb5&#8243;][vc_column_inner offset=\u00bbvc_hidden-lg vc_hidden-md vc_hidden-sm\u00bb][vc_gallery type=\u00bbimage_grid\u00bb images=\u00bb3407,4134,3413,3414,3412,3406,3411,3408,3409,3410,3405&#8243; img_size=\u00bbmedium\u00bb onclick=\u00bbcustom_link\u00bb css_animation=\u00bbfadeIn\u00bb][\/vc_column_inner][\/vc_row_inner][\/vc_column][\/vc_row][vc_row][vc_column offset=\u00bbvc_hidden-xs\u00bb][vc_media_grid element_width=\u00bb2&#8243; grid_id=\u00bbvc_gid:1576858448186-0ad840ac-f556-5&#8243; include=\u00bb3407,4134,3413,3408,3405,3406,3409,3410,3411,3412,3414&#8243;][\/vc_column][\/vc_row][vc_row content_placement=\u00bbmiddle\u00bb][vc_column][vc_btn title=\u00bbCOTIZAR\u00bb color=\u00bbdanger\u00bb align=\u00bbcenter\u00bb css_animation=\u00bbzoomInRight\u00bb link=\u00bburl:http%3A%2F%2Fbit.ly%2FAcuarelaTourPeru|||\u00bb][\/vc_column][\/vc_row]","protected":false},"excerpt":{"rendered":"<p>[vc_row][vc_column][vc_column_text] NEVADO SALKANTAY\/ CAMINO INCA CON MACHUPICCHU EN TRANSPORTE PRIVADO \u2022 \u00a0Duraci\u00f3n: 5 d\u00edas Esta ruta es una buena alternativa de senderismo donde nos deleitan dos grandes nevados como el&#8230;<\/p>\n","protected":false},"author":1,"featured_media":0,"parent":0,"menu_order":0,"comment_status":"closed","ping_status":"closed","template":"","meta":{"_acf_changed":false,"footnotes":""},"class_list":["post-3402","page","type-page","status-publish","hentry"],"acf":[],"_links":{"self":[{"href":"https:\/\/acuarelatourperu.com\/es\/wp-json\/wp\/v2\/pages\/3402","targetHints":{"allow":["GET"]}}],"collection":[{"href":"https:\/\/acuarelatourperu.com\/es\/wp-json\/wp\/v2\/pages"}],"about":[{"href":"https:\/\/acuarelatourperu.com\/es\/wp-json\/wp\/v2\/types\/page"}],"author":[{"embeddable":true,"href":"https:\/\/acuarelatourperu.com\/es\/wp-json\/wp\/v2\/users\/1"}],"replies":[{"embeddable":true,"href":"https:\/\/acuarelatourperu.com\/es\/wp-json\/wp\/v2\/comments?post=3402"}],"version-history":[{"count":5,"href":"https:\/\/acuarelatourperu.com\/es\/wp-json\/wp\/v2\/pages\/3402\/revisions"}],"predecessor-version":[{"id":4640,"href":"https:\/\/acuarelatourperu.com\/es\/wp-json\/wp\/v2\/pages\/3402\/revisions\/4640"}],"wp:attachment":[{"href":"https:\/\/acuarelatourperu.com\/es\/wp-json\/wp\/v2\/media?parent=3402"}],"curies":[{"name":"wp","href":"https:\/\/api.w.org\/{rel}","templated":true}]}}