{"id":3404,"date":"2019-07-22T22:26:32","date_gmt":"2019-07-22T22:26:32","guid":{"rendered":"http:\/\/www.acuarelatourperu.com\/?page_id=3404"},"modified":"2019-12-20T16:01:38","modified_gmt":"2019-12-20T16:01:38","slug":"montana-7-colores","status":"publish","type":"page","link":"https:\/\/acuarelatourperu.com\/es\/montana-7-colores\/","title":{"rendered":"MONTA\u00d1A 7 COLORES"},"content":{"rendered":"[vc_row][vc_column][vc_column_text]\n<h1 style=\"text-align: center;\"><span style=\"color: #02aea9;\">MONTA\u00d1A 7 COLORES<\/span><\/h1>\n<p>\u2022 \u00a0<strong>Duraci\u00f3n: <\/strong>1 d\u00eda<\/p>\n<p>Esta nueva ruta de 1 d\u00eda, es una verdadera aventura, por una naturaleza conservada y salvaje, una de las mejores vistas del valle rojo y la monta\u00f1a 7 colores, conocida como la monta\u00f1a arco iris o la monta\u00f1a de 7 colores. Es as\u00ed que la naturaleza y la peque\u00f1a comunidad Quechua que viven en la armon\u00eda con el mundo Andino aseguran una experiencia irrepetible.<\/p>\n<p>Incluye: Movilidad privada o compartida, gu\u00eda, desayuno, almuerzo.<\/p>\n[\/vc_column_text][vc_row_inner gap=\u00bb5&#8243;][vc_column_inner offset=\u00bbvc_hidden-lg vc_hidden-md vc_hidden-sm\u00bb][vc_gallery type=\u00bbimage_grid\u00bb images=\u00bb2538,3977,3423,3422,3420,3421,4249,4248,4247,4132&#8243; img_size=\u00bbmedium\u00bb onclick=\u00bbcustom_link\u00bb css_animation=\u00bbfadeIn\u00bb][\/vc_column_inner][\/vc_row_inner][\/vc_column][\/vc_row][vc_row][vc_column offset=\u00bbvc_hidden-xs\u00bb][vc_media_grid element_width=\u00bb2&#8243; grid_id=\u00bbvc_gid:1567701670453-c0e86708-e5a7-5&#8243; include=\u00bb2538,4249,3977,4248,3420,3422,3423,3421,4132,4247&#8243;][\/vc_column][\/vc_row][vc_row content_placement=\u00bbmiddle\u00bb][vc_column][vc_btn title=\u00bbCOTIZAR\u00bb color=\u00bbdanger\u00bb align=\u00bbcenter\u00bb css_animation=\u00bbzoomInRight\u00bb link=\u00bburl:http%3A%2F%2Fbit.ly%2FAcuarelaTourPeru|||\u00bb][\/vc_column][\/vc_row]","protected":false},"excerpt":{"rendered":"<p>[vc_row][vc_column][vc_column_text] MONTA\u00d1A 7 COLORES \u2022 \u00a0Duraci\u00f3n: 1 d\u00eda Esta nueva ruta de 1 d\u00eda, es una verdadera aventura, por una naturaleza conservada y salvaje, una de las mejores vistas del&#8230;<\/p>\n","protected":false},"author":1,"featured_media":0,"parent":0,"menu_order":0,"comment_status":"closed","ping_status":"closed","template":"","meta":{"_acf_changed":false,"footnotes":""},"class_list":["post-3404","page","type-page","status-publish","hentry"],"acf":[],"_links":{"self":[{"href":"https:\/\/acuarelatourperu.com\/es\/wp-json\/wp\/v2\/pages\/3404","targetHints":{"allow":["GET"]}}],"collection":[{"href":"https:\/\/acuarelatourperu.com\/es\/wp-json\/wp\/v2\/pages"}],"about":[{"href":"https:\/\/acuarelatourperu.com\/es\/wp-json\/wp\/v2\/types\/page"}],"author":[{"embeddable":true,"href":"https:\/\/acuarelatourperu.com\/es\/wp-json\/wp\/v2\/users\/1"}],"replies":[{"embeddable":true,"href":"https:\/\/acuarelatourperu.com\/es\/wp-json\/wp\/v2\/comments?post=3404"}],"version-history":[{"count":11,"href":"https:\/\/acuarelatourperu.com\/es\/wp-json\/wp\/v2\/pages\/3404\/revisions"}],"predecessor-version":[{"id":4639,"href":"https:\/\/acuarelatourperu.com\/es\/wp-json\/wp\/v2\/pages\/3404\/revisions\/4639"}],"wp:attachment":[{"href":"https:\/\/acuarelatourperu.com\/es\/wp-json\/wp\/v2\/media?parent=3404"}],"curies":[{"name":"wp","href":"https:\/\/api.w.org\/{rel}","templated":true}]}}