{"id":3428,"date":"2019-07-22T22:55:31","date_gmt":"2019-07-22T22:55:31","guid":{"rendered":"http:\/\/www.acuarelatourperu.com\/?page_id=3428"},"modified":"2019-12-20T15:59:05","modified_gmt":"2019-12-20T15:59:05","slug":"laguna-humantay","status":"publish","type":"page","link":"https:\/\/acuarelatourperu.com\/es\/laguna-humantay\/","title":{"rendered":"LAGUNA HUMANTAY"},"content":{"rendered":"[vc_row][vc_column][vc_column_text]\n<h1 style=\"text-align: center;\"><span style=\"color: #02aea9;\">LAGUNA HUMANTAY<\/span><\/h1>\n<p>\u2022 \u00a0<strong>Duraci\u00f3n: <\/strong>1 d\u00eda<\/p>\n<p>Recojo del hotel 4:30 am. Durante el recorrido vera el amanecer en las monta\u00f1as mientras disfruta de la diversidad de paisajes, ya habr\u00e1 llegado al pueblo de Mollepata para un agradable desayuno. Seguir\u00e1 su viaje hasta llegar a la zona de Soraypampa (3900 msnm) desde este lugar podr\u00e1 ver c\u00f3mo nos deleita el nevado Salkantay y el Huamantay quien nos dar\u00e1 la bienvenida. Empieza su caminata tranquila y sin prisa para que su organismo se adapte lentamente. Despu\u00e9s de 1 hora y 30 de ascenso aproximadamente, habr\u00e1 llegado a la laguna de Humantay. Despu\u00e9s de haber disfrutado de este maravilloso lugar, empezara el descenso hacia donde se encuentre nuestra movilidad para almorzar y luego volver a la ciudad de Cusco. Noche en el hotel.<\/p>\n<p>Incluye: Movilidad privada, hotel, gu\u00eda, desayuno, box lunch.<\/p>\n[\/vc_column_text][vc_row_inner gap=\u00bb5&#8243;][vc_column_inner offset=\u00bbvc_hidden-lg vc_hidden-md vc_hidden-sm\u00bb][vc_gallery type=\u00bbimage_grid\u00bb images=\u00bb2537,3430,3431,3432,3433,4245,4244,4243,4242&#8243; img_size=\u00bbmedium\u00bb onclick=\u00bbcustom_link\u00bb css_animation=\u00bbfadeIn\u00bb][\/vc_column_inner][\/vc_row_inner][\/vc_column][\/vc_row][vc_row][vc_column offset=\u00bbvc_hidden-xs\u00bb][vc_media_grid element_width=\u00bb2&#8243; grid_id=\u00bbvc_gid:1567700830188-805d53ae-1135-9&#8243; include=\u00bb2537,3430,3432,3431,3433,4242,4243,4244,4245&#8243;][\/vc_column][\/vc_row][vc_row content_placement=\u00bbmiddle\u00bb][vc_column][vc_btn title=\u00bbCOTIZAR\u00bb color=\u00bbdanger\u00bb align=\u00bbcenter\u00bb css_animation=\u00bbzoomInRight\u00bb link=\u00bburl:http%3A%2F%2Fbit.ly%2FAcuarelaTourPeru|||\u00bb][\/vc_column][\/vc_row]","protected":false},"excerpt":{"rendered":"<p>[vc_row][vc_column][vc_column_text] LAGUNA HUMANTAY \u2022 \u00a0Duraci\u00f3n: 1 d\u00eda Recojo del hotel 4:30 am. Durante el recorrido vera el amanecer en las monta\u00f1as mientras disfruta de la diversidad de paisajes, ya habr\u00e1&#8230;<\/p>\n","protected":false},"author":1,"featured_media":0,"parent":0,"menu_order":0,"comment_status":"closed","ping_status":"closed","template":"","meta":{"_acf_changed":false,"footnotes":""},"class_list":["post-3428","page","type-page","status-publish","hentry"],"acf":[],"_links":{"self":[{"href":"https:\/\/acuarelatourperu.com\/es\/wp-json\/wp\/v2\/pages\/3428","targetHints":{"allow":["GET"]}}],"collection":[{"href":"https:\/\/acuarelatourperu.com\/es\/wp-json\/wp\/v2\/pages"}],"about":[{"href":"https:\/\/acuarelatourperu.com\/es\/wp-json\/wp\/v2\/types\/page"}],"author":[{"embeddable":true,"href":"https:\/\/acuarelatourperu.com\/es\/wp-json\/wp\/v2\/users\/1"}],"replies":[{"embeddable":true,"href":"https:\/\/acuarelatourperu.com\/es\/wp-json\/wp\/v2\/comments?post=3428"}],"version-history":[{"count":7,"href":"https:\/\/acuarelatourperu.com\/es\/wp-json\/wp\/v2\/pages\/3428\/revisions"}],"predecessor-version":[{"id":4638,"href":"https:\/\/acuarelatourperu.com\/es\/wp-json\/wp\/v2\/pages\/3428\/revisions\/4638"}],"wp:attachment":[{"href":"https:\/\/acuarelatourperu.com\/es\/wp-json\/wp\/v2\/media?parent=3428"}],"curies":[{"name":"wp","href":"https:\/\/api.w.org\/{rel}","templated":true}]}}