{"id":3438,"date":"2019-07-22T23:25:14","date_gmt":"2019-07-22T23:25:14","guid":{"rendered":"http:\/\/www.acuarelatourperu.com\/?page_id=3438"},"modified":"2019-12-20T15:57:19","modified_gmt":"2019-12-20T15:57:19","slug":"choquequirao","status":"publish","type":"page","link":"https:\/\/acuarelatourperu.com\/es\/choquequirao\/","title":{"rendered":"CHOQUEQUIRAO"},"content":{"rendered":"[vc_row][vc_column][vc_column_text]\n<h1 style=\"text-align: center;\"><span style=\"color: #02aea9;\">CHOQUEQUIRAO<\/span><\/h1>\n<p>\u2022 \u00a0<strong>Duraci\u00f3n: <\/strong>5 d\u00edas<\/p>\n<p>Si de misterios y enigmas se trata, pues m\u00e1s grande que Machu Picchu es Choquequirao. Un sitio dirigido para los aventureros, lejos de trenes, autobuses y multitudes. Despu\u00e9s de d\u00edas extenuantes nos encontramos en un silencio absoluto con ruinas misteriosas y enigm\u00e1ticas. Visitarlo es encontrarse con lo aut\u00e9ntico de nuestro pasado, donde cada muro y figura nos hace perdernos en la imaginaci\u00f3n del c\u00f3mo vivieron nuestros ancestros.<\/p>\n[\/vc_column_text][vc_row_inner gap=\u00bb5&#8243;][vc_column_inner offset=\u00bbvc_hidden-lg vc_hidden-md vc_hidden-sm\u00bb][vc_gallery type=\u00bbimage_grid\u00bb images=\u00bb4234,2536,3440,4240,4239,3445,3441,4238,3444,3443,3442,4235,4233&#8243; img_size=\u00bbmedium\u00bb onclick=\u00bbcustom_link\u00bb css_animation=\u00bbfadeIn\u00bb][\/vc_column_inner][\/vc_row_inner][\/vc_column][\/vc_row][vc_row][vc_column offset=\u00bbvc_hidden-xs\u00bb][vc_media_grid element_width=\u00bb2&#8243; grid_id=\u00bbvc_gid:1567700422901-ef65f976-ddbd-3&#8243; include=\u00bb2536,4235,4239,3440,4233,3441,3444,3445,4238,3442,3443,4234,4240&#8243;][\/vc_column][\/vc_row][vc_row content_placement=\u00bbmiddle\u00bb][vc_column][vc_btn title=\u00bbCOTIZAR\u00bb color=\u00bbdanger\u00bb align=\u00bbcenter\u00bb css_animation=\u00bbzoomInRight\u00bb link=\u00bburl:http%3A%2F%2Fbit.ly%2FAcuarelaTourPeru|||\u00bb][\/vc_column][\/vc_row]","protected":false},"excerpt":{"rendered":"<p>[vc_row][vc_column][vc_column_text] CHOQUEQUIRAO \u2022 \u00a0Duraci\u00f3n: 5 d\u00edas Si de misterios y enigmas se trata, pues m\u00e1s grande que Machu Picchu es Choquequirao. Un sitio dirigido para los aventureros, lejos de trenes,&#8230;<\/p>\n","protected":false},"author":1,"featured_media":0,"parent":0,"menu_order":0,"comment_status":"closed","ping_status":"closed","template":"","meta":{"_acf_changed":false,"footnotes":""},"class_list":["post-3438","page","type-page","status-publish","hentry"],"acf":[],"_links":{"self":[{"href":"https:\/\/acuarelatourperu.com\/es\/wp-json\/wp\/v2\/pages\/3438","targetHints":{"allow":["GET"]}}],"collection":[{"href":"https:\/\/acuarelatourperu.com\/es\/wp-json\/wp\/v2\/pages"}],"about":[{"href":"https:\/\/acuarelatourperu.com\/es\/wp-json\/wp\/v2\/types\/page"}],"author":[{"embeddable":true,"href":"https:\/\/acuarelatourperu.com\/es\/wp-json\/wp\/v2\/users\/1"}],"replies":[{"embeddable":true,"href":"https:\/\/acuarelatourperu.com\/es\/wp-json\/wp\/v2\/comments?post=3438"}],"version-history":[{"count":6,"href":"https:\/\/acuarelatourperu.com\/es\/wp-json\/wp\/v2\/pages\/3438\/revisions"}],"predecessor-version":[{"id":4637,"href":"https:\/\/acuarelatourperu.com\/es\/wp-json\/wp\/v2\/pages\/3438\/revisions\/4637"}],"wp:attachment":[{"href":"https:\/\/acuarelatourperu.com\/es\/wp-json\/wp\/v2\/media?parent=3438"}],"curies":[{"name":"wp","href":"https:\/\/api.w.org\/{rel}","templated":true}]}}