{"id":3450,"date":"2019-07-23T00:22:19","date_gmt":"2019-07-23T00:22:19","guid":{"rendered":"http:\/\/www.acuarelatourperu.com\/?page_id=3450"},"modified":"2019-12-20T15:26:08","modified_gmt":"2019-12-20T15:26:08","slug":"camino-inca","status":"publish","type":"page","link":"https:\/\/acuarelatourperu.com\/es\/camino-inca\/","title":{"rendered":"CAMINO INCA"},"content":{"rendered":"[vc_row][vc_column][vc_column_text]\n<h1 style=\"text-align: center;\"><span style=\"color: #02aea9;\">CAMINO INCA<\/span><\/h1>\n<p>\u2022 \u00a0<strong>Duraci\u00f3n: <\/strong>4 d\u00edas<\/p>\n<p>Es considerada una de las rutas m\u00e1s bellas de Sur Am\u00e9rica, cada a\u00f1o miles de caminantes de todo el mundo experimentan una experiencia inolvidable. Para algunos es un rito de iniciaci\u00f3n espiritual, para otros solo una aventura o reto y una gran terapia. En los 43 kil\u00f3metros cada persona podr\u00eda sentir lo que nuestros ancestros sintieron. Mientras los d\u00edas pasan, lo esperado llega y el solo deleitarlo a Machu Picchu desde la Puerta del Sol es viajar en el tiempo y llenar sus ojos de paz.[\/vc_column_text][vc_row_inner gap=\u00bb5&#8243;][vc_column_inner offset=\u00bbvc_hidden-lg vc_hidden-md vc_hidden-sm\u00bb][vc_gallery type=\u00bbimage_grid\u00bb images=\u00bb4229,3462,4230,3459,3454,4227,3452,4226,3455,3456,3458,4231,4228,3457,3461,3460&#8243; img_size=\u00bbmedium\u00bb onclick=\u00bbcustom_link\u00bb css_animation=\u00bbfadeIn\u00bb][\/vc_column_inner][\/vc_row_inner][\/vc_column][\/vc_row][vc_row][vc_column offset=\u00bbvc_hidden-xs\u00bb][vc_media_grid element_width=\u00bb2&#8243; grid_id=\u00bbvc_gid:1567699797778-2235c775-86bd-1&#8243; include=\u00bb3456,3452,4229,3459,4230,3454,4227,3455,3457,4228,3458,3460,4231,3461,3462,4226&#8243;][\/vc_column][\/vc_row][vc_row content_placement=\u00bbmiddle\u00bb][vc_column][vc_btn title=\u00bbCOTIZAR\u00bb color=\u00bbdanger\u00bb align=\u00bbcenter\u00bb css_animation=\u00bbzoomInRight\u00bb link=\u00bburl:http%3A%2F%2Fbit.ly%2FAcuarelaTourPeru|||\u00bb][\/vc_column][\/vc_row]","protected":false},"excerpt":{"rendered":"<p>[vc_row][vc_column][vc_column_text] CAMINO INCA \u2022 \u00a0Duraci\u00f3n: 4 d\u00edas Es considerada una de las rutas m\u00e1s bellas de Sur Am\u00e9rica, cada a\u00f1o miles de caminantes de todo el mundo experimentan una experiencia&#8230;<\/p>\n","protected":false},"author":1,"featured_media":0,"parent":0,"menu_order":0,"comment_status":"closed","ping_status":"closed","template":"","meta":{"_acf_changed":false,"footnotes":""},"class_list":["post-3450","page","type-page","status-publish","hentry"],"acf":[],"_links":{"self":[{"href":"https:\/\/acuarelatourperu.com\/es\/wp-json\/wp\/v2\/pages\/3450","targetHints":{"allow":["GET"]}}],"collection":[{"href":"https:\/\/acuarelatourperu.com\/es\/wp-json\/wp\/v2\/pages"}],"about":[{"href":"https:\/\/acuarelatourperu.com\/es\/wp-json\/wp\/v2\/types\/page"}],"author":[{"embeddable":true,"href":"https:\/\/acuarelatourperu.com\/es\/wp-json\/wp\/v2\/users\/1"}],"replies":[{"embeddable":true,"href":"https:\/\/acuarelatourperu.com\/es\/wp-json\/wp\/v2\/comments?post=3450"}],"version-history":[{"count":6,"href":"https:\/\/acuarelatourperu.com\/es\/wp-json\/wp\/v2\/pages\/3450\/revisions"}],"predecessor-version":[{"id":4636,"href":"https:\/\/acuarelatourperu.com\/es\/wp-json\/wp\/v2\/pages\/3450\/revisions\/4636"}],"wp:attachment":[{"href":"https:\/\/acuarelatourperu.com\/es\/wp-json\/wp\/v2\/media?parent=3450"}],"curies":[{"name":"wp","href":"https:\/\/api.w.org\/{rel}","templated":true}]}}