{"id":3467,"date":"2019-07-23T00:47:46","date_gmt":"2019-07-23T00:47:46","guid":{"rendered":"http:\/\/www.acuarelatourperu.com\/?page_id=3467"},"modified":"2019-12-20T15:22:00","modified_gmt":"2019-12-20T15:22:00","slug":"cusco-hurquillos-machu-picchu","status":"publish","type":"page","link":"https:\/\/acuarelatourperu.com\/es\/cusco-hurquillos-machu-picchu\/","title":{"rendered":"CUSCO\/ HURQUILLOS\/ MACHU PICCHU"},"content":{"rendered":"[vc_row][vc_column][vc_column_text]\n<h1 style=\"text-align: center;\"><span style=\"color: #02aea9;\">CUSCO\/ HURQUILLOS\/ MACHU PICCHU<\/span><\/h1>\n<p>\u2022 \u00a0<strong>Duraci\u00f3n: <\/strong>2 d\u00edas<\/p>\n<p><strong>DIA 1.- CUSCO\/ SAQSAYHUAMAN\/ CHINCHERO\/ AGUAS CALIENTES<\/strong><\/p>\n<p>Esta ma\u00f1ana empieza 7 am para la visita del sitio arqueol\u00f3gico de Saqsayhuaman, inexplicable ingenier\u00eda de la \u00e9poca pre-hisp\u00e1nica. Luego al pueblo de Chincheros, donde la comunidad de tejedoras har\u00e1n la demostraci\u00f3n del te\u00f1ido y tejido artesanalmente como hace muchos siglos en nuestra historia. Y ahora es el momento de caminar por un antiguo camino Inca \u201cHurquillos\u201d, es un sendero poco transitado por Turistas, un paisaje entre monta\u00f1as con un recorrido de 4 horas, habr\u00e1 llegado a la comunidad de Hurquillos que es parte del valle sagrado de Urubamba. El transporte lo recoger\u00e1 para el traslado hacia la estaci\u00f3n de tren de Ollantaytambo para luego continuar a Aguas Calientes. Noche en el hotel.<\/p>\n<p><strong>DIA 2.- MACHU PICCHU\/ CUSCO<\/strong><\/p>\n<p>Llego el d\u00eda tal vez m\u00e1s esperado, su recorrido empieza temprano por la ma\u00f1ana en autob\u00fas hacia uno de los sitios arqueol\u00f3gicos m\u00e1s importantes \u201cMACHU PICCHU\u201d conocida como la ciudad perdida de los Incas hoy en d\u00eda considerada una de las 7 maravillas del mundo. Despu\u00e9s de explorar es momento de volver hacia Aguas Calientes para el almuerzo y finalmente retorno hacia Cusco. Noche en el hotel.<\/p>\n<p>Incluye: Movilidad privada, hotel, gu\u00eda, caminata, almuerzo, tren (ida y vuelta) entradas Machupicchu, Bus subida y bajada de Machupicchu, traslado y noche en Cusco.[\/vc_column_text][vc_row_inner gap=\u00bb5&#8243;][vc_column_inner offset=\u00bbvc_hidden-lg vc_hidden-md vc_hidden-sm\u00bb][vc_gallery type=\u00bbimage_grid\u00bb images=\u00bb2699,4220,3473,3469,4221,3472,4219,3471,4218,3470,4224,4223&#8243; img_size=\u00bbmedium\u00bb onclick=\u00bbcustom_link\u00bb css_animation=\u00bbfadeIn\u00bb][\/vc_column_inner][\/vc_row_inner][\/vc_column][\/vc_row][vc_row][vc_column offset=\u00bbvc_hidden-xs\u00bb][vc_media_grid element_width=\u00bb2&#8243; grid_id=\u00bbvc_gid:1567699657103-6e85f9b5-be89-6&#8243; include=\u00bb3469,4220,2699,4219,3470,4221,3471,3472,3473,4218,4223,4224&#8243;][\/vc_column][\/vc_row][vc_row content_placement=\u00bbmiddle\u00bb][vc_column][vc_btn title=\u00bbCOTIZAR\u00bb color=\u00bbdanger\u00bb align=\u00bbcenter\u00bb css_animation=\u00bbzoomInRight\u00bb link=\u00bburl:http%3A%2F%2Fbit.ly%2FAcuarelaTourPeru|||\u00bb][\/vc_column][\/vc_row]","protected":false},"excerpt":{"rendered":"<p>[vc_row][vc_column][vc_column_text] CUSCO\/ HURQUILLOS\/ MACHU PICCHU \u2022 \u00a0Duraci\u00f3n: 2 d\u00edas DIA 1.- CUSCO\/ SAQSAYHUAMAN\/ CHINCHERO\/ AGUAS CALIENTES Esta ma\u00f1ana empieza 7 am para la visita del sitio arqueol\u00f3gico de Saqsayhuaman, inexplicable&#8230;<\/p>\n","protected":false},"author":1,"featured_media":0,"parent":0,"menu_order":0,"comment_status":"closed","ping_status":"closed","template":"","meta":{"_acf_changed":false,"footnotes":""},"class_list":["post-3467","page","type-page","status-publish","hentry"],"acf":[],"_links":{"self":[{"href":"https:\/\/acuarelatourperu.com\/es\/wp-json\/wp\/v2\/pages\/3467","targetHints":{"allow":["GET"]}}],"collection":[{"href":"https:\/\/acuarelatourperu.com\/es\/wp-json\/wp\/v2\/pages"}],"about":[{"href":"https:\/\/acuarelatourperu.com\/es\/wp-json\/wp\/v2\/types\/page"}],"author":[{"embeddable":true,"href":"https:\/\/acuarelatourperu.com\/es\/wp-json\/wp\/v2\/users\/1"}],"replies":[{"embeddable":true,"href":"https:\/\/acuarelatourperu.com\/es\/wp-json\/wp\/v2\/comments?post=3467"}],"version-history":[{"count":7,"href":"https:\/\/acuarelatourperu.com\/es\/wp-json\/wp\/v2\/pages\/3467\/revisions"}],"predecessor-version":[{"id":4635,"href":"https:\/\/acuarelatourperu.com\/es\/wp-json\/wp\/v2\/pages\/3467\/revisions\/4635"}],"wp:attachment":[{"href":"https:\/\/acuarelatourperu.com\/es\/wp-json\/wp\/v2\/media?parent=3467"}],"curies":[{"name":"wp","href":"https:\/\/api.w.org\/{rel}","templated":true}]}}