{"id":3481,"date":"2019-07-23T01:20:15","date_gmt":"2019-07-23T01:20:15","guid":{"rendered":"http:\/\/www.acuarelatourperu.com\/?page_id=3481"},"modified":"2019-12-20T15:19:32","modified_gmt":"2019-12-20T15:19:32","slug":"caminata-por-el-sur-de-salkantay-con-machupicchu","status":"publish","type":"page","link":"https:\/\/acuarelatourperu.com\/es\/caminata-por-el-sur-de-salkantay-con-machupicchu\/","title":{"rendered":"CAMINATA POR EL SUR DE SALKANTAY CON MACHUPICCHU"},"content":{"rendered":"[vc_row][vc_column][vc_column_text]\n<h1 style=\"text-align: center;\"><span style=\"color: #02aea9;\">CAMINATA POR EL SUR DE SALKANTAY CON MACHUPICCHU<\/span><\/h1>\n<p>\u2022 \u00a0<strong>Duraci\u00f3n: <\/strong>5 d\u00edas<\/p>\n<p>Esta es nuestra \u00faltima caminata dise\u00f1ada, teniendo a Machupicchu como \u00faltima parada, \u00fanica y pr\u00edstina versi\u00f3n de la cl\u00e1sica caminata de Salkantay. Lo invitamos a alejarse de las multitudes y descubra la cara sur de esta espectacular monta\u00f1a, mientras camina a trav\u00e9s de algunas de las \u00faltimas comunidades andinas que hasta estos d\u00edas tienen el conocimiento antiguo, donde los conquistadores tuvieron muchos problemas para colonizarlos por su inaccesibilidad.<\/p>\n<p>Tambi\u00e9n pasaremos por valles remotos y veremos pastores que cuidan de su ganado.<\/p>\n<p>La particularidad de esta caminata es el a\u00fan poco tr\u00e1fico, el espectacular paisaje, complementado por el famoso Camino Inca Corto a Machupicchu.<\/p>\n[\/vc_column_text][vc_row_inner gap=\u00bb5&#8243;][vc_column_inner offset=\u00bbvc_hidden-lg vc_hidden-md vc_hidden-sm\u00bb][vc_gallery type=\u00bbimage_grid\u00bb images=\u00bb2535,4214,3486,3488,3489,3484,3487,3483,4213,3485&#8243; img_size=\u00bbmedium\u00bb onclick=\u00bbcustom_link\u00bb css_animation=\u00bbfadeIn\u00bb][\/vc_column_inner][\/vc_row_inner][\/vc_column][\/vc_row][vc_row][vc_column offset=\u00bbvc_hidden-xs\u00bb][vc_media_grid element_width=\u00bb2&#8243; grid_id=\u00bbvc_gid:1567698870657-88459edb-4e6f-1&#8243; include=\u00bb2535,4214,3486,3488,4213,3484,3483,3487,3489,3485&#8243;][\/vc_column][\/vc_row][vc_row content_placement=\u00bbmiddle\u00bb][vc_column][vc_btn title=\u00bbCOTIZAR\u00bb color=\u00bbdanger\u00bb align=\u00bbcenter\u00bb css_animation=\u00bbzoomInRight\u00bb link=\u00bburl:http%3A%2F%2Fbit.ly%2FAcuarelaTourPeru|||\u00bb][\/vc_column][\/vc_row]","protected":false},"excerpt":{"rendered":"<p>[vc_row][vc_column][vc_column_text] CAMINATA POR EL SUR DE SALKANTAY CON MACHUPICCHU \u2022 \u00a0Duraci\u00f3n: 5 d\u00edas Esta es nuestra \u00faltima caminata dise\u00f1ada, teniendo a Machupicchu como \u00faltima parada, \u00fanica y pr\u00edstina versi\u00f3n de&#8230;<\/p>\n","protected":false},"author":1,"featured_media":0,"parent":0,"menu_order":0,"comment_status":"closed","ping_status":"closed","template":"","meta":{"_acf_changed":false,"footnotes":""},"class_list":["post-3481","page","type-page","status-publish","hentry"],"acf":[],"_links":{"self":[{"href":"https:\/\/acuarelatourperu.com\/es\/wp-json\/wp\/v2\/pages\/3481","targetHints":{"allow":["GET"]}}],"collection":[{"href":"https:\/\/acuarelatourperu.com\/es\/wp-json\/wp\/v2\/pages"}],"about":[{"href":"https:\/\/acuarelatourperu.com\/es\/wp-json\/wp\/v2\/types\/page"}],"author":[{"embeddable":true,"href":"https:\/\/acuarelatourperu.com\/es\/wp-json\/wp\/v2\/users\/1"}],"replies":[{"embeddable":true,"href":"https:\/\/acuarelatourperu.com\/es\/wp-json\/wp\/v2\/comments?post=3481"}],"version-history":[{"count":6,"href":"https:\/\/acuarelatourperu.com\/es\/wp-json\/wp\/v2\/pages\/3481\/revisions"}],"predecessor-version":[{"id":4634,"href":"https:\/\/acuarelatourperu.com\/es\/wp-json\/wp\/v2\/pages\/3481\/revisions\/4634"}],"wp:attachment":[{"href":"https:\/\/acuarelatourperu.com\/es\/wp-json\/wp\/v2\/media?parent=3481"}],"curies":[{"name":"wp","href":"https:\/\/api.w.org\/{rel}","templated":true}]}}