{"id":3494,"date":"2019-07-23T01:43:36","date_gmt":"2019-07-23T01:43:36","guid":{"rendered":"http:\/\/www.acuarelatourperu.com\/?page_id=3494"},"modified":"2019-12-20T15:16:40","modified_gmt":"2019-12-20T15:16:40","slug":"camino-inca-2-dias","status":"publish","type":"page","link":"https:\/\/acuarelatourperu.com\/es\/camino-inca-2-dias\/","title":{"rendered":"CAMINO INCA 2 D\u00cdAS"},"content":{"rendered":"[vc_row][vc_column][vc_column_text]\n<h1 style=\"text-align: center;\"><span style=\"color: #02aea9;\">CAMINO INCA<\/span><\/h1>\n<p>\u2022 \u00a0<strong>Duraci\u00f3n: <\/strong>2 d\u00edas<\/p>\n<p><strong>DIA 1.- Caminata Kilometro 104 hacia Machu Picchu<\/strong><\/p>\n<p>El recojo es muy temprano para el traslado hacia la estaci\u00f3n de tren de Ollantaytambo hacia el kil\u00f3metro 104, cruzan el rio para llegar al puesto de control y empiezan el Camino Inca. Luego visitan el sitio Arqueol\u00f3gico de Chachabamba, para empezar gradualmente a trav\u00e9s del bosque nuboso hacia el hermoso lugar de Wi\u00f1aywayna, subiendo por antiguos escalones Incas, tendr\u00e1n la oportunidad de explorar las hermosas terrazas de cultivo, fuentes de agua y una vista impresionante. Despu\u00e9s de disfrutar de las ruinas y de un agradable Box Lunch, contin\u00faan por la mejor parte de todo el camino Inca. Y de pronto llegan a Inti Punko \u201cPuerta del Sol\u201d y a la distancia se encuentra lo m\u00e1s esperado \u201cMachu Picchu\u201d. Despu\u00e9s de tantas fotos y deleite, contin\u00faan para coger el bus que los llevara por 30 minutos hacia el pueblo de Aguas Calientes donde est\u00e1 ubicado su hotel para una agradable ducha. Fin del d\u00eda. Noche en el hotel.<\/p>\n<p>Lo que necesitan llevar consigo, son cosas para una noche.<\/p>\n<p><strong>DIA 2.- Visita Machu Picchu<\/strong><\/p>\n<p>Despu\u00e9s de una agradable noche en el hotel, retornan en bus hacia Machu Picchu para explorar y recibir toda la informaci\u00f3n de su Gu\u00eda profesional. Como opci\u00f3n, podr\u00edan visitar el puente Inca si todav\u00eda hay energ\u00eda para seguir caminando. Para finalizar retornan en bus hacia el pueblo y la estaci\u00f3n de tren. Pasando por el valle sagrado, finalmente llegan a la ciudad de Cusco. Noche en el hotel.<\/p>\n<p>Incluye: Movilidad privada, hotel, gu\u00eda, caminata, almuerzo, tren (ida y vuelta) entradas Machupicchu, Bus subida y bajada de Machupicchu, traslado y noche en Cusco.<\/p>\n[\/vc_column_text][vc_row_inner gap=\u00bb5&#8243;][vc_column_inner offset=\u00bbvc_hidden-lg vc_hidden-md vc_hidden-sm\u00bb][vc_gallery type=\u00bbimage_grid\u00bb images=\u00bb3496,3502,3501,3500,3499,3498,3497,4205,4211,4210,4208,4209&#8243; img_size=\u00bbmedium\u00bb onclick=\u00bbcustom_link\u00bb css_animation=\u00bbfadeIn\u00bb][\/vc_column_inner][\/vc_row_inner][\/vc_column][\/vc_row][vc_row][vc_column offset=\u00bbvc_hidden-xs\u00bb][vc_media_grid element_width=\u00bb2&#8243; grid_id=\u00bbvc_gid:1567698818871-2b82426d-a46e-6&#8243; include=\u00bb3496,3497,3498,3499,3500,3501,3502,4205,4208,4209,4210,4211&#8243;][\/vc_column][\/vc_row][vc_row content_placement=\u00bbmiddle\u00bb][vc_column][vc_btn title=\u00bbCOTIZAR\u00bb color=\u00bbdanger\u00bb align=\u00bbcenter\u00bb css_animation=\u00bbzoomInRight\u00bb link=\u00bburl:http%3A%2F%2Fbit.ly%2FAcuarelaTourPeru|||\u00bb][\/vc_column][\/vc_row]","protected":false},"excerpt":{"rendered":"<p>[vc_row][vc_column][vc_column_text] CAMINO INCA \u2022 \u00a0Duraci\u00f3n: 2 d\u00edas DIA 1.- Caminata Kilometro 104 hacia Machu Picchu El recojo es muy temprano para el traslado hacia la estaci\u00f3n de tren de Ollantaytambo&#8230;<\/p>\n","protected":false},"author":1,"featured_media":0,"parent":0,"menu_order":0,"comment_status":"closed","ping_status":"closed","template":"","meta":{"_acf_changed":false,"footnotes":""},"class_list":["post-3494","page","type-page","status-publish","hentry"],"acf":[],"_links":{"self":[{"href":"https:\/\/acuarelatourperu.com\/es\/wp-json\/wp\/v2\/pages\/3494","targetHints":{"allow":["GET"]}}],"collection":[{"href":"https:\/\/acuarelatourperu.com\/es\/wp-json\/wp\/v2\/pages"}],"about":[{"href":"https:\/\/acuarelatourperu.com\/es\/wp-json\/wp\/v2\/types\/page"}],"author":[{"embeddable":true,"href":"https:\/\/acuarelatourperu.com\/es\/wp-json\/wp\/v2\/users\/1"}],"replies":[{"embeddable":true,"href":"https:\/\/acuarelatourperu.com\/es\/wp-json\/wp\/v2\/comments?post=3494"}],"version-history":[{"count":9,"href":"https:\/\/acuarelatourperu.com\/es\/wp-json\/wp\/v2\/pages\/3494\/revisions"}],"predecessor-version":[{"id":4633,"href":"https:\/\/acuarelatourperu.com\/es\/wp-json\/wp\/v2\/pages\/3494\/revisions\/4633"}],"wp:attachment":[{"href":"https:\/\/acuarelatourperu.com\/es\/wp-json\/wp\/v2\/media?parent=3494"}],"curies":[{"name":"wp","href":"https:\/\/api.w.org\/{rel}","templated":true}]}}