{"id":3507,"date":"2019-07-23T02:04:51","date_gmt":"2019-07-23T02:04:51","guid":{"rendered":"http:\/\/www.acuarelatourperu.com\/?page_id=3507"},"modified":"2019-12-20T15:08:55","modified_gmt":"2019-12-20T15:08:55","slug":"cusco-convencional","status":"publish","type":"page","link":"https:\/\/acuarelatourperu.com\/es\/cusco-convencional\/","title":{"rendered":"CUSCO CONVENCIONAL"},"content":{"rendered":"[vc_row][vc_column][vc_column_text]\n<h2 style=\"text-align: center;\"><span style=\"color: #02aea9;\">CUSCO<\/span><\/h2>\n<p>\u2022 \u00a0<strong>Duraci\u00f3n: <\/strong>4 d\u00edas<\/p>\n<p><strong>DIA 1.- CITY TOUR<\/strong><\/p>\n<p>Nuestra visita inicia en la Plaza de Armas y la Catedral con su arquitectura mestiza, luego continuamos a uno de los centros m\u00e1s importantes \u201cKoricancha\u201d, construido por el Inca Pachac\u00fatec y hoy en d\u00eda el Convento de Santo Domingo, m\u00e1s tarde continuamos \u00a0hacia el Mercado San Pedro dise\u00f1ado por \u201cGustavo Eiffel\u201d, en este Mercado ser\u00e1 testigo de la realidad local junto a una gran variedad de productos de la zona alto andina. Noche en el hotel.<\/p>\n<p><strong>DIA 2.- SAQSAYHUAMAN\/ CHINCHERO\/ MORAY\/ MARAS\/ OLLANTAYTAMBO<\/strong><\/p>\n<p>Hoy empezamos a la 7:00 am para la visita del sitio arqueol\u00f3gico de Sacsayhuaman, inexplicable ingenier\u00eda de la \u00e9poca pre-hisp\u00e1nica. Luego al pueblo de Chincheros, donde la comunidad de tejedoras har\u00e1n la demostraci\u00f3n del te\u00f1ido y tejido artesanalmente como hace muchos siglos en nuestra historia. Y ahora es el momento de caminar un poco visitando Moray, sitio arqueol\u00f3gico que fue un laboratorio Bot\u00e1nico, desde aqu\u00ed una caminata hasta las salineras de Maras declarado como patrimonio por la UNESCO, aun la recolecci\u00f3n de sal es como en el pasado. Noche en el hotel.<\/p>\n<p><strong>DIA 3.- OLLANTAYTAMBO\/ PUMAMARCA\/ AGUAS CALIENTES<\/strong><\/p>\n<p>Despu\u00e9s de un gran desayuno, nos vamos al sitio arqueol\u00f3gico de Ollantaytambo un lugar sorprendente por su arquitectura ancestral; luego nos dirigimos hacia Pumamarca, rodeado por una muralla de piedra, desde aqu\u00ed empieza una caminata de descenso hacia Ollantaytambo para un exquisito almuerzo de Pachamanca \u201chorno de tierra\u201d, esta es una tradici\u00f3n Inca de preparar los alimentos con rocas muy calientes y enterradas. Tren hacia Machu Picchu pueblo. Noche en el hotel.<\/p>\n<p><strong>DIA 4.- AGUAS CALIENTES\/ MACHU PICCHU\/ CUSCO<\/strong><\/p>\n<p>Llego el d\u00eda tal vez m\u00e1s esperado, su recorrido empieza temprano por la ma\u00f1ana en autob\u00fas hacia uno de los sitios arqueol\u00f3gicos m\u00e1s importantes \u201cMACHU PICCHU\u201d conocida como la ciudad perdida de los Incas hoy en d\u00eda considerada una de las 7 maravillas del mundo. Despu\u00e9s de explorar, es momento de volver hacia Aguas Calientes para el almuerzo y finalmente retorno hacia Cusco. Noche en el hotel.<\/p>\n<p>Incluye: Movilidad privada, hotel, gu\u00eda, caminata, almuerzo, tren (ida y vuelta) entradas Machupicchu, Bus subida y bajada de Machupicchu, traslado a Cusco.[\/vc_column_text][vc_row_inner gap=\u00bb5&#8243;][vc_column_inner offset=\u00bbvc_hidden-lg vc_hidden-md vc_hidden-sm\u00bb][vc_gallery type=\u00bbimage_grid\u00bb images=\u00bb2656,3522,3520,3521,3510,3509,3524,3523,3511,3512,3513,3518,3517,3516,3515,3519&#8243; img_size=\u00bbmedium\u00bb onclick=\u00bbcustom_link\u00bb css_animation=\u00bbfadeIn\u00bb][\/vc_column_inner][\/vc_row_inner][\/vc_column][\/vc_row][vc_row][vc_column offset=\u00bbvc_hidden-xs\u00bb][vc_media_grid element_width=\u00bb2&#8243; grid_id=\u00bbvc_gid:1567095997630-58564b3f-754e-0&#8243; include=\u00bb3509,3510,3511,3512,3519,3513,3515,3516,3517,3518,3520,3521,3522,3523,3524,2656&#8243;][\/vc_column][\/vc_row][vc_row content_placement=\u00bbmiddle\u00bb][vc_column][vc_btn title=\u00bbCOTIZAR\u00bb color=\u00bbdanger\u00bb align=\u00bbcenter\u00bb css_animation=\u00bbzoomInRight\u00bb link=\u00bburl:http%3A%2F%2Fbit.ly%2FAcuarelaTourPeru|||\u00bb][\/vc_column][\/vc_row]","protected":false},"excerpt":{"rendered":"<p>[vc_row][vc_column][vc_column_text] CUSCO \u2022 \u00a0Duraci\u00f3n: 4 d\u00edas DIA 1.- CITY TOUR Nuestra visita inicia en la Plaza de Armas y la Catedral con su arquitectura mestiza, luego continuamos a uno de&#8230;<\/p>\n","protected":false},"author":1,"featured_media":0,"parent":0,"menu_order":0,"comment_status":"closed","ping_status":"closed","template":"","meta":{"_acf_changed":false,"footnotes":""},"class_list":["post-3507","page","type-page","status-publish","hentry"],"acf":[],"_links":{"self":[{"href":"https:\/\/acuarelatourperu.com\/es\/wp-json\/wp\/v2\/pages\/3507","targetHints":{"allow":["GET"]}}],"collection":[{"href":"https:\/\/acuarelatourperu.com\/es\/wp-json\/wp\/v2\/pages"}],"about":[{"href":"https:\/\/acuarelatourperu.com\/es\/wp-json\/wp\/v2\/types\/page"}],"author":[{"embeddable":true,"href":"https:\/\/acuarelatourperu.com\/es\/wp-json\/wp\/v2\/users\/1"}],"replies":[{"embeddable":true,"href":"https:\/\/acuarelatourperu.com\/es\/wp-json\/wp\/v2\/comments?post=3507"}],"version-history":[{"count":8,"href":"https:\/\/acuarelatourperu.com\/es\/wp-json\/wp\/v2\/pages\/3507\/revisions"}],"predecessor-version":[{"id":4632,"href":"https:\/\/acuarelatourperu.com\/es\/wp-json\/wp\/v2\/pages\/3507\/revisions\/4632"}],"wp:attachment":[{"href":"https:\/\/acuarelatourperu.com\/es\/wp-json\/wp\/v2\/media?parent=3507"}],"curies":[{"name":"wp","href":"https:\/\/api.w.org\/{rel}","templated":true}]}}