{"id":3530,"date":"2019-07-23T02:48:12","date_gmt":"2019-07-23T02:48:12","guid":{"rendered":"http:\/\/www.acuarelatourperu.com\/?page_id=3530"},"modified":"2019-12-20T14:45:48","modified_gmt":"2019-12-20T14:45:48","slug":"trekking-canon-del-colca","status":"publish","type":"page","link":"https:\/\/acuarelatourperu.com\/es\/trekking-canon-del-colca\/","title":{"rendered":"TREKKING CA\u00d1\u00d3N DEL COLCA"},"content":{"rendered":"[vc_row][vc_column][vc_column_text]\n<h1 style=\"text-align: center;\"><span style=\"color: #02aea9;\">TREKKING CA\u00d1\u00d3N DEL COLCA<\/span><\/h1>\n<p>\u2022 \u00a0<strong>Duraci\u00f3n: <\/strong>3 d\u00edas<\/p>\n<p>Iniciamos temprano por la ma\u00f1ana, pasando por la reserva nacional de Salinas\u00a0se observa a las vicu\u00f1as y llamas, luego se llega al punto m\u00e1s alto 4900 metros. Para descender hacia el valle del colca continuando hacia el mirador de la cruz del c\u00f3ndor. Despu\u00e9s del almuerzo se inicia el Trekking hacia el fondo del ca\u00f1\u00f3n hasta el pueblo de San juan de Chuccho, lugar de pernocte.<\/p>\n<p>El d\u00eda 2, despu\u00e9s de un agradable desayuno, la corta aventura por tres horas continua a trav\u00e9s de los campos de cultivo hacia Sangalle, lugar del almuerzo y relajo en las piscinas de aguas c\u00e1lidas. Por la tarde subiremos el Ca\u00f1\u00f3n hasta Cabanaconde donde pernoctaremos.<\/p>\n<p>Al d\u00eda siguiente por la ma\u00f1ana, conoceremos m\u00e1s del Valle del Colca y con la opci\u00f3n de visitar los ba\u00f1os termales. Almuerzo en Chivay. Contin\u00faan su viaje a Arequipa o Puno.<\/p>\n<p>Incluye: Movilidad privada, almuerzos, cenas, desayunos, hospedaje b\u00e1sico.[\/vc_column_text][vc_row_inner gap=\u00bb5&#8243;][vc_column_inner offset=\u00bbvc_hidden-lg vc_hidden-md vc_hidden-sm\u00bb][vc_gallery type=\u00bbimage_grid\u00bb images=\u00bb3534,3591,4142,3538,3536,3535,4200,4199,4198&#8243; img_size=\u00bbmedium\u00bb onclick=\u00bbcustom_link\u00bb css_animation=\u00bbfadeIn\u00bb][\/vc_column_inner][\/vc_row_inner][\/vc_column][\/vc_row][vc_row][vc_column offset=\u00bbvc_hidden-xs\u00bb][vc_media_grid element_width=\u00bb2&#8243; grid_id=\u00bbvc_gid:1567695862523-02df97e9-8655-0&#8243; include=\u00bb3591,4200,4142,3536,3535,3534,4199,3538,4141,4198&#8243;][\/vc_column][\/vc_row][vc_row content_placement=\u00bbmiddle\u00bb][vc_column][vc_btn title=\u00bbCOTIZAR\u00bb color=\u00bbdanger\u00bb align=\u00bbcenter\u00bb css_animation=\u00bbzoomInRight\u00bb link=\u00bburl:http%3A%2F%2Fbit.ly%2FAcuarelaTourPeru|||\u00bb][\/vc_column][\/vc_row]","protected":false},"excerpt":{"rendered":"<p>[vc_row][vc_column][vc_column_text] TREKKING CA\u00d1\u00d3N DEL COLCA \u2022 \u00a0Duraci\u00f3n: 3 d\u00edas Iniciamos temprano por la ma\u00f1ana, pasando por la reserva nacional de Salinas\u00a0se observa a las vicu\u00f1as y llamas, luego se llega&#8230;<\/p>\n","protected":false},"author":1,"featured_media":0,"parent":0,"menu_order":0,"comment_status":"closed","ping_status":"closed","template":"","meta":{"_acf_changed":false,"footnotes":""},"class_list":["post-3530","page","type-page","status-publish","hentry"],"acf":[],"_links":{"self":[{"href":"https:\/\/acuarelatourperu.com\/es\/wp-json\/wp\/v2\/pages\/3530","targetHints":{"allow":["GET"]}}],"collection":[{"href":"https:\/\/acuarelatourperu.com\/es\/wp-json\/wp\/v2\/pages"}],"about":[{"href":"https:\/\/acuarelatourperu.com\/es\/wp-json\/wp\/v2\/types\/page"}],"author":[{"embeddable":true,"href":"https:\/\/acuarelatourperu.com\/es\/wp-json\/wp\/v2\/users\/1"}],"replies":[{"embeddable":true,"href":"https:\/\/acuarelatourperu.com\/es\/wp-json\/wp\/v2\/comments?post=3530"}],"version-history":[{"count":9,"href":"https:\/\/acuarelatourperu.com\/es\/wp-json\/wp\/v2\/pages\/3530\/revisions"}],"predecessor-version":[{"id":4627,"href":"https:\/\/acuarelatourperu.com\/es\/wp-json\/wp\/v2\/pages\/3530\/revisions\/4627"}],"wp:attachment":[{"href":"https:\/\/acuarelatourperu.com\/es\/wp-json\/wp\/v2\/media?parent=3530"}],"curies":[{"name":"wp","href":"https:\/\/api.w.org\/{rel}","templated":true}]}}